{"id":24475,"date":"2013-10-16T12:05:38","date_gmt":"2013-10-16T12:05:38","guid":{"rendered":"https:\/\/metsauhistu.ee\/kontaktid\/"},"modified":"2025-10-10T04:49:10","modified_gmt":"2025-10-10T02:49:10","slug":"contacts","status":"publish","type":"page","link":"https:\/\/metsauhistu.ee\/en\/contacts\/","title":{"rendered":"Contacts"},"content":{"rendered":"\n<div style=\"height:30px\" aria-hidden=\"true\" class=\"wp-block-spacer\"><\/div>\n\n\n\n<div class=\"wp-block-group padding-lg\"><div class=\"wp-block-group__inner-container is-layout-flow wp-block-group-is-layout-flow\">\n<h1 class=\"wp-block-heading\">Contacts of Metsa\u00fchistu and local forest associations<\/h1>\n<\/div><\/div>\n\n\n\n<div style=\"height:20px\" aria-hidden=\"true\" class=\"wp-block-spacer\"><\/div>\n\n\n\n<div class=\"wp-block-group kontakt-kaart-kaks\"><div class=\"wp-block-group__inner-container is-layout-flow wp-block-group-is-layout-flow\">\n<div class=\"wp-block-columns has-3-columns is-layout-flex wp-container-core-columns-is-layout-1 wp-block-columns-is-layout-flex\">\n<div class=\"wp-block-column is-layout-flow wp-block-column-is-layout-flow\">\n<figure class=\"wp-block-image size-medium is-resized\"><img loading=\"lazy\" decoding=\"async\" width=\"787\" height=\"84\" src=\"https:\/\/metsauhistu.ee\/wp-content\/uploads\/2025\/04\/keskeesti-metsauhistu-vooremaa-metsauhistu-logow-1.svg\" alt=\"Kesk-Eesti Metsa\u00fchistu\" class=\"wp-image-42088\" style=\"width:300px;height:31px\"\/><\/figure>\n\n\n\n<p><strong>Kesk-Eesti Metsa\u00fchistu MT\u00dc<\/strong><\/p>\n\n\n\n<p>Aleksandri 8, Tartu<br>+372 5388 4999<br><strong><a href=\"mailto:keskeesti@metsauhistu.ee\">keskeesti@metsauhistu.ee<\/a><br><a href=\"http:\/\/keskeesti.metsauhistu.ee\" target=\"_blank\" rel=\"noreferrer noopener\">keskeesti.metsauhistu.ee<\/a><br><a href=\"https:\/\/www.facebook.com\/pohjaeestimetsauhistu\" target=\"_blank\" rel=\"noreferrer noopener\"><strong><\/strong><\/a><strong><a href=\"https:\/\/www.facebook.com\/keskeesti.metsauhistu\" target=\"_blank\" rel=\"noreferrer noopener\">facebook.com\/keskeesti.metsauhistu<\/a><\/strong><br><\/strong><\/p>\n<\/div>\n\n\n\n<div class=\"wp-block-column is-layout-flow wp-block-column-is-layout-flow\">\n<figure class=\"wp-block-image size-full is-resized\"><img decoding=\"async\" src=\"https:\/\/metsauhistu.ee\/wp-content\/uploads\/2025\/05\/Loode-eesti-metsauhist-logo-1.svg\" alt=\"\" class=\"wp-image-42104\" style=\"width:300px;height:32px\"\/><\/figure>\n\n\n\n<p><strong>Loode-Eesti Metsa\u00fchistu MT\u00dc<\/strong><\/p>\n\n\n\n<p>Tallinna mnt 78, Uuem\u00f5isa, Haapsalu<br>+372 5348 3252<br><strong><a href=\"mailto:loode-eesti@metsauhistu.ee\">loode-eesti@metsauhistu.ee<\/a><br><a href=\"http:\/\/laanemaa.metsauhistu.ee\">loode-eesti.metsauhistu.ee<\/a><\/strong><br><strong><a href=\"https:\/\/www.facebook.com\/loodeeestimetsauhistu\" target=\"_blank\" rel=\"noreferrer noopener\">facebook.com\/loodeeestimaametsauhistu<\/a><\/strong><\/p>\n<\/div>\n<\/div>\n\n\n\n<div class=\"wp-block-columns has-3-columns is-layout-flex wp-container-core-columns-is-layout-2 wp-block-columns-is-layout-flex\">\n<div class=\"wp-block-column is-layout-flow wp-block-column-is-layout-flow\">\n<figure class=\"wp-block-image size-large is-resized\"><img decoding=\"async\" src=\"http:\/\/metsauhistu.ee\/wp-content\/uploads\/2020\/07\/MU\u0308_Po\u0303lvamaa_logo_colour.svg\" alt=\"\" class=\"wp-image-19143\" style=\"width:300px;height:33px\"\/><\/figure>\n\n\n\n<p><strong>P\u00f5lvamaa Metsa\u00fchistu MT\u00dc<\/strong><\/p>\n\n\n\n<p>Kase 2, P\u00f5lva<br>+372 799 2515<br><strong><a href=\"mailto:polvamaa@metsauhistu.ee\">polvamaa@metsauhistu.ee<\/a><a href=\"mailto:\"><br><\/a><a href=\"https:\/\/polvamaa.metsauhistu.ee\">polvamaa.metsauhistu.ee<\/a><a href=\"http:\/\/rakvere.metsauhistu.ee\"><br><\/a><a href=\"http:\/\/p\u00f5hikiri\"><\/a><a href=\"https:\/\/www.facebook.com\/polvamaa.metsauhistu\" target=\"_blank\" rel=\"noreferrer noopener\">facebook.com\/polvamaa.metsauhistu<\/a><\/strong><\/p>\n<\/div>\n\n\n\n<div class=\"wp-block-column is-layout-flow wp-block-column-is-layout-flow\">\n<figure class=\"wp-block-image size-large is-resized\"><img decoding=\"async\" src=\"http:\/\/metsauhistu.ee\/wp-content\/uploads\/2020\/07\/MU\u0308_Rakvere_logo_colour.svg\" alt=\"Rakvere Metsa\u00fchistu\" class=\"wp-image-19148\" style=\"width:300px;height:35px\"\/><\/figure>\n\n\n\n<p><strong>Rakvere Metsa\u00fchistu T\u00dc<\/strong><\/p>\n\n\n\n<p>Laada 20, Rakvere<br>+372 322 7845<br><strong><a href=\"mailto:rakvere@metsauhistu.ee\">rakvere@metsauhistu.ee<\/a><br><a href=\"http:\/\/rakvere.metsauhistu.ee\">rakvere.metsauhistu.ee<\/a><\/strong><\/p>\n<\/div>\n<\/div>\n<\/div><\/div>\n\n\n\n<div class=\"wp-block-group kontakt-kaart-kaks\"><div class=\"wp-block-group__inner-container is-layout-flow wp-block-group-is-layout-flow\">\n<div class=\"wp-block-columns has-3-columns is-layout-flex wp-container-core-columns-is-layout-3 wp-block-columns-is-layout-flex\">\n<div class=\"wp-block-column is-layout-flow wp-block-column-is-layout-flow\">\n<figure class=\"wp-block-image size-large is-resized\"><img decoding=\"async\" src=\"http:\/\/metsauhistu.ee\/wp-content\/uploads\/2020\/07\/MU\u0308_Valgamaa_logo_colour.svg\" alt=\"\" class=\"wp-image-20071\" style=\"width:300px;height:33px\"\/><\/figure>\n\n\n\n<p><strong>Valgamaa Metsa\u00fchistu MT\u00dc<\/strong><\/p>\n\n\n\n<p>Jaama pst 12, Valga<br>+372 5649 3197 \/ +372 5624 7325<br><strong><a href=\"mailto:valgamaa@metsauhistu.ee\">valgamaa@metsauhistu.ee<\/a><br><a href=\"http:\/\/valgamaa.metsauhistu.ee\">valgamaa.metsauhistu.ee<\/a><\/strong><\/p>\n<\/div>\n\n\n\n<div class=\"wp-block-column is-layout-flow wp-block-column-is-layout-flow\">\n<figure class=\"wp-block-image size-full is-resized\"><img decoding=\"async\" src=\"http:\/\/metsauhistu.ee\/wp-content\/uploads\/2020\/07\/MU\u0308_Virumaa_logo_colour.svg\" alt=\"\" class=\"wp-image-20067\" style=\"width:300px;height:35px\"\/><\/figure>\n\n\n\n<p><strong>Virumaa Metsa\u00fchistu MT\u00dc<\/strong><\/p>\n\n\n\n<p>Rakvere 27, J\u00f5hvi<br>+372 5664 0645<br><strong><a href=\"mailto:virumaa@metsauhistu.ee\">virumaa@metsauhistu.ee<\/a><br><a href=\"http:\/\/virumaa.metsauhistu.ee\">virumaa.metsauhistu.ee<\/a><\/strong><br><a href=\"https:\/\/www.facebook.com\/virumaa.metsauhistu\" target=\"_blank\" aria-label=\"undefined (opens in a new tab)\" rel=\"noreferrer noopener\"><strong>facebook.com\/virumaa.metsauhistu<\/strong><\/a><\/p>\n<\/div>\n<\/div>\n\n\n\n<div class=\"wp-block-columns has-3-columns is-layout-flex wp-container-core-columns-is-layout-4 wp-block-columns-is-layout-flex\">\n<div class=\"wp-block-column is-layout-flow wp-block-column-is-layout-flow\">\n<figure class=\"wp-block-image size-large is-resized\"><img decoding=\"async\" src=\"http:\/\/metsauhistu.ee\/wp-content\/uploads\/2020\/11\/vorumaa-metsauhistu-logo.svg\" alt=\"\" class=\"wp-image-21030\" style=\"width:300px;height:34px\"\/><\/figure>\n\n\n\n<p><strong>V\u00f5rumaa Metsa\u00fchistu MT\u00dc<\/strong><\/p>\n\n\n\n<p>Pikk 4, V\u00f5ru<br>+372 522 9424<br><strong><a href=\"mailto:vorumaa@metsauhistu.ee\">vorumaa@metsauhistu.ee<\/a><br><a href=\"http:\/\/vorumaa.metsauhistu.ee\">vorumaa.metsauhistu.ee<\/a><\/strong><br><a href=\"http:\/\/facebook.com\/vorumaa.metsauhistu\" target=\"_blank\" aria-label=\"undefined (opens in a new tab)\" rel=\"noreferrer noopener\"><strong>facebook.com\/vorumaa.metsauhistu<\/strong><\/a><\/p>\n<\/div>\n\n\n\n<div class=\"wp-block-column is-layout-flow wp-block-column-is-layout-flow\"><\/div>\n<\/div>\n<\/div><\/div>\n\n\n\n<div style=\"height:40px\" aria-hidden=\"true\" class=\"wp-block-spacer\"><\/div>\n\n\n\n<div class=\"wp-block-group kontakt-google-maps padding-xl has-white-background-color has-background\"><div class=\"wp-block-group__inner-container is-layout-flow wp-block-group-is-layout-flow\">\n<div class=\"wp-block-columns is-layout-flex wp-container-core-columns-is-layout-5 wp-block-columns-is-layout-flex\">\n<div class=\"wp-block-column is-layout-flow wp-block-column-is-layout-flow\" style=\"flex-basis:40%\">\n<div style=\"height:30px\" aria-hidden=\"true\" class=\"wp-block-spacer\"><\/div>\n\n\n\n<figure class=\"wp-block-image size-large is-resized\"><img decoding=\"async\" src=\"http:\/\/metsauhistu.ee\/wp-content\/uploads\/2020\/06\/whitelogo-2.svg\" alt=\"\" class=\"wp-image-18810\" style=\"width:225px;height:41px\"\/><\/figure>\n\n\n\n<p><strong>Kesk\u00fchistu Eramets T\u00dc<\/strong><\/p>\n\n\n\n<p>Kase 2, P\u00f5lva<br>+372 5300 3334<strong><br><a href=\"mailto:metsauhistu@metsauhistu.ee\">metsauhistu@metsauhistu.ee<\/a><\/strong><br><strong><a href=\"http:\/\/facebook.com\/metsauhistu\">facebook.com\/metsauhistu<\/a><\/strong><\/p>\n\n\n\n<div style=\"height:20px\" aria-hidden=\"true\" class=\"wp-block-spacer\"><\/div>\n\n\n\n<p>Registry code: 11676976<br>KMKR No: EE101309862<br>LHV: EE617700771002678109<\/p>\n<\/div>\n\n\n\n<div class=\"wp-block-column is-layout-flow wp-block-column-is-layout-flow\"><style>\n    .google-maps-init {\n        display: block;\n        width: 100%;\n        height: 40rem;\n    }\n<\/style>\n<div class=\"gmaps\">\n    <div id=\"google_maps_69dcbc2a41b37\" class=\"google-maps-init\"><\/div>\n<\/div>\n<script>\n    (function () {\n        if (document.readyState === 'complete') {\n            initMap();\n        }\n\n        const interval = setInterval(function () {\n            if (document.readyState === 'complete') {\n                clearInterval(interval);\n                initMap();\n            }\n        }, 100);\n\n        function initMap() {\n            GoogleMapsLoader.init(function () {\n                const mapEl     = document.getElementById('google_maps_69dcbc2a41b37');\n                const x         = 58.064993;\n                const y         = 27.069615;\n                const mapCenter = new google.maps.LatLng(x, y);\n                const map       = new google.maps.Map(mapEl, {\n                    center: mapCenter,\n                    disableDefaultUI: true,\n                    zoomControl: true,\n                    fullscreenControl: true,\n                    zoom: 16,\n                    styles: [\n                        {\n                            \"elementType\": \"labels.icon\",\n                            \"stylers\": [\n                                {\n                                    \"visibility\": \"off\"\n                                }\n                            ]\n                        },\n                    ]\n                });\n\n                new google.maps.Marker({\n                    position: mapCenter,\n                    map: map,\n                    disableDefaultUI: true,\n                    icon: {\n                        \/\/todo: vaheta see v\u00e4lja peale LIVE panekut.\n                        url: '\/wp-content\/themes\/metsauhistu\/dist\/images\/pin.svg',\n                        origin: new google.maps.Point(0, 0)\n                    },\n                });\n            });\n        }\n    })();\n<\/script>\n\n<\/div>\n<\/div>\n<\/div><\/div>\n\n\n\n<div class=\"wp-block-columns contacts is-layout-flex wp-container-core-columns-is-layout-6 wp-block-columns-is-layout-flex\">\n<div class=\"wp-block-column is-layout-flow wp-block-column-is-layout-flow\">\n<div class=\"wp-block-group kontakti-kaart\"><div class=\"wp-block-group__inner-container is-layout-flow wp-block-group-is-layout-flow\">\n<figure class=\"wp-block-image size-full\"><img loading=\"lazy\" decoding=\"async\" width=\"892\" height=\"594\" src=\"https:\/\/metsauhistu.ee\/wp-content\/uploads\/2025\/07\/rainer-laigu-metsauhistu.jpg\" alt=\"Rainer Valgu. Metsa\u00fchistu\" class=\"wp-image-42472\" srcset=\"https:\/\/metsauhistu.ee\/wp-content\/uploads\/2025\/07\/rainer-laigu-metsauhistu.jpg 892w, https:\/\/metsauhistu.ee\/wp-content\/uploads\/2025\/07\/rainer-laigu-metsauhistu-300x200.jpg 300w, https:\/\/metsauhistu.ee\/wp-content\/uploads\/2025\/07\/rainer-laigu-metsauhistu-768x511.jpg 768w\" sizes=\"(max-width: 892px) 100vw, 892px\" \/><\/figure>\n\n\n\n<h4 class=\"wp-block-heading\">Rainer Laigu<\/h4>\n\n\n\n<p class=\"has-small-font-size\"><em>Board Member<br>Management &amp; Communications<\/em><\/p>\n\n\n\n<p>+372 510 1411<\/p>\n\n\n\n<p><strong><strong><a href=\"mailto:kalle.pold@metsauhistu.ee\"><strong><\/strong><\/a><strong><a href=\"mailto:rainer.laigu@metsauhistu.ee\">rainer.laigu@metsauhistu.ee<\/a><\/strong><\/strong><\/strong><\/p>\n<\/div><\/div>\n<\/div>\n\n\n\n<div class=\"wp-block-column is-layout-flow wp-block-column-is-layout-flow\">\n<div class=\"wp-block-group kontakti-kaart\"><div class=\"wp-block-group__inner-container is-layout-flow wp-block-group-is-layout-flow\">\n<figure class=\"wp-block-image size-full\"><img loading=\"lazy\" decoding=\"async\" width=\"892\" height=\"594\" src=\"https:\/\/metsauhistu.ee\/wp-content\/uploads\/2025\/07\/atso-adson-metsauhistu.jpg\" alt=\"Atso Adson. Metsa\u00fchistu\" class=\"wp-image-42470\" srcset=\"https:\/\/metsauhistu.ee\/wp-content\/uploads\/2025\/07\/atso-adson-metsauhistu.jpg 892w, https:\/\/metsauhistu.ee\/wp-content\/uploads\/2025\/07\/atso-adson-metsauhistu-300x200.jpg 300w, https:\/\/metsauhistu.ee\/wp-content\/uploads\/2025\/07\/atso-adson-metsauhistu-768x511.jpg 768w\" sizes=\"(max-width: 892px) 100vw, 892px\" \/><\/figure>\n\n\n\n<h4 class=\"wp-block-heading\">Atso Adson<\/h4>\n\n\n\n<p class=\"has-small-font-size\"><em>Board Member<br>Planting &amp; seedlings<\/em><\/p>\n\n\n\n<p>+372 5649 3197<\/p>\n\n\n\n<p><strong><a href=\"mailto:atso.adson@metsauhistu.ee\">atso.adson@metsauhistu.ee<\/a><\/strong><\/p>\n<\/div><\/div>\n<\/div>\n\n\n\n<div class=\"wp-block-column is-layout-flow wp-block-column-is-layout-flow\">\n<div class=\"wp-block-group kontakti-kaart\"><div class=\"wp-block-group__inner-container is-layout-flow wp-block-group-is-layout-flow\">\n<figure class=\"wp-block-image size-full\"><img loading=\"lazy\" decoding=\"async\" width=\"892\" height=\"594\" src=\"https:\/\/metsauhistu.ee\/wp-content\/uploads\/2025\/07\/aarne-volkov-metsauhistu.jpg\" alt=\"Aarne Volkov. Metsa\u00fchistu\" class=\"wp-image-42468\" srcset=\"https:\/\/metsauhistu.ee\/wp-content\/uploads\/2025\/07\/aarne-volkov-metsauhistu.jpg 892w, https:\/\/metsauhistu.ee\/wp-content\/uploads\/2025\/07\/aarne-volkov-metsauhistu-300x200.jpg 300w, https:\/\/metsauhistu.ee\/wp-content\/uploads\/2025\/07\/aarne-volkov-metsauhistu-768x511.jpg 768w\" sizes=\"(max-width: 892px) 100vw, 892px\" \/><\/figure>\n\n\n\n<h4 class=\"wp-block-heading\">Aarne Volkov<\/h4>\n\n\n\n<p class=\"has-small-font-size\"><em>Board Member<br>Timber sales<\/em><\/p>\n\n\n\n<p>+372 529 9841<\/p>\n\n\n\n<p><strong><strong><a href=\"mailto:tarmo.lees@metsauhistu.ee\"><strong><\/strong><\/a><strong><a href=\"mailto:aarne.volkov@metsauhistu.ee\">aarne.volkov@metsauhistu.ee<\/a><\/strong><\/strong><\/strong><\/p>\n<\/div><\/div>\n<\/div>\n<\/div>\n\n\n\n<div style=\"height:70px\" aria-hidden=\"true\" class=\"wp-block-spacer\"><\/div>\n","protected":false},"excerpt":{"rendered":"<p>Contacts of Metsa\u00fchistu and local forest associations Kesk-Eesti Metsa\u00fchistu MT\u00dc Aleksandri 8, Tartu+372 5388 4999keskeesti@metsauhistu.eekeskeesti.metsauhistu.eefacebook.com\/keskeesti.metsauhistu Loode-Eesti Metsa\u00fchistu MT\u00dc Tallinna mnt 78, Uuem\u00f5isa, Haapsalu+372 5348 3252loode-eesti@metsauhistu.eeloode-eesti.metsauhistu.eefacebook.com\/loodeeestimaametsauhistu P\u00f5lvamaa Metsa\u00fchistu MT\u00dc Kase 2, P\u00f5lva+372 799 2515polvamaa@metsauhistu.eepolvamaa.metsauhistu.eefacebook.com\/polvamaa.metsauhistu Rakvere Metsa\u00fchistu T\u00dc Laada 20, Rakvere+372 322 7845rakvere@metsauhistu.eerakvere.metsauhistu.ee Valgamaa Metsa\u00fchistu MT\u00dc Jaama pst 12, Valga+372 5649 3197 \/ +372 5624 7325valgamaa@metsauhistu.eevalgamaa.metsauhistu.ee Virumaa &hellip; <a href=\"https:\/\/metsauhistu.ee\/en\/contacts\/\">J\u00e4tkub<\/a><\/p>\n","protected":false},"author":2,"featured_media":0,"parent":0,"menu_order":160,"comment_status":"open","ping_status":"open","template":"full-width.php","meta":{"inline_featured_image":false,"_lmt_disableupdate":"no","_lmt_disable":"","_themeisle_gutenberg_block_has_review":false,"footnotes":""},"class_list":["post-24475","page","type-page","status-publish","hentry"],"acf":{"post_custom_id":"kontaktid","image":false,"peida_otsingus":false},"yoast_head":"<!-- This site is optimized with the Yoast SEO plugin v23.3 - https:\/\/yoast.com\/wordpress\/plugins\/seo\/ -->\n<title>Contacts - Metsa\u00fchistu<\/title>\n<meta name=\"robots\" content=\"index, follow, max-snippet:-1, max-image-preview:large, max-video-preview:-1\" \/>\n<link rel=\"canonical\" href=\"https:\/\/metsauhistu.ee\/en\/contacts\/\" \/>\n<meta property=\"og:locale\" content=\"en_US\" \/>\n<meta property=\"og:type\" content=\"article\" \/>\n<meta property=\"og:title\" content=\"Contacts - Metsa\u00fchistu\" \/>\n<meta property=\"og:description\" content=\"Contacts of Metsa\u00fchistu and local forest associations Kesk-Eesti Metsa\u00fchistu MT\u00dc Aleksandri 8, Tartu+372 5388 4999keskeesti@metsauhistu.eekeskeesti.metsauhistu.eefacebook.com\/keskeesti.metsauhistu Loode-Eesti Metsa\u00fchistu MT\u00dc Tallinna mnt 78, Uuem\u00f5isa, Haapsalu+372 5348 3252loode-eesti@metsauhistu.eeloode-eesti.metsauhistu.eefacebook.com\/loodeeestimaametsauhistu P\u00f5lvamaa Metsa\u00fchistu MT\u00dc Kase 2, P\u00f5lva+372 799 2515polvamaa@metsauhistu.eepolvamaa.metsauhistu.eefacebook.com\/polvamaa.metsauhistu Rakvere Metsa\u00fchistu T\u00dc Laada 20, Rakvere+372 322 7845rakvere@metsauhistu.eerakvere.metsauhistu.ee Valgamaa Metsa\u00fchistu MT\u00dc Jaama pst 12, Valga+372 5649 3197 \/ +372 5624 7325valgamaa@metsauhistu.eevalgamaa.metsauhistu.ee Virumaa &hellip; J\u00e4tkub\" \/>\n<meta property=\"og:url\" content=\"https:\/\/metsauhistu.ee\/en\/contacts\/\" \/>\n<meta property=\"og:site_name\" content=\"Metsa\u00fchistu\" \/>\n<meta property=\"article:publisher\" content=\"https:\/\/www.facebook.com\/metsauhistu\" \/>\n<meta property=\"article:modified_time\" content=\"2025-10-10T02:49:10+00:00\" \/>\n<meta property=\"og:image\" content=\"https:\/\/metsauhistu.ee\/wp-content\/uploads\/2025\/04\/keskeesti-metsauhistu-vooremaa-metsauhistu-logow-1.svg\" \/>\n<meta name=\"twitter:card\" content=\"summary_large_image\" \/>\n<meta name=\"twitter:label1\" content=\"Est. reading time\" \/>\n\t<meta name=\"twitter:data1\" content=\"4 minutes\" \/>\n<script type=\"application\/ld+json\" class=\"yoast-schema-graph\">{\"@context\":\"https:\/\/schema.org\",\"@graph\":[{\"@type\":\"WebPage\",\"@id\":\"https:\/\/metsauhistu.ee\/en\/contacts\/\",\"url\":\"https:\/\/metsauhistu.ee\/en\/contacts\/\",\"name\":\"Contacts - Metsa\u00fchistu\",\"isPartOf\":{\"@id\":\"https:\/\/metsauhistu.ee\/en\/#website\"},\"primaryImageOfPage\":{\"@id\":\"https:\/\/metsauhistu.ee\/en\/contacts\/#primaryimage\"},\"image\":{\"@id\":\"https:\/\/metsauhistu.ee\/en\/contacts\/#primaryimage\"},\"thumbnailUrl\":\"https:\/\/metsauhistu.ee\/wp-content\/uploads\/2025\/04\/keskeesti-metsauhistu-vooremaa-metsauhistu-logow-1.svg\",\"datePublished\":\"2013-10-16T12:05:38+00:00\",\"dateModified\":\"2025-10-10T02:49:10+00:00\",\"breadcrumb\":{\"@id\":\"https:\/\/metsauhistu.ee\/en\/contacts\/#breadcrumb\"},\"inLanguage\":\"en-US\",\"potentialAction\":[{\"@type\":\"ReadAction\",\"target\":[\"https:\/\/metsauhistu.ee\/en\/contacts\/\"]}]},{\"@type\":\"ImageObject\",\"inLanguage\":\"en-US\",\"@id\":\"https:\/\/metsauhistu.ee\/en\/contacts\/#primaryimage\",\"url\":\"https:\/\/metsauhistu.ee\/wp-content\/uploads\/2025\/04\/keskeesti-metsauhistu-vooremaa-metsauhistu-logow-1.svg\",\"contentUrl\":\"https:\/\/metsauhistu.ee\/wp-content\/uploads\/2025\/04\/keskeesti-metsauhistu-vooremaa-metsauhistu-logow-1.svg\"},{\"@type\":\"BreadcrumbList\",\"@id\":\"https:\/\/metsauhistu.ee\/en\/contacts\/#breadcrumb\",\"itemListElement\":[{\"@type\":\"ListItem\",\"position\":1,\"name\":\"Home\",\"item\":\"https:\/\/metsauhistu.ee\/en\/\"},{\"@type\":\"ListItem\",\"position\":2,\"name\":\"Contacts\"}]},{\"@type\":\"WebSite\",\"@id\":\"https:\/\/metsauhistu.ee\/en\/#website\",\"url\":\"https:\/\/metsauhistu.ee\/en\/\",\"name\":\"Metsa\u00fchistu\",\"description\":\"Majandame metsa \u00fcheskoos vastutustundlikult\",\"publisher\":{\"@id\":\"https:\/\/metsauhistu.ee\/en\/#organization\"},\"potentialAction\":[{\"@type\":\"SearchAction\",\"target\":{\"@type\":\"EntryPoint\",\"urlTemplate\":\"https:\/\/metsauhistu.ee\/en\/?s={search_term_string}\"},\"query-input\":\"required name=search_term_string\"}],\"inLanguage\":\"en-US\"},{\"@type\":\"Organization\",\"@id\":\"https:\/\/metsauhistu.ee\/en\/#organization\",\"name\":\"Metsa\u00fchistu\",\"url\":\"https:\/\/metsauhistu.ee\/en\/\",\"logo\":{\"@type\":\"ImageObject\",\"inLanguage\":\"en-US\",\"@id\":\"https:\/\/metsauhistu.ee\/en\/#\/schema\/logo\/image\/\",\"url\":\"https:\/\/metsauhistu.ee\/wp-content\/uploads\/2024\/07\/MU_logo_colour.png\",\"contentUrl\":\"https:\/\/metsauhistu.ee\/wp-content\/uploads\/2024\/07\/MU_logo_colour.png\",\"width\":995,\"height\":196,\"caption\":\"Metsa\u00fchistu\"},\"image\":{\"@id\":\"https:\/\/metsauhistu.ee\/en\/#\/schema\/logo\/image\/\"},\"sameAs\":[\"https:\/\/www.facebook.com\/metsauhistu\",\"https:\/\/www.instagram.com\/metsauhistu\/\",\"https:\/\/www.youtube.com\/@metsauhistu6878\"]}]}<\/script>\n<!-- \/ Yoast SEO plugin. -->","yoast_head_json":{"title":"Contacts - Metsa\u00fchistu","robots":{"index":"index","follow":"follow","max-snippet":"max-snippet:-1","max-image-preview":"max-image-preview:large","max-video-preview":"max-video-preview:-1"},"canonical":"https:\/\/metsauhistu.ee\/en\/contacts\/","og_locale":"en_US","og_type":"article","og_title":"Contacts - Metsa\u00fchistu","og_description":"Contacts of Metsa\u00fchistu and local forest associations Kesk-Eesti Metsa\u00fchistu MT\u00dc Aleksandri 8, Tartu+372 5388 4999keskeesti@metsauhistu.eekeskeesti.metsauhistu.eefacebook.com\/keskeesti.metsauhistu Loode-Eesti Metsa\u00fchistu MT\u00dc Tallinna mnt 78, Uuem\u00f5isa, Haapsalu+372 5348 3252loode-eesti@metsauhistu.eeloode-eesti.metsauhistu.eefacebook.com\/loodeeestimaametsauhistu P\u00f5lvamaa Metsa\u00fchistu MT\u00dc Kase 2, P\u00f5lva+372 799 2515polvamaa@metsauhistu.eepolvamaa.metsauhistu.eefacebook.com\/polvamaa.metsauhistu Rakvere Metsa\u00fchistu T\u00dc Laada 20, Rakvere+372 322 7845rakvere@metsauhistu.eerakvere.metsauhistu.ee Valgamaa Metsa\u00fchistu MT\u00dc Jaama pst 12, Valga+372 5649 3197 \/ +372 5624 7325valgamaa@metsauhistu.eevalgamaa.metsauhistu.ee Virumaa &hellip; J\u00e4tkub","og_url":"https:\/\/metsauhistu.ee\/en\/contacts\/","og_site_name":"Metsa\u00fchistu","article_publisher":"https:\/\/www.facebook.com\/metsauhistu","article_modified_time":"2025-10-10T02:49:10+00:00","og_image":[{"url":"https:\/\/metsauhistu.ee\/wp-content\/uploads\/2025\/04\/keskeesti-metsauhistu-vooremaa-metsauhistu-logow-1.svg"}],"twitter_card":"summary_large_image","twitter_misc":{"Est. reading time":"4 minutes"},"schema":{"@context":"https:\/\/schema.org","@graph":[{"@type":"WebPage","@id":"https:\/\/metsauhistu.ee\/en\/contacts\/","url":"https:\/\/metsauhistu.ee\/en\/contacts\/","name":"Contacts - Metsa\u00fchistu","isPartOf":{"@id":"https:\/\/metsauhistu.ee\/en\/#website"},"primaryImageOfPage":{"@id":"https:\/\/metsauhistu.ee\/en\/contacts\/#primaryimage"},"image":{"@id":"https:\/\/metsauhistu.ee\/en\/contacts\/#primaryimage"},"thumbnailUrl":"https:\/\/metsauhistu.ee\/wp-content\/uploads\/2025\/04\/keskeesti-metsauhistu-vooremaa-metsauhistu-logow-1.svg","datePublished":"2013-10-16T12:05:38+00:00","dateModified":"2025-10-10T02:49:10+00:00","breadcrumb":{"@id":"https:\/\/metsauhistu.ee\/en\/contacts\/#breadcrumb"},"inLanguage":"en-US","potentialAction":[{"@type":"ReadAction","target":["https:\/\/metsauhistu.ee\/en\/contacts\/"]}]},{"@type":"ImageObject","inLanguage":"en-US","@id":"https:\/\/metsauhistu.ee\/en\/contacts\/#primaryimage","url":"https:\/\/metsauhistu.ee\/wp-content\/uploads\/2025\/04\/keskeesti-metsauhistu-vooremaa-metsauhistu-logow-1.svg","contentUrl":"https:\/\/metsauhistu.ee\/wp-content\/uploads\/2025\/04\/keskeesti-metsauhistu-vooremaa-metsauhistu-logow-1.svg"},{"@type":"BreadcrumbList","@id":"https:\/\/metsauhistu.ee\/en\/contacts\/#breadcrumb","itemListElement":[{"@type":"ListItem","position":1,"name":"Home","item":"https:\/\/metsauhistu.ee\/en\/"},{"@type":"ListItem","position":2,"name":"Contacts"}]},{"@type":"WebSite","@id":"https:\/\/metsauhistu.ee\/en\/#website","url":"https:\/\/metsauhistu.ee\/en\/","name":"Metsa\u00fchistu","description":"Majandame metsa \u00fcheskoos vastutustundlikult","publisher":{"@id":"https:\/\/metsauhistu.ee\/en\/#organization"},"potentialAction":[{"@type":"SearchAction","target":{"@type":"EntryPoint","urlTemplate":"https:\/\/metsauhistu.ee\/en\/?s={search_term_string}"},"query-input":"required name=search_term_string"}],"inLanguage":"en-US"},{"@type":"Organization","@id":"https:\/\/metsauhistu.ee\/en\/#organization","name":"Metsa\u00fchistu","url":"https:\/\/metsauhistu.ee\/en\/","logo":{"@type":"ImageObject","inLanguage":"en-US","@id":"https:\/\/metsauhistu.ee\/en\/#\/schema\/logo\/image\/","url":"https:\/\/metsauhistu.ee\/wp-content\/uploads\/2024\/07\/MU_logo_colour.png","contentUrl":"https:\/\/metsauhistu.ee\/wp-content\/uploads\/2024\/07\/MU_logo_colour.png","width":995,"height":196,"caption":"Metsa\u00fchistu"},"image":{"@id":"https:\/\/metsauhistu.ee\/en\/#\/schema\/logo\/image\/"},"sameAs":["https:\/\/www.facebook.com\/metsauhistu","https:\/\/www.instagram.com\/metsauhistu\/","https:\/\/www.youtube.com\/@metsauhistu6878"]}]}},"_links":{"self":[{"href":"https:\/\/metsauhistu.ee\/en\/wp-json\/wp\/v2\/pages\/24475"}],"collection":[{"href":"https:\/\/metsauhistu.ee\/en\/wp-json\/wp\/v2\/pages"}],"about":[{"href":"https:\/\/metsauhistu.ee\/en\/wp-json\/wp\/v2\/types\/page"}],"author":[{"embeddable":true,"href":"https:\/\/metsauhistu.ee\/en\/wp-json\/wp\/v2\/users\/2"}],"replies":[{"embeddable":true,"href":"https:\/\/metsauhistu.ee\/en\/wp-json\/wp\/v2\/comments?post=24475"}],"version-history":[{"count":16,"href":"https:\/\/metsauhistu.ee\/en\/wp-json\/wp\/v2\/pages\/24475\/revisions"}],"predecessor-version":[{"id":42691,"href":"https:\/\/metsauhistu.ee\/en\/wp-json\/wp\/v2\/pages\/24475\/revisions\/42691"}],"wp:attachment":[{"href":"https:\/\/metsauhistu.ee\/en\/wp-json\/wp\/v2\/media?parent=24475"}],"curies":[{"name":"wp","href":"https:\/\/api.w.org\/{rel}","templated":true}]}}