{"id":24483,"date":"2014-03-28T10:11:36","date_gmt":"2014-03-28T10:11:36","guid":{"rendered":"https:\/\/metsauhistu.ee\/avaleht\/"},"modified":"2025-06-27T10:41:36","modified_gmt":"2025-06-27T08:41:36","slug":"avaleht","status":"publish","type":"page","link":"https:\/\/metsauhistu.ee\/en\/","title":{"rendered":"Home"},"content":{"rendered":"\n<div style=\"height:36px\" aria-hidden=\"true\" class=\"wp-block-spacer\"><\/div>\n\n\n\n<h2 class=\"wp-block-heading has-text-align-center\">We are always there for you and your forest<\/h2>\n\n\n\n<div style=\"height:36px\" aria-hidden=\"true\" class=\"wp-block-spacer\"><\/div>\n\n\n\n<p class=\"has-text-align-center\">Forest Owners\u2019 Associations are set up by forest owners to help you find answers. We support better management of private forests \u2013 our employees will keep an eye on your forest, inform you about opportunities to apply for subsidies, help you organise your forest work, and take care of all the paperwork. We know the laws and we follow them. Together we are better stewards.<\/p>\n\n\n\n<div style=\"height:36px\" aria-hidden=\"true\" class=\"wp-block-spacer\"><\/div>\n\n\n\n<div class=\"wp-block-group fourblocks\"><div class=\"wp-block-group__inner-container is-layout-flow wp-block-group-is-layout-flow\">\n<div class=\"wp-block-columns is-layout-flex wp-container-core-columns-is-layout-1 wp-block-columns-is-layout-flex\">\n<div class=\"wp-block-column is-layout-flow wp-block-column-is-layout-flow\">\n<figure class=\"wp-block-image size-thumbnail is-resized\"><img decoding=\"async\" src=\"http:\/\/metsauhistu.ee\/wp-content\/uploads\/2020\/06\/mark1.svg\" alt=\"\" class=\"wp-image-18358\" style=\"width:50px;height:50px\"\/><\/figure>\n\n\n\n<h4 class=\"wp-block-heading\">ORGANISATION<\/h4>\n\n\n\n<p>Advisory services<br>Workshops<br>Forest Management Plan<br>Forest subsidies<\/p>\n<\/div>\n\n\n\n<div class=\"wp-block-column is-layout-flow wp-block-column-is-layout-flow\">\n<figure class=\"wp-block-image size-large is-resized\"><img decoding=\"async\" src=\"http:\/\/metsauhistu.ee\/wp-content\/uploads\/2020\/06\/mark2.svg\" alt=\"\" class=\"wp-image-18359\" style=\"width:50px;height:50px\"\/><\/figure>\n\n\n\n<h4 class=\"wp-block-heading\">USE<\/h4>\n\n\n\n<p>Harvesting and timber sales<br>Harvesting right auctions<br>Forest property auctions<\/p>\n<\/div>\n\n\n\n<div class=\"wp-block-column is-layout-flow wp-block-column-is-layout-flow\">\n<figure class=\"wp-block-image size-large is-resized\"><img decoding=\"async\" src=\"http:\/\/metsauhistu.ee\/wp-content\/uploads\/2020\/06\/mark3.svg\" alt=\"\" class=\"wp-image-18360\" style=\"width:50px;height:50px\"\/><\/figure>\n\n\n\n<h4 class=\"wp-block-heading\">REFORESTATION<\/h4>\n\n\n\n<p>Reforestation<br>Soil preparation<br>Planting material<br>Forest maintenance<\/p>\n<\/div>\n\n\n\n<div class=\"wp-block-column is-layout-flow wp-block-column-is-layout-flow\">\n<figure class=\"wp-block-image size-large is-resized\"><img decoding=\"async\" src=\"http:\/\/metsauhistu.ee\/wp-content\/uploads\/2020\/06\/mark4.svg\" alt=\"\" class=\"wp-image-18361\" style=\"width:50px;height:50px\"\/><\/figure>\n\n\n\n<h4 class=\"wp-block-heading\">PROTECTION<\/h4>\n\n\n\n<p>Forest protection<br>Legal services<br>Participation in policy-making<\/p>\n<\/div>\n<\/div>\n<\/div><\/div>\n\n\n\n<div class=\"wp-block-buttons text-center is-layout-flex wp-block-buttons-is-layout-flex\">\n<div class=\"wp-block-button\"><a class=\"wp-block-button__link has-white-color has-brand-secondary-background-color has-text-color has-background wp-element-button\" href=\"https:\/\/metsauhistu.ee\/services\/?lang=en\">See our services<\/a><\/div>\n<\/div>\n\n\n\n<div style=\"height:36px\" aria-hidden=\"true\" class=\"wp-block-spacer\"><\/div>\n\n\n<div id=\"counter-block_4ec0108859da968c359e77d8b404377b\"\n     class=\"countr alignfull\">\n\n\n\t            <div class=\"d-flex inner\">\n\n\t\t\t\t                    <div class=\"item\">\n\n\t\t\t\t\t\t\n                            <div class=\"number counter\">\n\t\t\t\t\t\t\t\t7                            <\/div>\n\t\t\t\t\t\t\t\t\t\t\t\t                            <div class=\"tekst\">\n\t\t\t\t\t\t\t\tlocal forest associations                            <\/div>\n\t\t\t\t\t\t                    <\/div>\n\t\t\t\t                    <div class=\"item\">\n\n\t\t\t\t\t\t\n                            <div class=\"number counter\">\n\t\t\t\t\t\t\t\t7,200                            <\/div>\n\t\t\t\t\t\t\t\t\t\t\t\t                            <div class=\"tekst\">\n\t\t\t\t\t\t\t\tmembers                            <\/div>\n\t\t\t\t\t\t                    <\/div>\n\t\t\t\t                    <div class=\"item\">\n\n\t\t\t\t\t\t\n                            <div class=\"number counter\">\n\t\t\t\t\t\t\t\t167,975                            <\/div>\n\t\t\t\t\t\t\t\t\t\t\t\t                            <div class=\"tekst\">\n\t\t\t\t\t\t\t\thectares of forest                            <\/div>\n\t\t\t\t\t\t                    <\/div>\n\t\t\t\t            <\/div>\n\t\t\n\n<\/div>\n\n<script>\n\n    jQuery('.counter').counterUp({\n        delay: 10,\n        time: 1000,\n        formatter: function (n) {\n            return n.replace(\/,\/g, ' ');\n        }\n    });\n<\/script>\n\n\n\n<div class=\"wp-block-cover alignfull no-mt alati-olemas\"><span aria-hidden=\"true\" class=\"wp-block-cover__background has-background-dim-0 has-background-dim\"><\/span><img loading=\"lazy\" decoding=\"async\" width=\"1400\" height=\"605\" class=\"wp-block-cover__image-background wp-image-18332\" alt=\"\" src=\"http:\/\/metsauhistu.ee\/wp-content\/uploads\/2020\/06\/esi.jpg\" data-object-fit=\"cover\" srcset=\"https:\/\/metsauhistu.ee\/wp-content\/uploads\/2020\/06\/esi.jpg 1400w, https:\/\/metsauhistu.ee\/wp-content\/uploads\/2020\/06\/esi-300x130.jpg 300w, https:\/\/metsauhistu.ee\/wp-content\/uploads\/2020\/06\/esi-1024x443.jpg 1024w, https:\/\/metsauhistu.ee\/wp-content\/uploads\/2020\/06\/esi-768x332.jpg 768w\" sizes=\"(max-width: 1400px) 100vw, 1400px\" \/><div class=\"wp-block-cover__inner-container is-layout-flow wp-block-cover-is-layout-flow\">\n<h2 class=\"wp-block-heading has-text-align-center\"><strong>Join Metsa\u00fchistu<\/strong><\/h2>\n\n\n\n<p class=\"has-text-align-center\">The name and brand of Metsa\u00fchistu brings together honest local forest owners&#8217; associations who have joined forces to take care of your forest in the best possible way, no matter the location of the forest. Find a local forest owner association for your forest and join us.<\/p>\n\n\n\n<p class=\"has-text-align-center has-white-color has-text-color\"><a href=\"http:\/\/metsauhistu.ee\/miks-liituda-metsauhistuga\"><strong><span style=\"text-decoration: underline;\">7 reasons why You should join Metsa\u00fchistu<\/span><\/strong><\/a><\/p>\n\n\n\n<br><div class=\"wp-block-button text-center\"><a href=\"https:\/\/metsauhistu.ee\/contacts\/?lang=en\" class=\"wp-block-button__link has-text-color has-white-color has-background has-brand-primary-background-color\">Join us<\/a><\/div>\n\n\n\n<p><\/p>\n<\/div><\/div>\n\n\n\n<div style=\"height:40px\" aria-hidden=\"true\" class=\"wp-block-spacer\"><\/div>\n\n\n\n<div class=\"wp-block-group text-left-img-right-minus kevadine\"><div class=\"wp-block-group__inner-container is-layout-flow wp-block-group-is-layout-flow\">\n<div class=\"wp-block-columns is-layout-flex wp-container-core-columns-is-layout-2 wp-block-columns-is-layout-flex\">\n<div class=\"wp-block-column is-vertically-aligned-center is-layout-flow wp-block-column-is-layout-flow\">\n<div class=\"wp-block-group\"><div class=\"wp-block-group__inner-container is-layout-flow wp-block-group-is-layout-flow\">\n<h2 class=\"wp-block-heading\">Forestry calender<\/h2>\n\n\n\n<div class=\"aastaringitutvustus\">\n    <div class=\"inner\">\n\n        \n\t\t\t\t\t\n\n            <div class=\"right-side\">\n                <div class=\"inn\">\n\t\t\t\t\t\n\n\t\t\t\t\t\n\n\t\t\t\t\t\n\n\t\t\t\t\t                                <div class=\"sisu\">\n\t\t\t\t\t\t\t\t\t<h4 class=\"has-brand-primary-color has-text-color\">APRIL-MAY<\/h4>\n<p>It&#8217;s the time of spring reforestation.\u00a0But if you are planning to plant this autumn, now is the time to order soil preparation from Metsa\u00fchistu and think about what seedlings you may need and in what quantities.<\/p>\n                                <\/div>\n\t\t\t\t\t\t\t\n\n\t\t\t\t\t\n\n\t\t\t\t\t\n\n\t\t\t\t\t\n\n\t\t\t\t\t\n\n\t\t\t\t\t\n\n\t\t\t\t\t\n\n\t\t\t\t\t\n\n\t\t\t\t\t\n\n\t\t\t\t\t                <\/div>\n            <\/div>\n\n\t\t\n    <\/div>\n<\/div>\n\n\n\n<\/div><\/div>\n\n\n\n<div style=\"height:40px\" aria-hidden=\"true\" class=\"wp-block-spacer\"><\/div>\n\n\n\n<div class=\"wp-block-buttons is-layout-flex wp-block-buttons-is-layout-flex\">\n<div class=\"wp-block-button\"><a class=\"wp-block-button__link has-white-color has-brand-secondary-background-color has-text-color has-background wp-element-button\" href=\"https:\/\/metsauhistu.ee\/calendar-of-forestry-activities\/?lang=en\">Check forestry calender<\/a><\/div>\n<\/div>\n<\/div>\n\n\n\n<div class=\"wp-block-column right-side is-layout-flow wp-block-column-is-layout-flow\">\n<figure class=\"wp-block-image size-large\"><img loading=\"lazy\" decoding=\"async\" width=\"700\" height=\"500\" src=\"http:\/\/metsauhistu.ee\/wp-content\/uploads\/2020\/07\/metsatoode-kalender-metsauhistu-700x500-1.jpg\" alt=\"\" class=\"wp-image-19938\" srcset=\"https:\/\/metsauhistu.ee\/wp-content\/uploads\/2020\/07\/metsatoode-kalender-metsauhistu-700x500-1.jpg 700w, https:\/\/metsauhistu.ee\/wp-content\/uploads\/2020\/07\/metsatoode-kalender-metsauhistu-700x500-1-300x214.jpg 300w\" sizes=\"(max-width: 700px) 100vw, 700px\" \/><\/figure>\n\n\n\n<p><\/p>\n<\/div>\n<\/div>\n<\/div><\/div>\n\n\n\n<div style=\"height:25px\" aria-hidden=\"true\" class=\"wp-block-spacer\"><\/div>\n\n\n\n<div class=\"wp-block-group alignfull has-white-background-color has-background\"><div class=\"wp-block-group__inner-container is-layout-flow wp-block-group-is-layout-flow\"><\/div><\/div>\n\n\n\n<p><\/p>\n","protected":false},"excerpt":{"rendered":"<p>We are always there for you and your forest Forest Owners\u2019 Associations are set up by forest owners to help you find answers. We support better management of private forests \u2013 our employees will keep an eye on your forest, inform you about opportunities to apply for subsidies, help you organise your forest work, and &hellip; <a href=\"https:\/\/metsauhistu.ee\/en\/\">J\u00e4tkub<\/a><\/p>\n","protected":false},"author":2,"featured_media":0,"parent":0,"menu_order":165,"comment_status":"open","ping_status":"open","template":"home.php","meta":{"inline_featured_image":false,"_lmt_disableupdate":"no","_lmt_disable":"","_themeisle_gutenberg_block_has_review":false,"footnotes":""},"class_list":["post-24483","page","type-page","status-publish","hentry"],"acf":{"post_custom_id":"","image":false,"peida_otsingus":false},"yoast_head":"<!-- This site is optimized with the Yoast SEO plugin v23.3 - https:\/\/yoast.com\/wordpress\/plugins\/seo\/ -->\n<title>Metsa\u00fchistu - Sinu ja Sinu metsa jaoks alati olemas<\/title>\n<meta name=\"description\" content=\"Metsa\u00fchistud on loodud metsaomanike poolt selleks, et hoida sinu metsal silma peal, teavitavad toetuste taotlemise v\u00f5imalustest, aidata metsat\u00f6id korraldada\" \/>\n<meta name=\"robots\" content=\"index, follow, max-snippet:-1, max-image-preview:large, max-video-preview:-1\" \/>\n<link rel=\"canonical\" href=\"https:\/\/metsauhistu.ee\/en\/\" \/>\n<meta property=\"og:locale\" content=\"en_US\" \/>\n<meta property=\"og:type\" content=\"article\" \/>\n<meta property=\"og:title\" content=\"Metsa\u00fchistu - Sinu ja Sinu metsa jaoks alati olemas\" \/>\n<meta property=\"og:description\" content=\"Metsa\u00fchistud on loodud metsaomanike poolt selleks, et hoida sinu metsal silma peal, teavitavad toetuste taotlemise v\u00f5imalustest, aidata metsat\u00f6id korraldada\" \/>\n<meta property=\"og:url\" content=\"https:\/\/metsauhistu.ee\/en\/\" \/>\n<meta property=\"og:site_name\" content=\"Metsa\u00fchistu\" \/>\n<meta property=\"article:publisher\" content=\"https:\/\/www.facebook.com\/metsauhistu\" \/>\n<meta property=\"article:modified_time\" content=\"2025-06-27T08:41:36+00:00\" \/>\n<meta property=\"og:image\" content=\"http:\/\/metsauhistu.ee\/wp-content\/uploads\/2020\/06\/mark1.svg\" \/>\n<meta name=\"twitter:card\" content=\"summary_large_image\" \/>\n<meta name=\"twitter:label1\" content=\"Est. reading time\" \/>\n\t<meta name=\"twitter:data1\" content=\"3 minutes\" \/>\n<script type=\"application\/ld+json\" class=\"yoast-schema-graph\">{\"@context\":\"https:\/\/schema.org\",\"@graph\":[{\"@type\":\"WebPage\",\"@id\":\"https:\/\/metsauhistu.ee\/en\/\",\"url\":\"https:\/\/metsauhistu.ee\/en\/\",\"name\":\"Metsa\u00fchistu - Sinu ja Sinu metsa jaoks alati olemas\",\"isPartOf\":{\"@id\":\"https:\/\/metsauhistu.ee\/en\/#website\"},\"primaryImageOfPage\":{\"@id\":\"https:\/\/metsauhistu.ee\/en\/#primaryimage\"},\"image\":{\"@id\":\"https:\/\/metsauhistu.ee\/en\/#primaryimage\"},\"thumbnailUrl\":\"http:\/\/metsauhistu.ee\/wp-content\/uploads\/2020\/06\/mark1.svg\",\"datePublished\":\"2014-03-28T10:11:36+00:00\",\"dateModified\":\"2025-06-27T08:41:36+00:00\",\"description\":\"Metsa\u00fchistud on loodud metsaomanike poolt selleks, et hoida sinu metsal silma peal, teavitavad toetuste taotlemise v\u00f5imalustest, aidata metsat\u00f6id korraldada\",\"breadcrumb\":{\"@id\":\"https:\/\/metsauhistu.ee\/en\/#breadcrumb\"},\"inLanguage\":\"en-US\",\"potentialAction\":[{\"@type\":\"ReadAction\",\"target\":[\"https:\/\/metsauhistu.ee\/en\/\"]}]},{\"@type\":\"ImageObject\",\"inLanguage\":\"en-US\",\"@id\":\"https:\/\/metsauhistu.ee\/en\/#primaryimage\",\"url\":\"http:\/\/metsauhistu.ee\/wp-content\/uploads\/2020\/06\/mark1.svg\",\"contentUrl\":\"http:\/\/metsauhistu.ee\/wp-content\/uploads\/2020\/06\/mark1.svg\"},{\"@type\":\"BreadcrumbList\",\"@id\":\"https:\/\/metsauhistu.ee\/en\/#breadcrumb\",\"itemListElement\":[{\"@type\":\"ListItem\",\"position\":1,\"name\":\"Home\",\"item\":\"https:\/\/metsauhistu.ee\/en\/\"},{\"@type\":\"ListItem\",\"position\":2,\"name\":\"Home\"}]},{\"@type\":\"WebSite\",\"@id\":\"https:\/\/metsauhistu.ee\/en\/#website\",\"url\":\"https:\/\/metsauhistu.ee\/en\/\",\"name\":\"Metsa\u00fchistu\",\"description\":\"Majandame metsa \u00fcheskoos vastutustundlikult\",\"publisher\":{\"@id\":\"https:\/\/metsauhistu.ee\/en\/#organization\"},\"potentialAction\":[{\"@type\":\"SearchAction\",\"target\":{\"@type\":\"EntryPoint\",\"urlTemplate\":\"https:\/\/metsauhistu.ee\/en\/?s={search_term_string}\"},\"query-input\":\"required name=search_term_string\"}],\"inLanguage\":\"en-US\"},{\"@type\":\"Organization\",\"@id\":\"https:\/\/metsauhistu.ee\/en\/#organization\",\"name\":\"Metsa\u00fchistu\",\"url\":\"https:\/\/metsauhistu.ee\/en\/\",\"logo\":{\"@type\":\"ImageObject\",\"inLanguage\":\"en-US\",\"@id\":\"https:\/\/metsauhistu.ee\/en\/#\/schema\/logo\/image\/\",\"url\":\"https:\/\/metsauhistu.ee\/wp-content\/uploads\/2024\/07\/MU_logo_colour.png\",\"contentUrl\":\"https:\/\/metsauhistu.ee\/wp-content\/uploads\/2024\/07\/MU_logo_colour.png\",\"width\":995,\"height\":196,\"caption\":\"Metsa\u00fchistu\"},\"image\":{\"@id\":\"https:\/\/metsauhistu.ee\/en\/#\/schema\/logo\/image\/\"},\"sameAs\":[\"https:\/\/www.facebook.com\/metsauhistu\",\"https:\/\/www.instagram.com\/metsauhistu\/\",\"https:\/\/www.youtube.com\/@metsauhistu6878\"]}]}<\/script>\n<!-- \/ Yoast SEO plugin. -->","yoast_head_json":{"title":"Metsa\u00fchistu - Sinu ja Sinu metsa jaoks alati olemas","description":"Metsa\u00fchistud on loodud metsaomanike poolt selleks, et hoida sinu metsal silma peal, teavitavad toetuste taotlemise v\u00f5imalustest, aidata metsat\u00f6id korraldada","robots":{"index":"index","follow":"follow","max-snippet":"max-snippet:-1","max-image-preview":"max-image-preview:large","max-video-preview":"max-video-preview:-1"},"canonical":"https:\/\/metsauhistu.ee\/en\/","og_locale":"en_US","og_type":"article","og_title":"Metsa\u00fchistu - Sinu ja Sinu metsa jaoks alati olemas","og_description":"Metsa\u00fchistud on loodud metsaomanike poolt selleks, et hoida sinu metsal silma peal, teavitavad toetuste taotlemise v\u00f5imalustest, aidata metsat\u00f6id korraldada","og_url":"https:\/\/metsauhistu.ee\/en\/","og_site_name":"Metsa\u00fchistu","article_publisher":"https:\/\/www.facebook.com\/metsauhistu","article_modified_time":"2025-06-27T08:41:36+00:00","og_image":[{"url":"http:\/\/metsauhistu.ee\/wp-content\/uploads\/2020\/06\/mark1.svg"}],"twitter_card":"summary_large_image","twitter_misc":{"Est. reading time":"3 minutes"},"schema":{"@context":"https:\/\/schema.org","@graph":[{"@type":"WebPage","@id":"https:\/\/metsauhistu.ee\/en\/","url":"https:\/\/metsauhistu.ee\/en\/","name":"Metsa\u00fchistu - Sinu ja Sinu metsa jaoks alati olemas","isPartOf":{"@id":"https:\/\/metsauhistu.ee\/en\/#website"},"primaryImageOfPage":{"@id":"https:\/\/metsauhistu.ee\/en\/#primaryimage"},"image":{"@id":"https:\/\/metsauhistu.ee\/en\/#primaryimage"},"thumbnailUrl":"http:\/\/metsauhistu.ee\/wp-content\/uploads\/2020\/06\/mark1.svg","datePublished":"2014-03-28T10:11:36+00:00","dateModified":"2025-06-27T08:41:36+00:00","description":"Metsa\u00fchistud on loodud metsaomanike poolt selleks, et hoida sinu metsal silma peal, teavitavad toetuste taotlemise v\u00f5imalustest, aidata metsat\u00f6id korraldada","breadcrumb":{"@id":"https:\/\/metsauhistu.ee\/en\/#breadcrumb"},"inLanguage":"en-US","potentialAction":[{"@type":"ReadAction","target":["https:\/\/metsauhistu.ee\/en\/"]}]},{"@type":"ImageObject","inLanguage":"en-US","@id":"https:\/\/metsauhistu.ee\/en\/#primaryimage","url":"http:\/\/metsauhistu.ee\/wp-content\/uploads\/2020\/06\/mark1.svg","contentUrl":"http:\/\/metsauhistu.ee\/wp-content\/uploads\/2020\/06\/mark1.svg"},{"@type":"BreadcrumbList","@id":"https:\/\/metsauhistu.ee\/en\/#breadcrumb","itemListElement":[{"@type":"ListItem","position":1,"name":"Home","item":"https:\/\/metsauhistu.ee\/en\/"},{"@type":"ListItem","position":2,"name":"Home"}]},{"@type":"WebSite","@id":"https:\/\/metsauhistu.ee\/en\/#website","url":"https:\/\/metsauhistu.ee\/en\/","name":"Metsa\u00fchistu","description":"Majandame metsa \u00fcheskoos vastutustundlikult","publisher":{"@id":"https:\/\/metsauhistu.ee\/en\/#organization"},"potentialAction":[{"@type":"SearchAction","target":{"@type":"EntryPoint","urlTemplate":"https:\/\/metsauhistu.ee\/en\/?s={search_term_string}"},"query-input":"required name=search_term_string"}],"inLanguage":"en-US"},{"@type":"Organization","@id":"https:\/\/metsauhistu.ee\/en\/#organization","name":"Metsa\u00fchistu","url":"https:\/\/metsauhistu.ee\/en\/","logo":{"@type":"ImageObject","inLanguage":"en-US","@id":"https:\/\/metsauhistu.ee\/en\/#\/schema\/logo\/image\/","url":"https:\/\/metsauhistu.ee\/wp-content\/uploads\/2024\/07\/MU_logo_colour.png","contentUrl":"https:\/\/metsauhistu.ee\/wp-content\/uploads\/2024\/07\/MU_logo_colour.png","width":995,"height":196,"caption":"Metsa\u00fchistu"},"image":{"@id":"https:\/\/metsauhistu.ee\/en\/#\/schema\/logo\/image\/"},"sameAs":["https:\/\/www.facebook.com\/metsauhistu","https:\/\/www.instagram.com\/metsauhistu\/","https:\/\/www.youtube.com\/@metsauhistu6878"]}]}},"_links":{"self":[{"href":"https:\/\/metsauhistu.ee\/en\/wp-json\/wp\/v2\/pages\/24483"}],"collection":[{"href":"https:\/\/metsauhistu.ee\/en\/wp-json\/wp\/v2\/pages"}],"about":[{"href":"https:\/\/metsauhistu.ee\/en\/wp-json\/wp\/v2\/types\/page"}],"author":[{"embeddable":true,"href":"https:\/\/metsauhistu.ee\/en\/wp-json\/wp\/v2\/users\/2"}],"replies":[{"embeddable":true,"href":"https:\/\/metsauhistu.ee\/en\/wp-json\/wp\/v2\/comments?post=24483"}],"version-history":[{"count":21,"href":"https:\/\/metsauhistu.ee\/en\/wp-json\/wp\/v2\/pages\/24483\/revisions"}],"predecessor-version":[{"id":42461,"href":"https:\/\/metsauhistu.ee\/en\/wp-json\/wp\/v2\/pages\/24483\/revisions\/42461"}],"wp:attachment":[{"href":"https:\/\/metsauhistu.ee\/en\/wp-json\/wp\/v2\/media?parent=24483"}],"curies":[{"name":"wp","href":"https:\/\/api.w.org\/{rel}","templated":true}]}}