{"id":24491,"date":"2020-07-15T12:31:52","date_gmt":"2020-07-15T10:31:52","guid":{"rendered":"https:\/\/metsauhistu.ee\/metsandustoetused\/"},"modified":"2025-04-03T03:31:38","modified_gmt":"2025-04-03T01:31:38","slug":"forestry-subsidies","status":"publish","type":"page","link":"https:\/\/metsauhistu.ee\/en\/forestry-subsidies\/","title":{"rendered":"Forestry subsidies"},"content":{"rendered":"\n<p>As a private forest owner, you can apply for various subsidies to carry out a range of forestry works. We advise you on the application process for subsidies: we let you know when to apply for different types of subsidies and help you fill in the necessary documents.<\/p>\n\n\n\n<p>As a member of Metsa\u00fchistu, you also have an advantage when applying for subsidies. Many subsidies can only be applied for through the local forest owners&#8217; association, and Metsa\u00fchistu will do it for you.<\/p>\n\n\n\n<div style=\"height:20px\" aria-hidden=\"true\" class=\"wp-block-spacer\"><\/div>\n\n\n\n<h2 class=\"wp-block-heading\">Forestry subsidies calendar 2025<\/h2>\n\n\n\n<figure class=\"wp-block-table is-style-stripes\"><table><thead><tr><th class=\"has-text-align-left\" data-align=\"left\"><strong>Subsidy<\/strong><\/th><th class=\"has-text-align-left\" data-align=\"left\"><strong>Subsidy amount<\/strong><\/th><th class=\"has-text-align-left\" data-align=\"left\">Application deadline<\/th><\/tr><\/thead><tbody><tr><td class=\"has-text-align-left\" data-align=\"left\">Forest inventory subsidy<\/td><td class=\"has-text-align-left\" data-align=\"left\">Up to 10 \u20ac\/ha<\/td><td class=\"has-text-align-left\" data-align=\"left\"><\/td><\/tr><tr><td class=\"has-text-align-left\" data-align=\"left\">Reforestation subsidy<\/td><td class=\"has-text-align-left\" data-align=\"left\">Soil preparation up to 96 \u20ac\/ha<br>Acquisition and planting of forestry plants up to 400 \u20ac\/ha<br>Maintenance of forest regeneration up to 96 \u20ac\/ha<\/td><td class=\"has-text-align-left\" data-align=\"left\"><\/td><\/tr><tr><td class=\"has-text-align-left\" data-align=\"left\">Forest Measure<\/td><td class=\"has-text-align-left\" data-align=\"left\">To be announced<\/td><td class=\"has-text-align-left\" data-align=\"left\"><\/td><\/tr><tr><td class=\"has-text-align-left\" data-align=\"left\">Support for nature conservation restrictions<\/td><td class=\"has-text-align-left\" data-align=\"left\">In a forest habitat located in a Natura 2000 special management zone, a Natura 2000 limited management zone or a special conservation area, in an area designed to be a Natura 2000 special management zone, or in a special management zone outside a Natura 2000 area: 160 euros\/ha<br>In a limited management zone or special management zone in a Natura 2000 area where there is no forest habitat, and in an area designed to be a limited management zone or a special conservation area outside Natura areas: up to 60 euros\/ha<\/td><td class=\"has-text-align-left\" data-align=\"left\">4 &#8211; 30 April<\/td><\/tr><tr><td class=\"has-text-align-left\" data-align=\"left\">Support for forest land improvement<\/td><td class=\"has-text-align-left\" data-align=\"left\">Depends on the object and the volume of works<\/td><td class=\"has-text-align-left\" data-align=\"left\"><\/td><\/tr><tr><td class=\"has-text-align-left\" data-align=\"left\">Support for heritage conservation<\/td><td class=\"has-text-align-left\" data-align=\"left\">Up to \u20ac3,196<\/td><td class=\"has-text-align-left\" data-align=\"left\"><\/td><\/tr><tr><td class=\"has-text-align-left\" data-align=\"left\"><strong>NEW! <\/strong>Prevention of bark-beetle damage<\/td><td class=\"has-text-align-left\" data-align=\"left\">Use of trap trees 500 \u20ac\/cadastral unit<br>Purchase and installation of pheromone traps 40 \u20ac\/set of pheromone traps<br>Repair of fresh storm damage 500 \u20ac\/cadastral unit<\/td><td class=\"has-text-align-left\" data-align=\"left\"><\/td><\/tr><\/tbody><\/table><\/figure>\n","protected":false},"excerpt":{"rendered":"<p>As a private forest owner, you can apply for various subsidies to carry out a range of forestry works. We advise you on the application process for subsidies: we let you know when to apply for different types of subsidies and help you fill in the necessary documents. As a member of Metsa\u00fchistu, you also &hellip; <a href=\"https:\/\/metsauhistu.ee\/en\/forestry-subsidies\/\">J\u00e4tkub<\/a><\/p>\n","protected":false},"author":1,"featured_media":0,"parent":0,"menu_order":86,"comment_status":"closed","ping_status":"closed","template":"","meta":{"inline_featured_image":false,"_lmt_disableupdate":"no","_lmt_disable":"","_themeisle_gutenberg_block_has_review":false,"footnotes":""},"class_list":["post-24491","page","type-page","status-publish","hentry"],"acf":{"post_custom_id":"","image":"https:\/\/metsauhistu.ee\/wp-content\/uploads\/2020\/07\/metsandustoetused-teenused-metsauhistu.jpg","peida_otsingus":false},"yoast_head":"<!-- This site is optimized with the Yoast SEO plugin v23.3 - https:\/\/yoast.com\/wordpress\/plugins\/seo\/ -->\n<title>Forestry subsidies - Metsa\u00fchistu<\/title>\n<meta name=\"description\" content=\"Metsat\u00f6\u00f6de tegemiseks saad taotleda erinevaid toetusi. Mitmete toetuste taotlemine k\u00e4ib ainult l\u00e4bi Metsa\u00fchistu ning seda teeb Metsa\u00fchistu Sinu eest.\" \/>\n<meta name=\"robots\" content=\"index, follow, max-snippet:-1, max-image-preview:large, max-video-preview:-1\" \/>\n<link rel=\"canonical\" href=\"https:\/\/metsauhistu.ee\/en\/forestry-subsidies\/\" \/>\n<meta property=\"og:locale\" content=\"en_US\" \/>\n<meta property=\"og:type\" content=\"article\" \/>\n<meta property=\"og:title\" content=\"Forestry subsidies - Metsa\u00fchistu\" \/>\n<meta property=\"og:description\" content=\"Metsat\u00f6\u00f6de tegemiseks saad taotleda erinevaid toetusi. Mitmete toetuste taotlemine k\u00e4ib ainult l\u00e4bi Metsa\u00fchistu ning seda teeb Metsa\u00fchistu Sinu eest.\" \/>\n<meta property=\"og:url\" content=\"https:\/\/metsauhistu.ee\/en\/forestry-subsidies\/\" \/>\n<meta property=\"og:site_name\" content=\"Metsa\u00fchistu\" \/>\n<meta property=\"article:publisher\" content=\"https:\/\/www.facebook.com\/metsauhistu\" \/>\n<meta property=\"article:modified_time\" content=\"2025-04-03T01:31:38+00:00\" \/>\n<meta name=\"twitter:card\" content=\"summary_large_image\" \/>\n<meta name=\"twitter:label1\" content=\"Est. reading time\" \/>\n\t<meta name=\"twitter:data1\" content=\"2 minutes\" \/>\n<script type=\"application\/ld+json\" class=\"yoast-schema-graph\">{\"@context\":\"https:\/\/schema.org\",\"@graph\":[{\"@type\":\"WebPage\",\"@id\":\"https:\/\/metsauhistu.ee\/en\/forestry-subsidies\/\",\"url\":\"https:\/\/metsauhistu.ee\/en\/forestry-subsidies\/\",\"name\":\"Forestry subsidies - Metsa\u00fchistu\",\"isPartOf\":{\"@id\":\"https:\/\/metsauhistu.ee\/en\/#website\"},\"datePublished\":\"2020-07-15T10:31:52+00:00\",\"dateModified\":\"2025-04-03T01:31:38+00:00\",\"description\":\"Metsat\u00f6\u00f6de tegemiseks saad taotleda erinevaid toetusi. Mitmete toetuste taotlemine k\u00e4ib ainult l\u00e4bi Metsa\u00fchistu ning seda teeb Metsa\u00fchistu Sinu eest.\",\"breadcrumb\":{\"@id\":\"https:\/\/metsauhistu.ee\/en\/forestry-subsidies\/#breadcrumb\"},\"inLanguage\":\"en-US\",\"potentialAction\":[{\"@type\":\"ReadAction\",\"target\":[\"https:\/\/metsauhistu.ee\/en\/forestry-subsidies\/\"]}]},{\"@type\":\"BreadcrumbList\",\"@id\":\"https:\/\/metsauhistu.ee\/en\/forestry-subsidies\/#breadcrumb\",\"itemListElement\":[{\"@type\":\"ListItem\",\"position\":1,\"name\":\"Home\",\"item\":\"https:\/\/metsauhistu.ee\/en\/\"},{\"@type\":\"ListItem\",\"position\":2,\"name\":\"Forestry subsidies\"}]},{\"@type\":\"WebSite\",\"@id\":\"https:\/\/metsauhistu.ee\/en\/#website\",\"url\":\"https:\/\/metsauhistu.ee\/en\/\",\"name\":\"Metsa\u00fchistu\",\"description\":\"Majandame metsa \u00fcheskoos vastutustundlikult\",\"publisher\":{\"@id\":\"https:\/\/metsauhistu.ee\/en\/#organization\"},\"potentialAction\":[{\"@type\":\"SearchAction\",\"target\":{\"@type\":\"EntryPoint\",\"urlTemplate\":\"https:\/\/metsauhistu.ee\/en\/?s={search_term_string}\"},\"query-input\":\"required name=search_term_string\"}],\"inLanguage\":\"en-US\"},{\"@type\":\"Organization\",\"@id\":\"https:\/\/metsauhistu.ee\/en\/#organization\",\"name\":\"Metsa\u00fchistu\",\"url\":\"https:\/\/metsauhistu.ee\/en\/\",\"logo\":{\"@type\":\"ImageObject\",\"inLanguage\":\"en-US\",\"@id\":\"https:\/\/metsauhistu.ee\/en\/#\/schema\/logo\/image\/\",\"url\":\"https:\/\/metsauhistu.ee\/wp-content\/uploads\/2024\/07\/MU_logo_colour.png\",\"contentUrl\":\"https:\/\/metsauhistu.ee\/wp-content\/uploads\/2024\/07\/MU_logo_colour.png\",\"width\":995,\"height\":196,\"caption\":\"Metsa\u00fchistu\"},\"image\":{\"@id\":\"https:\/\/metsauhistu.ee\/en\/#\/schema\/logo\/image\/\"},\"sameAs\":[\"https:\/\/www.facebook.com\/metsauhistu\",\"https:\/\/www.instagram.com\/metsauhistu\/\",\"https:\/\/www.youtube.com\/@metsauhistu6878\"]}]}<\/script>\n<!-- \/ Yoast SEO plugin. -->","yoast_head_json":{"title":"Forestry subsidies - Metsa\u00fchistu","description":"Metsat\u00f6\u00f6de tegemiseks saad taotleda erinevaid toetusi. Mitmete toetuste taotlemine k\u00e4ib ainult l\u00e4bi Metsa\u00fchistu ning seda teeb Metsa\u00fchistu Sinu eest.","robots":{"index":"index","follow":"follow","max-snippet":"max-snippet:-1","max-image-preview":"max-image-preview:large","max-video-preview":"max-video-preview:-1"},"canonical":"https:\/\/metsauhistu.ee\/en\/forestry-subsidies\/","og_locale":"en_US","og_type":"article","og_title":"Forestry subsidies - Metsa\u00fchistu","og_description":"Metsat\u00f6\u00f6de tegemiseks saad taotleda erinevaid toetusi. Mitmete toetuste taotlemine k\u00e4ib ainult l\u00e4bi Metsa\u00fchistu ning seda teeb Metsa\u00fchistu Sinu eest.","og_url":"https:\/\/metsauhistu.ee\/en\/forestry-subsidies\/","og_site_name":"Metsa\u00fchistu","article_publisher":"https:\/\/www.facebook.com\/metsauhistu","article_modified_time":"2025-04-03T01:31:38+00:00","twitter_card":"summary_large_image","twitter_misc":{"Est. reading time":"2 minutes"},"schema":{"@context":"https:\/\/schema.org","@graph":[{"@type":"WebPage","@id":"https:\/\/metsauhistu.ee\/en\/forestry-subsidies\/","url":"https:\/\/metsauhistu.ee\/en\/forestry-subsidies\/","name":"Forestry subsidies - Metsa\u00fchistu","isPartOf":{"@id":"https:\/\/metsauhistu.ee\/en\/#website"},"datePublished":"2020-07-15T10:31:52+00:00","dateModified":"2025-04-03T01:31:38+00:00","description":"Metsat\u00f6\u00f6de tegemiseks saad taotleda erinevaid toetusi. Mitmete toetuste taotlemine k\u00e4ib ainult l\u00e4bi Metsa\u00fchistu ning seda teeb Metsa\u00fchistu Sinu eest.","breadcrumb":{"@id":"https:\/\/metsauhistu.ee\/en\/forestry-subsidies\/#breadcrumb"},"inLanguage":"en-US","potentialAction":[{"@type":"ReadAction","target":["https:\/\/metsauhistu.ee\/en\/forestry-subsidies\/"]}]},{"@type":"BreadcrumbList","@id":"https:\/\/metsauhistu.ee\/en\/forestry-subsidies\/#breadcrumb","itemListElement":[{"@type":"ListItem","position":1,"name":"Home","item":"https:\/\/metsauhistu.ee\/en\/"},{"@type":"ListItem","position":2,"name":"Forestry subsidies"}]},{"@type":"WebSite","@id":"https:\/\/metsauhistu.ee\/en\/#website","url":"https:\/\/metsauhistu.ee\/en\/","name":"Metsa\u00fchistu","description":"Majandame metsa \u00fcheskoos vastutustundlikult","publisher":{"@id":"https:\/\/metsauhistu.ee\/en\/#organization"},"potentialAction":[{"@type":"SearchAction","target":{"@type":"EntryPoint","urlTemplate":"https:\/\/metsauhistu.ee\/en\/?s={search_term_string}"},"query-input":"required name=search_term_string"}],"inLanguage":"en-US"},{"@type":"Organization","@id":"https:\/\/metsauhistu.ee\/en\/#organization","name":"Metsa\u00fchistu","url":"https:\/\/metsauhistu.ee\/en\/","logo":{"@type":"ImageObject","inLanguage":"en-US","@id":"https:\/\/metsauhistu.ee\/en\/#\/schema\/logo\/image\/","url":"https:\/\/metsauhistu.ee\/wp-content\/uploads\/2024\/07\/MU_logo_colour.png","contentUrl":"https:\/\/metsauhistu.ee\/wp-content\/uploads\/2024\/07\/MU_logo_colour.png","width":995,"height":196,"caption":"Metsa\u00fchistu"},"image":{"@id":"https:\/\/metsauhistu.ee\/en\/#\/schema\/logo\/image\/"},"sameAs":["https:\/\/www.facebook.com\/metsauhistu","https:\/\/www.instagram.com\/metsauhistu\/","https:\/\/www.youtube.com\/@metsauhistu6878"]}]}},"_links":{"self":[{"href":"https:\/\/metsauhistu.ee\/en\/wp-json\/wp\/v2\/pages\/24491"}],"collection":[{"href":"https:\/\/metsauhistu.ee\/en\/wp-json\/wp\/v2\/pages"}],"about":[{"href":"https:\/\/metsauhistu.ee\/en\/wp-json\/wp\/v2\/types\/page"}],"author":[{"embeddable":true,"href":"https:\/\/metsauhistu.ee\/en\/wp-json\/wp\/v2\/users\/1"}],"replies":[{"embeddable":true,"href":"https:\/\/metsauhistu.ee\/en\/wp-json\/wp\/v2\/comments?post=24491"}],"version-history":[{"count":12,"href":"https:\/\/metsauhistu.ee\/en\/wp-json\/wp\/v2\/pages\/24491\/revisions"}],"predecessor-version":[{"id":42067,"href":"https:\/\/metsauhistu.ee\/en\/wp-json\/wp\/v2\/pages\/24491\/revisions\/42067"}],"wp:attachment":[{"href":"https:\/\/metsauhistu.ee\/en\/wp-json\/wp\/v2\/media?parent=24491"}],"curies":[{"name":"wp","href":"https:\/\/api.w.org\/{rel}","templated":true}]}}