{"id":139,"date":"2023-02-27T16:35:12","date_gmt":"2023-02-27T14:35:12","guid":{"rendered":"https:\/\/metsauhistu.ee\/uuemetsaistutamine\/?page_id=139"},"modified":"2024-08-19T04:39:43","modified_gmt":"2024-08-19T01:39:43","slug":"kontakt","status":"publish","type":"page","link":"https:\/\/metsauhistu.ee\/uuemetsaistutamine\/kontakt\/","title":{"rendered":"Kontakt"},"content":{"rendered":"<div class=\"lazyblock-contact-block-ZJ9Pjg wp-block-lazyblock-contact-block\">\n<section class=\"contact-block\">\n\t<div class=\"contact-block__wrapper\">\n\t\t<div class=\"contact-block__info\">\n\t\t\t<h1>Meie kontaktid<\/h1>\n<p>Kesk\u00fchistu Eramets T\u00dc<br \/>Kase 2, P\u00f5lva<br \/>+372 5300 3334<br \/><a href=\"mailto:metsauhistu@metsauhistu.ee\">metsauhistu@metsauhistu.ee<\/a><br \/>facebook.com\/metsauhistu<br \/><br \/>Registrikood: 11676976<br \/>KMKR: EE101309862<br \/>LHV: EE617700771002678109<\/p>\t\t<\/div>\n\t\t<div class=\"contact-block__form\">\n\t\t\t<h3>Saada meile s\u00f5num!<\/h3>\n\t\t\t\n<div class=\"wpcf7 no-js\" id=\"wpcf7-f158-o1\" lang=\"et\" dir=\"ltr\" data-wpcf7-id=\"158\">\n<div class=\"screen-reader-response\"><p role=\"status\" aria-live=\"polite\" aria-atomic=\"true\"><\/p> <ul><\/ul><\/div>\n<form action=\"\/uuemetsaistutamine\/wp-json\/wp\/v2\/pages\/139#wpcf7-f158-o1\" method=\"post\" class=\"wpcf7-form init\" aria-label=\"Contact form\" novalidate=\"novalidate\" data-status=\"init\">\n<fieldset class=\"hidden-fields-container\"><input type=\"hidden\" name=\"_wpcf7\" value=\"158\" \/><input type=\"hidden\" name=\"_wpcf7_version\" value=\"6.1.2\" \/><input type=\"hidden\" name=\"_wpcf7_locale\" value=\"et\" \/><input type=\"hidden\" name=\"_wpcf7_unit_tag\" value=\"wpcf7-f158-o1\" \/><input type=\"hidden\" name=\"_wpcf7_container_post\" value=\"0\" \/><input type=\"hidden\" name=\"_wpcf7_posted_data_hash\" value=\"\" \/>\n<\/fieldset>\n<div class=\"formrow\">\n\t<div class=\"formitem\">\n\t\t<p><label><span>SINU EES- JA PEREKONNANIMI*<\/span><br \/>\n<span class=\"wpcf7-form-control-wrap\" data-name=\"your-name\"><input size=\"40\" maxlength=\"400\" class=\"wpcf7-form-control wpcf7-text wpcf7-validates-as-required\" aria-required=\"true\" aria-invalid=\"false\" value=\"\" type=\"text\" name=\"your-name\" \/><\/span><\/label>\n\t\t<\/p>\n\t<\/div>\n\t<div class=\"formitem\">\n\t\t<p><label><span>SINU E-POSTI AADRESS*<\/span><br \/>\n<span class=\"wpcf7-form-control-wrap\" data-name=\"your-email\"><input size=\"40\" maxlength=\"400\" class=\"wpcf7-form-control wpcf7-email wpcf7-validates-as-required wpcf7-text wpcf7-validates-as-email\" aria-required=\"true\" aria-invalid=\"false\" value=\"\" type=\"email\" name=\"your-email\" \/><\/span> <\/label>\n\t\t<\/p>\n\t<\/div>\n<\/div>\n<div class=\"formitem\">\n\t<p><label><span>SINU S\u00d5NUM V\u00d5I K\u00dcSIMUS*<\/span><br \/>\n<span class=\"wpcf7-form-control-wrap\" data-name=\"your-message\"><textarea cols=\"40\" rows=\"10\" maxlength=\"2000\" class=\"wpcf7-form-control wpcf7-textarea\" aria-invalid=\"false\" name=\"your-message\"><\/textarea><\/span><\/label><br \/>\n<\/\n\t<\/p>\n<\/div>\n<div class=\"formsubmit\">\n\t<p><input class=\"wpcf7-form-control wpcf7-submit has-spinner btn\" type=\"submit\" value=\"Saada vorm\" \/>\n\t<\/p>\n<\/div><div class=\"wpcf7-response-output\" aria-hidden=\"true\"><\/div>\n<\/form>\n<\/div>\n\t\t<\/div>\n\t<\/div>\n<\/section>\n<\/div>\n\n<div class=\"lazyblock-people-1s8jUe wp-block-lazyblock-people\">\n<section class=\"people\">\n\t<div class=\"l-container l-container--wider\">\n\t\t<div class=\"people__wrapper\">\n\t\t\t\t\t\t\t<div class=\"person-card\" data-sal=\"slide-up\" data-sal-delay=\"50\">\n\t\t\t\t\t<div class=\"person-card__pic\">\n\t\t\t\t\t\t<img decoding=\"async\" src=\"https:\/\/metsauhistu.ee\/uuemetsaistutamine\/wp-content\/uploads\/2023\/03\/tarmo-lees-metsauhistu-istutame-uut-metsa.jpg\" alt=\"\">\n\t\t\t\t\t<\/div>\n\t\t\t\t\t\t\t\t\t\t\t<div class=\"person-card__job\">Juhatuse liige<\/div>\n\t\t\t\t\t\t\t\t\t\t\t\t\t\t\t\t<div class=\"person-card__name\">Tarmo Lees<\/div>\n\t\t\t\t\t\t\t\t\t\t\t\t\t\t\t\t<a href=\"mailto:tarmo.lees@metsauhistu.ee\" class=\"person-card__email\">tarmo.lees@metsauhistu.ee<\/a>\n\t\t\t\t\t\t\t\t\t\t\t\t\t\t\t\t<div class=\"person-card__phone\">+372 5300 3334<\/div>\n\t\t\t\t\t\t\t\t\t<\/div>\n\t\t\t\t\t\t\t<div class=\"person-card\" data-sal=\"slide-up\" data-sal-delay=\"100\">\n\t\t\t\t\t<div class=\"person-card__pic\">\n\t\t\t\t\t\t<img decoding=\"async\" src=\"https:\/\/metsauhistu.ee\/uuemetsaistutamine\/wp-content\/uploads\/2023\/03\/heleri-karo-metsauhistu-istutame-uut-metsa.jpg\" alt=\"\">\n\t\t\t\t\t<\/div>\n\t\t\t\t\t\t\t\t\t\t\t<div class=\"person-card__job\">Turundusjuht<\/div>\n\t\t\t\t\t\t\t\t\t\t\t\t\t\t\t\t<div class=\"person-card__name\">Heleri K\u00e4ro<\/div>\n\t\t\t\t\t\t\t\t\t\t\t\t\t\t\t\t<a href=\"mailto:heleri.karo@metsauhistu.ee\" class=\"person-card__email\">heleri.karo@metsauhistu.ee<\/a>\n\t\t\t\t\t\t\t\t\t\t\t\t\t\t<\/div>\n\t\t\t\t\t<\/div>\n\t<\/div>\n<\/section>\n\n<\/div>","protected":false},"excerpt":{"rendered":"","protected":false},"author":1,"featured_media":0,"parent":0,"menu_order":0,"comment_status":"closed","ping_status":"closed","template":"template-contact.php","meta":{"_acf_changed":false,"footnotes":""},"class_list":["post-139","page","type-page","status-publish","hentry"],"acf":[],"yoast_head":"<!-- This site is optimized with the Yoast SEO plugin v26.1.1 - https:\/\/yoast.com\/wordpress\/plugins\/seo\/ -->\n<title>V\u00f5ta meiega \u00fchendust - Istutame koos uut metsa - Metsa\u00fchistu<\/title>\n<meta name=\"description\" content=\"Kui soovid meiega koost\u00f6\u00f6d teha v\u00f5i Sul on k\u00fcsimusi, v\u00f5ta meiega \u00fchendust. Rajame koos uut metsa ja v\u00e4hendame CO\u2082 jalaj\u00e4lge.\" \/>\n<meta name=\"robots\" content=\"index, follow, max-snippet:-1, max-image-preview:large, max-video-preview:-1\" \/>\n<link rel=\"canonical\" href=\"https:\/\/metsauhistu.ee\/uuemetsaistutamine\/kontakt\/\" \/>\n<meta property=\"og:locale\" content=\"et_EE\" \/>\n<meta property=\"og:type\" content=\"article\" \/>\n<meta property=\"og:title\" content=\"V\u00f5ta meiega \u00fchendust - Istutame koos uut metsa - Metsa\u00fchistu\" \/>\n<meta property=\"og:description\" content=\"Kui soovid meiega koost\u00f6\u00f6d teha v\u00f5i Sul on k\u00fcsimusi, v\u00f5ta meiega \u00fchendust. Rajame koos uut metsa ja v\u00e4hendame CO\u2082 jalaj\u00e4lge.\" \/>\n<meta property=\"og:url\" content=\"https:\/\/metsauhistu.ee\/uuemetsaistutamine\/kontakt\/\" \/>\n<meta property=\"og:site_name\" content=\"Metsa\u00fchistu\" \/>\n<meta property=\"article:publisher\" content=\"https:\/\/www.facebook.com\/metsauhistu\" \/>\n<meta property=\"article:modified_time\" content=\"2024-08-19T01:39:43+00:00\" \/>\n<meta name=\"twitter:card\" content=\"summary_large_image\" \/>\n<script type=\"application\/ld+json\" class=\"yoast-schema-graph\">{\"@context\":\"https:\/\/schema.org\",\"@graph\":[{\"@type\":\"WebPage\",\"@id\":\"https:\/\/metsauhistu.ee\/uuemetsaistutamine\/kontakt\/\",\"url\":\"https:\/\/metsauhistu.ee\/uuemetsaistutamine\/kontakt\/\",\"name\":\"V\u00f5ta meiega \u00fchendust - Istutame koos uut metsa - Metsa\u00fchistu\",\"isPartOf\":{\"@id\":\"https:\/\/metsauhistu.ee\/uuemetsaistutamine\/#website\"},\"datePublished\":\"2023-02-27T14:35:12+00:00\",\"dateModified\":\"2024-08-19T01:39:43+00:00\",\"description\":\"Kui soovid meiega koost\u00f6\u00f6d teha v\u00f5i Sul on k\u00fcsimusi, v\u00f5ta meiega \u00fchendust. Rajame koos uut metsa ja v\u00e4hendame CO\u2082 jalaj\u00e4lge.\",\"breadcrumb\":{\"@id\":\"https:\/\/metsauhistu.ee\/uuemetsaistutamine\/kontakt\/#breadcrumb\"},\"inLanguage\":\"et\",\"potentialAction\":[{\"@type\":\"ReadAction\",\"target\":[\"https:\/\/metsauhistu.ee\/uuemetsaistutamine\/kontakt\/\"]}]},{\"@type\":\"BreadcrumbList\",\"@id\":\"https:\/\/metsauhistu.ee\/uuemetsaistutamine\/kontakt\/#breadcrumb\",\"itemListElement\":[{\"@type\":\"ListItem\",\"position\":1,\"name\":\"Home\",\"item\":\"https:\/\/metsauhistu.ee\/uuemetsaistutamine\/\"},{\"@type\":\"ListItem\",\"position\":2,\"name\":\"Kontakt\"}]},{\"@type\":\"WebSite\",\"@id\":\"https:\/\/metsauhistu.ee\/uuemetsaistutamine\/#website\",\"url\":\"https:\/\/metsauhistu.ee\/uuemetsaistutamine\/\",\"name\":\"Metsa\u00fchistu - Uue metsa istutamine\",\"description\":\"\",\"publisher\":{\"@id\":\"https:\/\/metsauhistu.ee\/uuemetsaistutamine\/#organization\"},\"potentialAction\":[{\"@type\":\"SearchAction\",\"target\":{\"@type\":\"EntryPoint\",\"urlTemplate\":\"https:\/\/metsauhistu.ee\/uuemetsaistutamine\/?s={search_term_string}\"},\"query-input\":{\"@type\":\"PropertyValueSpecification\",\"valueRequired\":true,\"valueName\":\"search_term_string\"}}],\"inLanguage\":\"et\"},{\"@type\":\"Organization\",\"@id\":\"https:\/\/metsauhistu.ee\/uuemetsaistutamine\/#organization\",\"name\":\"Metsa\u00fchistu - Uue metsa istutamine\",\"url\":\"https:\/\/metsauhistu.ee\/uuemetsaistutamine\/\",\"logo\":{\"@type\":\"ImageObject\",\"inLanguage\":\"et\",\"@id\":\"https:\/\/metsauhistu.ee\/uuemetsaistutamine\/#\/schema\/logo\/image\/\",\"url\":\"https:\/\/metsauhistu.ee\/uuemetsaistutamine\/wp-content\/uploads\/2023\/06\/mainlogo.svg\",\"contentUrl\":\"https:\/\/metsauhistu.ee\/uuemetsaistutamine\/wp-content\/uploads\/2023\/06\/mainlogo.svg\",\"width\":310,\"height\":56,\"caption\":\"Metsa\u00fchistu - Uue metsa istutamine\"},\"image\":{\"@id\":\"https:\/\/metsauhistu.ee\/uuemetsaistutamine\/#\/schema\/logo\/image\/\"},\"sameAs\":[\"https:\/\/www.facebook.com\/metsauhistu\",\"https:\/\/www.instagram.com\/metsauhistu\/\",\"https:\/\/www.youtube.com\/channel\/UC79u-jCtX562JWnRxFR26Tw\"]}]}<\/script>\n<!-- \/ Yoast SEO plugin. -->","yoast_head_json":{"title":"V\u00f5ta meiega \u00fchendust - Istutame koos uut metsa - Metsa\u00fchistu","description":"Kui soovid meiega koost\u00f6\u00f6d teha v\u00f5i Sul on k\u00fcsimusi, v\u00f5ta meiega \u00fchendust. Rajame koos uut metsa ja v\u00e4hendame CO\u2082 jalaj\u00e4lge.","robots":{"index":"index","follow":"follow","max-snippet":"max-snippet:-1","max-image-preview":"max-image-preview:large","max-video-preview":"max-video-preview:-1"},"canonical":"https:\/\/metsauhistu.ee\/uuemetsaistutamine\/kontakt\/","og_locale":"et_EE","og_type":"article","og_title":"V\u00f5ta meiega \u00fchendust - Istutame koos uut metsa - Metsa\u00fchistu","og_description":"Kui soovid meiega koost\u00f6\u00f6d teha v\u00f5i Sul on k\u00fcsimusi, v\u00f5ta meiega \u00fchendust. Rajame koos uut metsa ja v\u00e4hendame CO\u2082 jalaj\u00e4lge.","og_url":"https:\/\/metsauhistu.ee\/uuemetsaistutamine\/kontakt\/","og_site_name":"Metsa\u00fchistu","article_publisher":"https:\/\/www.facebook.com\/metsauhistu","article_modified_time":"2024-08-19T01:39:43+00:00","twitter_card":"summary_large_image","schema":{"@context":"https:\/\/schema.org","@graph":[{"@type":"WebPage","@id":"https:\/\/metsauhistu.ee\/uuemetsaistutamine\/kontakt\/","url":"https:\/\/metsauhistu.ee\/uuemetsaistutamine\/kontakt\/","name":"V\u00f5ta meiega \u00fchendust - Istutame koos uut metsa - Metsa\u00fchistu","isPartOf":{"@id":"https:\/\/metsauhistu.ee\/uuemetsaistutamine\/#website"},"datePublished":"2023-02-27T14:35:12+00:00","dateModified":"2024-08-19T01:39:43+00:00","description":"Kui soovid meiega koost\u00f6\u00f6d teha v\u00f5i Sul on k\u00fcsimusi, v\u00f5ta meiega \u00fchendust. Rajame koos uut metsa ja v\u00e4hendame CO\u2082 jalaj\u00e4lge.","breadcrumb":{"@id":"https:\/\/metsauhistu.ee\/uuemetsaistutamine\/kontakt\/#breadcrumb"},"inLanguage":"et","potentialAction":[{"@type":"ReadAction","target":["https:\/\/metsauhistu.ee\/uuemetsaistutamine\/kontakt\/"]}]},{"@type":"BreadcrumbList","@id":"https:\/\/metsauhistu.ee\/uuemetsaistutamine\/kontakt\/#breadcrumb","itemListElement":[{"@type":"ListItem","position":1,"name":"Home","item":"https:\/\/metsauhistu.ee\/uuemetsaistutamine\/"},{"@type":"ListItem","position":2,"name":"Kontakt"}]},{"@type":"WebSite","@id":"https:\/\/metsauhistu.ee\/uuemetsaistutamine\/#website","url":"https:\/\/metsauhistu.ee\/uuemetsaistutamine\/","name":"Metsa\u00fchistu - Uue metsa istutamine","description":"","publisher":{"@id":"https:\/\/metsauhistu.ee\/uuemetsaistutamine\/#organization"},"potentialAction":[{"@type":"SearchAction","target":{"@type":"EntryPoint","urlTemplate":"https:\/\/metsauhistu.ee\/uuemetsaistutamine\/?s={search_term_string}"},"query-input":{"@type":"PropertyValueSpecification","valueRequired":true,"valueName":"search_term_string"}}],"inLanguage":"et"},{"@type":"Organization","@id":"https:\/\/metsauhistu.ee\/uuemetsaistutamine\/#organization","name":"Metsa\u00fchistu - Uue metsa istutamine","url":"https:\/\/metsauhistu.ee\/uuemetsaistutamine\/","logo":{"@type":"ImageObject","inLanguage":"et","@id":"https:\/\/metsauhistu.ee\/uuemetsaistutamine\/#\/schema\/logo\/image\/","url":"https:\/\/metsauhistu.ee\/uuemetsaistutamine\/wp-content\/uploads\/2023\/06\/mainlogo.svg","contentUrl":"https:\/\/metsauhistu.ee\/uuemetsaistutamine\/wp-content\/uploads\/2023\/06\/mainlogo.svg","width":310,"height":56,"caption":"Metsa\u00fchistu - Uue metsa istutamine"},"image":{"@id":"https:\/\/metsauhistu.ee\/uuemetsaistutamine\/#\/schema\/logo\/image\/"},"sameAs":["https:\/\/www.facebook.com\/metsauhistu","https:\/\/www.instagram.com\/metsauhistu\/","https:\/\/www.youtube.com\/channel\/UC79u-jCtX562JWnRxFR26Tw"]}]}},"_links":{"self":[{"href":"https:\/\/metsauhistu.ee\/uuemetsaistutamine\/wp-json\/wp\/v2\/pages\/139","targetHints":{"allow":["GET"]}}],"collection":[{"href":"https:\/\/metsauhistu.ee\/uuemetsaistutamine\/wp-json\/wp\/v2\/pages"}],"about":[{"href":"https:\/\/metsauhistu.ee\/uuemetsaistutamine\/wp-json\/wp\/v2\/types\/page"}],"author":[{"embeddable":true,"href":"https:\/\/metsauhistu.ee\/uuemetsaistutamine\/wp-json\/wp\/v2\/users\/1"}],"replies":[{"embeddable":true,"href":"https:\/\/metsauhistu.ee\/uuemetsaistutamine\/wp-json\/wp\/v2\/comments?post=139"}],"version-history":[{"count":12,"href":"https:\/\/metsauhistu.ee\/uuemetsaistutamine\/wp-json\/wp\/v2\/pages\/139\/revisions"}],"predecessor-version":[{"id":783,"href":"https:\/\/metsauhistu.ee\/uuemetsaistutamine\/wp-json\/wp\/v2\/pages\/139\/revisions\/783"}],"wp:attachment":[{"href":"https:\/\/metsauhistu.ee\/uuemetsaistutamine\/wp-json\/wp\/v2\/media?parent=139"}],"curies":[{"name":"wp","href":"https:\/\/api.w.org\/{rel}","templated":true}]}}