{"id":159,"date":"2023-02-27T18:06:21","date_gmt":"2023-02-27T16:06:21","guid":{"rendered":"https:\/\/metsauhistu.ee\/uuemetsaistutamine\/?page_id=159"},"modified":"2026-01-05T08:05:23","modified_gmt":"2026-01-05T06:05:23","slug":"koostoopartnerid","status":"publish","type":"page","link":"https:\/\/metsauhistu.ee\/uuemetsaistutamine\/koostoopartnerid\/","title":{"rendered":"Koost\u00f6\u00f6partnerid"},"content":{"rendered":"<div class=\"lazyblock-partner-hero-Z2l9caU wp-block-lazyblock-partner-hero\">\n<section class=\"partner-hero\">\n\t<div class=\"l-container\">\n\t\t<div class=\"partner-hero__content\">\n\t\t\t\t\t\t\t<div><h1>Koos panustame Eesti rohep\u00f6\u00f6rdesse<\/h1>\n<p><span class=\" author-d-iz88z86z86za0dz67zz78zz78zz74zz68zjz80zz71z9iz90z8gz90zz85zz67zz83zz79zz75z2hotz89zkesz76zz86zbkz88zz69zkz71zfgcz79za08\">Uue metsa rajamisele aitavad kaasa piirkondlikud metsa\u00fchistud \u00fcle Eesti, kes korraldavad \u00e4ra k\u00f5ik metsat\u00f6\u00f6d ning tegevusluba omavad taimlad, kes varustavad meid vajalike metsataimedega. Tutvu l\u00e4hemalt meie \u00fchistutega ning taimlatega.<\/span><\/p><\/div>\n\t\t\t\t\t<\/div>\n\t\t<div class=\"partner-hero__image\">\n\t\t\t<img decoding=\"async\" src=\"https:\/\/metsauhistu.ee\/uuemetsaistutamine\/wp-content\/uploads\/2023\/03\/ugne-vasyliute-Dag9cv89jb4-unsplash-1.jpg\" alt=\"\">\n\t\t<\/div>\n\t<\/div>\n<\/section>\n<\/div>\n\n<div class=\"lazyblock-partners-Z1378dC wp-block-lazyblock-partners\">\n<section class=\"partners\">\n\t<div class=\"l-container l-container--wider\">\n\t\t\t\t\t<h2 class=\"partners__title\">Piirkondlikud metsa\u00fchistud igas Eestimaa nurgas<\/h2>\n\t\t\t\t\t\t<div class=\"partners__wrapper\">\n\t\t\t\t\t\t\t<div class=\"partner\" data-sal=\"slide-up\" data-sal-delay=\"50\">\n\t\t\t\t\t\t\t\t\t\t\t<div class=\"partner__name\">Kesk-Eesti Metsa\u00fchistu<\/div>\n\t\t\t\t\t\n\t\t\t\t\t\t\t\t\t\t\t<div class=\"partner__area\">J\u00e4rvamaa, J\u00f5gevamaa, Tartumaa, Viljandimaa<\/div>\n\t\t\t\t\t\t\t\t\t\t\n\t\t\t\t\t\t\t\t\t\t\t<div class=\"partner__phone\">+372 5388 4999<\/div>\n\t\t\t\t\t\t\t\t\t\t\t\t\t\t\t\t<a href=\"mailto:keskeesti@metsauhistu.ee\" class=\"partner__email\">keskeesti@metsauhistu.ee<\/a>\n\t\t\t\t\t\t\t\t\t\t\n\t\t\t\t<\/div>\n\t\t\t\t\t\t\t<div class=\"partner\" data-sal=\"slide-up\" data-sal-delay=\"100\">\n\t\t\t\t\t\t\t\t\t\t\t<div class=\"partner__name\">Loode-Eesti Metsa\u00fchistu<\/div>\n\t\t\t\t\t\n\t\t\t\t\t\t\t\t\t\t\t<div class=\"partner__area\">Harjumaa, J\u00e4rvamaa, Raplamaa, L\u00e4\u00e4nemaa<\/div>\n\t\t\t\t\t\t\t\t\t\t\n\t\t\t\t\t\t\t\t\t\t\t<div class=\"partner__phone\">+372 5348 3252<\/div>\n\t\t\t\t\t\t\t\t\t\t\t\t\t\t\t\t<a href=\"mailto:loode-eesti@metsauhistu.ee\" class=\"partner__email\">loode-eesti@metsauhistu.ee<\/a>\n\t\t\t\t\t\t\t\t\t\t\n\t\t\t\t<\/div>\n\t\t\t\t\t\t\t<div class=\"partner\" data-sal=\"slide-up\" data-sal-delay=\"150\">\n\t\t\t\t\t\t\t\t\t\t\t<div class=\"partner__name\">P\u00f5lvamaa Metsa\u00fchistu<\/div>\n\t\t\t\t\t\n\t\t\t\t\t\t\t\t\t\t\t<div class=\"partner__area\">P\u00f5lvamaa, Valgamaa, V\u00f5rumaa<\/div>\n\t\t\t\t\t\t\t\t\t\t\n\t\t\t\t\t\t\t\t\t\t\t<div class=\"partner__phone\">+372 799 2515<\/div>\n\t\t\t\t\t\t\t\t\t\t\t\t\t\t\t\t<a href=\"mailto:polvamaa@metsauhistu.ee\" class=\"partner__email\">polvamaa@metsauhistu.ee<\/a>\n\t\t\t\t\t\t\t\t\t\t\n\t\t\t\t<\/div>\n\t\t\t\t\t\t\t<div class=\"partner\" data-sal=\"slide-up\" data-sal-delay=\"200\">\n\t\t\t\t\t\t\t\t\t\t\t<div class=\"partner__name\">Rakvere Metsa\u00fchistu<\/div>\n\t\t\t\t\t\n\t\t\t\t\t\t\t\t\t\t\t<div class=\"partner__area\">L\u00e4\u00e4ne-Virumaa<\/div>\n\t\t\t\t\t\t\t\t\t\t\n\t\t\t\t\t\t\t\t\t\t\t<div class=\"partner__phone\">+372 322 7845<\/div>\n\t\t\t\t\t\t\t\t\t\t\t\t\t\t\t\t<a href=\"mailto:rakvere@metsauhistu.ee\" class=\"partner__email\">rakvere@metsauhistu.ee<\/a>\n\t\t\t\t\t\t\t\t\t\t\n\t\t\t\t<\/div>\n\t\t\t\t\t\t\t<div class=\"partner\" data-sal=\"slide-up\" data-sal-delay=\"250\">\n\t\t\t\t\t\t\t\t\t\t\t<div class=\"partner__name\">Valgamaa Metsa\u00fchistu<\/div>\n\t\t\t\t\t\n\t\t\t\t\t\t\t\t\t\t\t<div class=\"partner__area\">P\u00e4rnumaa, Valgamaa, Viljandimaa<\/div>\n\t\t\t\t\t\t\t\t\t\t\n\t\t\t\t\t\t\t\t\t\t\t<div class=\"partner__phone\">+372 5649 3197<\/div>\n\t\t\t\t\t\t\t\t\t\t\t\t\t\t\t\t<a href=\"mailto:valgamaa@metsauhistu.ee\" class=\"partner__email\">valgamaa@metsauhistu.ee<\/a>\n\t\t\t\t\t\t\t\t\t\t\n\t\t\t\t<\/div>\n\t\t\t\t\t\t\t<div class=\"partner\" data-sal=\"slide-up\" data-sal-delay=\"300\">\n\t\t\t\t\t\t\t\t\t\t\t<div class=\"partner__name\">Virumaa Metsa\u00fchistu<\/div>\n\t\t\t\t\t\n\t\t\t\t\t\t\t\t\t\t\t<div class=\"partner__area\">Ida-Virumaa<\/div>\n\t\t\t\t\t\t\t\t\t\t\n\t\t\t\t\t\t\t\t\t\t\t<div class=\"partner__phone\">+372 5664 0645<\/div>\n\t\t\t\t\t\t\t\t\t\t\t\t\t\t\t\t<a href=\"mailto:virumaa@metsauhistu.ee\" class=\"partner__email\">virumaa@metsauhistu.ee<\/a>\n\t\t\t\t\t\t\t\t\t\t\n\t\t\t\t<\/div>\n\t\t\t\t\t\t\t<div class=\"partner\" data-sal=\"slide-up\" data-sal-delay=\"350\">\n\t\t\t\t\t\t\t\t\t\t\t<div class=\"partner__name\">V\u00f5rumaa Metsa\u00fchistu<\/div>\n\t\t\t\t\t\n\t\t\t\t\t\t\t\t\t\t\t<div class=\"partner__area\">V\u00f5rumaa<\/div>\n\t\t\t\t\t\t\t\t\t\t\n\t\t\t\t\t\t\t\t\t\t\t<div class=\"partner__phone\">+372 522 9424<\/div>\n\t\t\t\t\t\t\t\t\t\t\t\t\t\t\t\t<a href=\"mailto:vorumaa@metsauhistu.ee\" class=\"partner__email\">vorumaa@metsauhistu.ee<\/a>\n\t\t\t\t\t\t\t\t\t\t\n\t\t\t\t<\/div>\n\t\t\t\t\t<\/div>\n\t<\/div>\n<\/section>\n\n<\/div>\n\n<div class=\"lazyblock-alternating-info-Z2wylXO wp-block-lazyblock-alternating-info\">\n<section class=\"alternating-info alternating-info--style-3\">\n\t<div class=\"alternating-info__wrapper\">\n\t\t<div class=\"alternating-info__icon\" style=\"background-image:url('https:\/\/metsauhistu.ee\/uuemetsaistutamine\/wp-content\/uploads\/2023\/06\/koostoopartnerid-taimlad-uue-metsa-istutamine-metsauhistu-1.jpg');\" data-sal=\"fade\" data-sal-delay=\"50\"><\/div>\n\t\t<div class=\"alternating-info__content body-content\" data-sal=\"slide-left\" data-sal-delay=\"50\">\n\t\t\t<h2>Taimlad<\/h2>\n<p>Metsa\u00fchistu on metsakultiveerimismaterjali tarnijana registreeritud majandustegevuse registris (nr KUL000026) ja taimetervise riiklikus registris (nr 3695) ning omab taimepassi v\u00e4ljastamise \u00f5igust.<\/p>\n<p>Metsataimede \u00fchise hankimise jaoks tehakse iga-aastaselt koost\u00f6\u00f6d ligi 20 erineva metsataimi tootva v\u00f5i tarniva ettev\u00f5ttega. Koos aitame igal aastal erametsadesse istutada 3-4 miljonit metsataime.<\/p>\t\t<\/div>\n\t<\/div>\n<\/section>\n<\/div>\n\n<div class=\"lazyblock-sponsor-1Ff3Xk wp-block-lazyblock-sponsor\">\n<section class=\"sponsor\">\n\t<div class=\"l-container\">\n\t\t\t\t\t<h3 class=\"sponsor__title\">Projekti valmimist toetab KIK<\/h3>\n\t\t\n\t\t\t\t\t<div class=\"sponsor__logo\"><img decoding=\"async\" src=\"https:\/\/metsauhistu.ee\/uuemetsaistutamine\/wp-content\/uploads\/2023\/10\/kik.svg\" alt=\"\"><\/div>\n\t\t\t<\/div>\n<\/section>\n<\/div>","protected":false},"excerpt":{"rendered":"","protected":false},"author":1,"featured_media":0,"parent":0,"menu_order":0,"comment_status":"closed","ping_status":"closed","template":"","meta":{"_acf_changed":false,"footnotes":""},"class_list":["post-159","page","type-page","status-publish","hentry"],"acf":[],"yoast_head":"<!-- This site is optimized with the Yoast SEO plugin v26.1.1 - https:\/\/yoast.com\/wordpress\/plugins\/seo\/ -->\n<title>Piirkondlikud metsa\u00fchistud ja taimlad - Rajame koos uut metsa<\/title>\n<meta name=\"description\" content=\"Uue metsa rajamisele aitavad kaasa metsa\u00fchistud, kes korraldavad \u00e4ra k\u00f5ik metsat\u00f6\u00f6d ning taimlad, kes varustavad metsataimedega.\" \/>\n<meta name=\"robots\" content=\"index, follow, max-snippet:-1, max-image-preview:large, max-video-preview:-1\" \/>\n<link rel=\"canonical\" href=\"https:\/\/metsauhistu.ee\/uuemetsaistutamine\/koostoopartnerid\/\" \/>\n<meta property=\"og:locale\" content=\"et_EE\" \/>\n<meta property=\"og:type\" content=\"article\" \/>\n<meta property=\"og:title\" content=\"Piirkondlikud metsa\u00fchistud ja taimlad - Rajame koos uut metsa\" \/>\n<meta property=\"og:description\" content=\"Uue metsa rajamisele aitavad kaasa metsa\u00fchistud, kes korraldavad \u00e4ra k\u00f5ik metsat\u00f6\u00f6d ning taimlad, kes varustavad metsataimedega.\" \/>\n<meta property=\"og:url\" content=\"https:\/\/metsauhistu.ee\/uuemetsaistutamine\/koostoopartnerid\/\" \/>\n<meta property=\"og:site_name\" content=\"Metsa\u00fchistu\" \/>\n<meta property=\"article:publisher\" content=\"https:\/\/www.facebook.com\/metsauhistu\" \/>\n<meta property=\"article:modified_time\" content=\"2026-01-05T06:05:23+00:00\" \/>\n<meta name=\"twitter:card\" content=\"summary_large_image\" \/>\n<script type=\"application\/ld+json\" class=\"yoast-schema-graph\">{\"@context\":\"https:\/\/schema.org\",\"@graph\":[{\"@type\":\"WebPage\",\"@id\":\"https:\/\/metsauhistu.ee\/uuemetsaistutamine\/koostoopartnerid\/\",\"url\":\"https:\/\/metsauhistu.ee\/uuemetsaistutamine\/koostoopartnerid\/\",\"name\":\"Piirkondlikud metsa\u00fchistud ja taimlad - Rajame koos uut metsa\",\"isPartOf\":{\"@id\":\"https:\/\/metsauhistu.ee\/uuemetsaistutamine\/#website\"},\"datePublished\":\"2023-02-27T16:06:21+00:00\",\"dateModified\":\"2026-01-05T06:05:23+00:00\",\"description\":\"Uue metsa rajamisele aitavad kaasa metsa\u00fchistud, kes korraldavad \u00e4ra k\u00f5ik metsat\u00f6\u00f6d ning taimlad, kes varustavad metsataimedega.\",\"breadcrumb\":{\"@id\":\"https:\/\/metsauhistu.ee\/uuemetsaistutamine\/koostoopartnerid\/#breadcrumb\"},\"inLanguage\":\"et\",\"potentialAction\":[{\"@type\":\"ReadAction\",\"target\":[\"https:\/\/metsauhistu.ee\/uuemetsaistutamine\/koostoopartnerid\/\"]}]},{\"@type\":\"BreadcrumbList\",\"@id\":\"https:\/\/metsauhistu.ee\/uuemetsaistutamine\/koostoopartnerid\/#breadcrumb\",\"itemListElement\":[{\"@type\":\"ListItem\",\"position\":1,\"name\":\"Home\",\"item\":\"https:\/\/metsauhistu.ee\/uuemetsaistutamine\/\"},{\"@type\":\"ListItem\",\"position\":2,\"name\":\"Koost\u00f6\u00f6partnerid\"}]},{\"@type\":\"WebSite\",\"@id\":\"https:\/\/metsauhistu.ee\/uuemetsaistutamine\/#website\",\"url\":\"https:\/\/metsauhistu.ee\/uuemetsaistutamine\/\",\"name\":\"Metsa\u00fchistu - Uue metsa istutamine\",\"description\":\"\",\"publisher\":{\"@id\":\"https:\/\/metsauhistu.ee\/uuemetsaistutamine\/#organization\"},\"potentialAction\":[{\"@type\":\"SearchAction\",\"target\":{\"@type\":\"EntryPoint\",\"urlTemplate\":\"https:\/\/metsauhistu.ee\/uuemetsaistutamine\/?s={search_term_string}\"},\"query-input\":{\"@type\":\"PropertyValueSpecification\",\"valueRequired\":true,\"valueName\":\"search_term_string\"}}],\"inLanguage\":\"et\"},{\"@type\":\"Organization\",\"@id\":\"https:\/\/metsauhistu.ee\/uuemetsaistutamine\/#organization\",\"name\":\"Metsa\u00fchistu - Uue metsa istutamine\",\"url\":\"https:\/\/metsauhistu.ee\/uuemetsaistutamine\/\",\"logo\":{\"@type\":\"ImageObject\",\"inLanguage\":\"et\",\"@id\":\"https:\/\/metsauhistu.ee\/uuemetsaistutamine\/#\/schema\/logo\/image\/\",\"url\":\"https:\/\/metsauhistu.ee\/uuemetsaistutamine\/wp-content\/uploads\/2023\/06\/mainlogo.svg\",\"contentUrl\":\"https:\/\/metsauhistu.ee\/uuemetsaistutamine\/wp-content\/uploads\/2023\/06\/mainlogo.svg\",\"width\":310,\"height\":56,\"caption\":\"Metsa\u00fchistu - Uue metsa istutamine\"},\"image\":{\"@id\":\"https:\/\/metsauhistu.ee\/uuemetsaistutamine\/#\/schema\/logo\/image\/\"},\"sameAs\":[\"https:\/\/www.facebook.com\/metsauhistu\",\"https:\/\/www.instagram.com\/metsauhistu\/\",\"https:\/\/www.youtube.com\/channel\/UC79u-jCtX562JWnRxFR26Tw\"]}]}<\/script>\n<!-- \/ Yoast SEO plugin. -->","yoast_head_json":{"title":"Piirkondlikud metsa\u00fchistud ja taimlad - Rajame koos uut metsa","description":"Uue metsa rajamisele aitavad kaasa metsa\u00fchistud, kes korraldavad \u00e4ra k\u00f5ik metsat\u00f6\u00f6d ning taimlad, kes varustavad metsataimedega.","robots":{"index":"index","follow":"follow","max-snippet":"max-snippet:-1","max-image-preview":"max-image-preview:large","max-video-preview":"max-video-preview:-1"},"canonical":"https:\/\/metsauhistu.ee\/uuemetsaistutamine\/koostoopartnerid\/","og_locale":"et_EE","og_type":"article","og_title":"Piirkondlikud metsa\u00fchistud ja taimlad - Rajame koos uut metsa","og_description":"Uue metsa rajamisele aitavad kaasa metsa\u00fchistud, kes korraldavad \u00e4ra k\u00f5ik metsat\u00f6\u00f6d ning taimlad, kes varustavad metsataimedega.","og_url":"https:\/\/metsauhistu.ee\/uuemetsaistutamine\/koostoopartnerid\/","og_site_name":"Metsa\u00fchistu","article_publisher":"https:\/\/www.facebook.com\/metsauhistu","article_modified_time":"2026-01-05T06:05:23+00:00","twitter_card":"summary_large_image","schema":{"@context":"https:\/\/schema.org","@graph":[{"@type":"WebPage","@id":"https:\/\/metsauhistu.ee\/uuemetsaistutamine\/koostoopartnerid\/","url":"https:\/\/metsauhistu.ee\/uuemetsaistutamine\/koostoopartnerid\/","name":"Piirkondlikud metsa\u00fchistud ja taimlad - Rajame koos uut metsa","isPartOf":{"@id":"https:\/\/metsauhistu.ee\/uuemetsaistutamine\/#website"},"datePublished":"2023-02-27T16:06:21+00:00","dateModified":"2026-01-05T06:05:23+00:00","description":"Uue metsa rajamisele aitavad kaasa metsa\u00fchistud, kes korraldavad \u00e4ra k\u00f5ik metsat\u00f6\u00f6d ning taimlad, kes varustavad metsataimedega.","breadcrumb":{"@id":"https:\/\/metsauhistu.ee\/uuemetsaistutamine\/koostoopartnerid\/#breadcrumb"},"inLanguage":"et","potentialAction":[{"@type":"ReadAction","target":["https:\/\/metsauhistu.ee\/uuemetsaistutamine\/koostoopartnerid\/"]}]},{"@type":"BreadcrumbList","@id":"https:\/\/metsauhistu.ee\/uuemetsaistutamine\/koostoopartnerid\/#breadcrumb","itemListElement":[{"@type":"ListItem","position":1,"name":"Home","item":"https:\/\/metsauhistu.ee\/uuemetsaistutamine\/"},{"@type":"ListItem","position":2,"name":"Koost\u00f6\u00f6partnerid"}]},{"@type":"WebSite","@id":"https:\/\/metsauhistu.ee\/uuemetsaistutamine\/#website","url":"https:\/\/metsauhistu.ee\/uuemetsaistutamine\/","name":"Metsa\u00fchistu - Uue metsa istutamine","description":"","publisher":{"@id":"https:\/\/metsauhistu.ee\/uuemetsaistutamine\/#organization"},"potentialAction":[{"@type":"SearchAction","target":{"@type":"EntryPoint","urlTemplate":"https:\/\/metsauhistu.ee\/uuemetsaistutamine\/?s={search_term_string}"},"query-input":{"@type":"PropertyValueSpecification","valueRequired":true,"valueName":"search_term_string"}}],"inLanguage":"et"},{"@type":"Organization","@id":"https:\/\/metsauhistu.ee\/uuemetsaistutamine\/#organization","name":"Metsa\u00fchistu - Uue metsa istutamine","url":"https:\/\/metsauhistu.ee\/uuemetsaistutamine\/","logo":{"@type":"ImageObject","inLanguage":"et","@id":"https:\/\/metsauhistu.ee\/uuemetsaistutamine\/#\/schema\/logo\/image\/","url":"https:\/\/metsauhistu.ee\/uuemetsaistutamine\/wp-content\/uploads\/2023\/06\/mainlogo.svg","contentUrl":"https:\/\/metsauhistu.ee\/uuemetsaistutamine\/wp-content\/uploads\/2023\/06\/mainlogo.svg","width":310,"height":56,"caption":"Metsa\u00fchistu - Uue metsa istutamine"},"image":{"@id":"https:\/\/metsauhistu.ee\/uuemetsaistutamine\/#\/schema\/logo\/image\/"},"sameAs":["https:\/\/www.facebook.com\/metsauhistu","https:\/\/www.instagram.com\/metsauhistu\/","https:\/\/www.youtube.com\/channel\/UC79u-jCtX562JWnRxFR26Tw"]}]}},"_links":{"self":[{"href":"https:\/\/metsauhistu.ee\/uuemetsaistutamine\/wp-json\/wp\/v2\/pages\/159","targetHints":{"allow":["GET"]}}],"collection":[{"href":"https:\/\/metsauhistu.ee\/uuemetsaistutamine\/wp-json\/wp\/v2\/pages"}],"about":[{"href":"https:\/\/metsauhistu.ee\/uuemetsaistutamine\/wp-json\/wp\/v2\/types\/page"}],"author":[{"embeddable":true,"href":"https:\/\/metsauhistu.ee\/uuemetsaistutamine\/wp-json\/wp\/v2\/users\/1"}],"replies":[{"embeddable":true,"href":"https:\/\/metsauhistu.ee\/uuemetsaistutamine\/wp-json\/wp\/v2\/comments?post=159"}],"version-history":[{"count":40,"href":"https:\/\/metsauhistu.ee\/uuemetsaistutamine\/wp-json\/wp\/v2\/pages\/159\/revisions"}],"predecessor-version":[{"id":938,"href":"https:\/\/metsauhistu.ee\/uuemetsaistutamine\/wp-json\/wp\/v2\/pages\/159\/revisions\/938"}],"wp:attachment":[{"href":"https:\/\/metsauhistu.ee\/uuemetsaistutamine\/wp-json\/wp\/v2\/media?parent=159"}],"curies":[{"name":"wp","href":"https:\/\/api.w.org\/{rel}","templated":true}]}}