{"id":181,"date":"2023-02-28T14:01:05","date_gmt":"2023-02-28T12:01:05","guid":{"rendered":"https:\/\/metsauhistu.ee\/uuemetsaistutamine\/?page_id=181"},"modified":"2024-10-16T12:24:52","modified_gmt":"2024-10-16T09:24:52","slug":"kalkulaator","status":"publish","type":"page","link":"https:\/\/metsauhistu.ee\/uuemetsaistutamine\/kalkulaator\/","title":{"rendered":"Kuidas arvutab meie uue metsa rajamise kalkulaator?"},"content":{"rendered":"\n<p>Kalkulaatoris on arvestatud, et uue metsa rajamise hind tuleb 1 \u20ac\/taime kohta ning see hind sisaldab istutusmaterjali hinda (umbes 1\/3 summast), istutamise kulu (umbes 1\/3 summast) ning maapinna ettevalmistamise kulu (umbes 1\/3 summast). Samuti sisaldab see Metsa\u00fchistu korralduskulusid ja platvormi haldamisega seotud kulu. \u00dcldiselt on arvutused tehtud eeldusega, et hektarile istutatakse 1200 puud.<\/p>\n\n\n\n<p>Seotud s\u00fcsiniku arvutamisel on l\u00e4htutud ~50 aastasest perioodist. S\u00fcsinikdioksiidi kogusele taandamisel on kasutatud statistilise metsainventuuri andmeid majandatavate puistute hektaritagavara kohta (enamuspuuliigiti). Arvutatud on kuuse, kase, haava ja sanglepa keskmised hektaritagavarad 41-50 ja 51-60 aasta vanuseklassides. Nende liikide ja kahe vanuseklassi keskmine hektaritagavara Eesti majandatavates puistutes on ligi 300 tm\/ha. Teisalt on teada, et n\u00e4iteks juba 14-aastased arukase kultuurid endisel p\u00f5llumaal v\u00f5ivad \u00fcletada nii k\u00f5rguskasvult kui rinnasdiameetrilt 16-20-aastaseid looduslikult uuenenud kaasikuid[1]. Samuti ei h\u00f5lma arvutused maa-alust biomassi (juured) ega s\u00fcsinikku, mis on talletatud okstesse. Samuti on arvutustest v\u00e4ljas mullas olev s\u00fcsinik. Seega v\u00f5ib arvutustes kasutatavat 300 tm\/ha keskmist tagavara pidada viljakama endise p\u00f5llumajandusmaa puhul konservatiivseks hinnanguks.<\/p>\n\n\n\n<p>Puitu seotud s\u00fcsiniku kogus on v\u00f5rdeline ligikaudu 50%-ga nende kuivmassist ehk tihedusest[2]. Et saada 300 tihumeetrist teada kuivmass tuleb arvestada, et 1 tihumeetri puidu kuivaine mass on s\u00f5ltuvalt liigist vahemikus 0,4-0,7 t\/tm kohta. Keskmiselt on arvutustes eeldatud selleks suuruseks 0,5 t\/tm. See t\u00e4hendab, et 300 tm hektaritagavaraga puistus on seotud umbes 75 tonni s\u00fcsinikku. \u00dcks tonn s\u00fcsinikku on taandatav s\u00fcsinikdioksiidiks korrutades selle 3,67-ga. See t\u00e4hendab, et 300 tihumeetrise hektaritagavaraga uus mets on 50 a. vanuselt sidunud ainu\u00fcksi oma puude t\u00fcvedesse umbes 275 tonni s\u00fcsinikdioksiidi. Sellele lisandub tegelikult veel s\u00fcsinik, mis on seotud puu okstesse, alustaimestikku, maa-alusesse biomassi ehk juurtesse ning mulda.<\/p>\n\n\n\n<p><\/p>\n\n\n\n<p><em>[1] Lutter, Reimo. 2013. Noorte kaasikute kasvuk\u00e4ik endisel p\u00f5llumajandusmaal. Eesti Maa\u00fclikooli magistrit\u00f6\u00f6, 119 lk.<\/em><\/p>\n\n\n\n<p><em>[2] Zhang, Q., Wang, C., Wang, X., Quan, X. 2009. Carbon concentration variability of 10 Chinese temperate tree species. ajakiri Forest Ecology and Management nr 258(5), lk 722-727.<\/em><\/p>\n","protected":false},"excerpt":{"rendered":"<p>Kalkulaatoris on arvestatud, et uue metsa rajamise hind tuleb 1 \u20ac\/taime kohta ning see hind sisaldab istutusmaterjali hinda (umbes 1\/3 summast), istutamise kulu (umbes 1\/3 summast) ning maapinna ettevalmistamise kulu (umbes 1\/3 summast). Samuti sisaldab see Metsa\u00fchistu korralduskulusid ja platvormi haldamisega seotud kulu. \u00dcldiselt on arvutused tehtud eeldusega, et hektarile istutatakse 1200 puud. Seotud s\u00fcsiniku [&hellip;]<\/p>\n","protected":false},"author":1,"featured_media":0,"parent":0,"menu_order":0,"comment_status":"closed","ping_status":"closed","template":"template-calculator.php","meta":{"_acf_changed":false,"footnotes":""},"class_list":["post-181","page","type-page","status-publish","hentry"],"acf":[],"yoast_head":"<!-- This site is optimized with the Yoast SEO plugin v26.1.1 - https:\/\/yoast.com\/wordpress\/plugins\/seo\/ -->\n<title>Kuidas arvutab meie uue metsa rajamise kalkulaator? - Metsa\u00fchistu<\/title>\n<meta name=\"robots\" content=\"index, follow, max-snippet:-1, max-image-preview:large, max-video-preview:-1\" \/>\n<link rel=\"canonical\" href=\"https:\/\/metsauhistu.ee\/uuemetsaistutamine\/kalkulaator\/\" \/>\n<meta property=\"og:locale\" content=\"et_EE\" \/>\n<meta property=\"og:type\" content=\"article\" \/>\n<meta property=\"og:title\" content=\"Kuidas arvutab meie uue metsa rajamise kalkulaator? - Metsa\u00fchistu\" \/>\n<meta property=\"og:description\" content=\"Kalkulaatoris on arvestatud, et uue metsa rajamise hind tuleb 1 \u20ac\/taime kohta ning see hind sisaldab istutusmaterjali hinda (umbes 1\/3 summast), istutamise kulu (umbes 1\/3 summast) ning maapinna ettevalmistamise kulu (umbes 1\/3 summast). Samuti sisaldab see Metsa\u00fchistu korralduskulusid ja platvormi haldamisega seotud kulu. \u00dcldiselt on arvutused tehtud eeldusega, et hektarile istutatakse 1200 puud. Seotud s\u00fcsiniku [&hellip;]\" \/>\n<meta property=\"og:url\" content=\"https:\/\/metsauhistu.ee\/uuemetsaistutamine\/kalkulaator\/\" \/>\n<meta property=\"og:site_name\" content=\"Metsa\u00fchistu\" \/>\n<meta property=\"article:publisher\" content=\"https:\/\/www.facebook.com\/metsauhistu\" \/>\n<meta property=\"article:modified_time\" content=\"2024-10-16T09:24:52+00:00\" \/>\n<meta name=\"twitter:card\" content=\"summary_large_image\" \/>\n<meta name=\"twitter:label1\" content=\"Est. reading time\" \/>\n\t<meta name=\"twitter:data1\" content=\"2 minutit\" \/>\n<script type=\"application\/ld+json\" class=\"yoast-schema-graph\">{\"@context\":\"https:\/\/schema.org\",\"@graph\":[{\"@type\":\"WebPage\",\"@id\":\"https:\/\/metsauhistu.ee\/uuemetsaistutamine\/kalkulaator\/\",\"url\":\"https:\/\/metsauhistu.ee\/uuemetsaistutamine\/kalkulaator\/\",\"name\":\"Kuidas arvutab meie uue metsa rajamise kalkulaator? - Metsa\u00fchistu\",\"isPartOf\":{\"@id\":\"https:\/\/metsauhistu.ee\/uuemetsaistutamine\/#website\"},\"datePublished\":\"2023-02-28T12:01:05+00:00\",\"dateModified\":\"2024-10-16T09:24:52+00:00\",\"breadcrumb\":{\"@id\":\"https:\/\/metsauhistu.ee\/uuemetsaistutamine\/kalkulaator\/#breadcrumb\"},\"inLanguage\":\"et\",\"potentialAction\":[{\"@type\":\"ReadAction\",\"target\":[\"https:\/\/metsauhistu.ee\/uuemetsaistutamine\/kalkulaator\/\"]}]},{\"@type\":\"BreadcrumbList\",\"@id\":\"https:\/\/metsauhistu.ee\/uuemetsaistutamine\/kalkulaator\/#breadcrumb\",\"itemListElement\":[{\"@type\":\"ListItem\",\"position\":1,\"name\":\"Home\",\"item\":\"https:\/\/metsauhistu.ee\/uuemetsaistutamine\/\"},{\"@type\":\"ListItem\",\"position\":2,\"name\":\"Kuidas arvutab meie uue metsa rajamise kalkulaator?\"}]},{\"@type\":\"WebSite\",\"@id\":\"https:\/\/metsauhistu.ee\/uuemetsaistutamine\/#website\",\"url\":\"https:\/\/metsauhistu.ee\/uuemetsaistutamine\/\",\"name\":\"Metsa\u00fchistu - Uue metsa istutamine\",\"description\":\"\",\"publisher\":{\"@id\":\"https:\/\/metsauhistu.ee\/uuemetsaistutamine\/#organization\"},\"potentialAction\":[{\"@type\":\"SearchAction\",\"target\":{\"@type\":\"EntryPoint\",\"urlTemplate\":\"https:\/\/metsauhistu.ee\/uuemetsaistutamine\/?s={search_term_string}\"},\"query-input\":{\"@type\":\"PropertyValueSpecification\",\"valueRequired\":true,\"valueName\":\"search_term_string\"}}],\"inLanguage\":\"et\"},{\"@type\":\"Organization\",\"@id\":\"https:\/\/metsauhistu.ee\/uuemetsaistutamine\/#organization\",\"name\":\"Metsa\u00fchistu - Uue metsa istutamine\",\"url\":\"https:\/\/metsauhistu.ee\/uuemetsaistutamine\/\",\"logo\":{\"@type\":\"ImageObject\",\"inLanguage\":\"et\",\"@id\":\"https:\/\/metsauhistu.ee\/uuemetsaistutamine\/#\/schema\/logo\/image\/\",\"url\":\"https:\/\/metsauhistu.ee\/uuemetsaistutamine\/wp-content\/uploads\/2023\/06\/mainlogo.svg\",\"contentUrl\":\"https:\/\/metsauhistu.ee\/uuemetsaistutamine\/wp-content\/uploads\/2023\/06\/mainlogo.svg\",\"width\":310,\"height\":56,\"caption\":\"Metsa\u00fchistu - Uue metsa istutamine\"},\"image\":{\"@id\":\"https:\/\/metsauhistu.ee\/uuemetsaistutamine\/#\/schema\/logo\/image\/\"},\"sameAs\":[\"https:\/\/www.facebook.com\/metsauhistu\",\"https:\/\/www.instagram.com\/metsauhistu\/\",\"https:\/\/www.youtube.com\/channel\/UC79u-jCtX562JWnRxFR26Tw\"]}]}<\/script>\n<!-- \/ Yoast SEO plugin. -->","yoast_head_json":{"title":"Kuidas arvutab meie uue metsa rajamise kalkulaator? - Metsa\u00fchistu","robots":{"index":"index","follow":"follow","max-snippet":"max-snippet:-1","max-image-preview":"max-image-preview:large","max-video-preview":"max-video-preview:-1"},"canonical":"https:\/\/metsauhistu.ee\/uuemetsaistutamine\/kalkulaator\/","og_locale":"et_EE","og_type":"article","og_title":"Kuidas arvutab meie uue metsa rajamise kalkulaator? - Metsa\u00fchistu","og_description":"Kalkulaatoris on arvestatud, et uue metsa rajamise hind tuleb 1 \u20ac\/taime kohta ning see hind sisaldab istutusmaterjali hinda (umbes 1\/3 summast), istutamise kulu (umbes 1\/3 summast) ning maapinna ettevalmistamise kulu (umbes 1\/3 summast). Samuti sisaldab see Metsa\u00fchistu korralduskulusid ja platvormi haldamisega seotud kulu. \u00dcldiselt on arvutused tehtud eeldusega, et hektarile istutatakse 1200 puud. Seotud s\u00fcsiniku [&hellip;]","og_url":"https:\/\/metsauhistu.ee\/uuemetsaistutamine\/kalkulaator\/","og_site_name":"Metsa\u00fchistu","article_publisher":"https:\/\/www.facebook.com\/metsauhistu","article_modified_time":"2024-10-16T09:24:52+00:00","twitter_card":"summary_large_image","twitter_misc":{"Est. reading time":"2 minutit"},"schema":{"@context":"https:\/\/schema.org","@graph":[{"@type":"WebPage","@id":"https:\/\/metsauhistu.ee\/uuemetsaistutamine\/kalkulaator\/","url":"https:\/\/metsauhistu.ee\/uuemetsaistutamine\/kalkulaator\/","name":"Kuidas arvutab meie uue metsa rajamise kalkulaator? - Metsa\u00fchistu","isPartOf":{"@id":"https:\/\/metsauhistu.ee\/uuemetsaistutamine\/#website"},"datePublished":"2023-02-28T12:01:05+00:00","dateModified":"2024-10-16T09:24:52+00:00","breadcrumb":{"@id":"https:\/\/metsauhistu.ee\/uuemetsaistutamine\/kalkulaator\/#breadcrumb"},"inLanguage":"et","potentialAction":[{"@type":"ReadAction","target":["https:\/\/metsauhistu.ee\/uuemetsaistutamine\/kalkulaator\/"]}]},{"@type":"BreadcrumbList","@id":"https:\/\/metsauhistu.ee\/uuemetsaistutamine\/kalkulaator\/#breadcrumb","itemListElement":[{"@type":"ListItem","position":1,"name":"Home","item":"https:\/\/metsauhistu.ee\/uuemetsaistutamine\/"},{"@type":"ListItem","position":2,"name":"Kuidas arvutab meie uue metsa rajamise kalkulaator?"}]},{"@type":"WebSite","@id":"https:\/\/metsauhistu.ee\/uuemetsaistutamine\/#website","url":"https:\/\/metsauhistu.ee\/uuemetsaistutamine\/","name":"Metsa\u00fchistu - Uue metsa istutamine","description":"","publisher":{"@id":"https:\/\/metsauhistu.ee\/uuemetsaistutamine\/#organization"},"potentialAction":[{"@type":"SearchAction","target":{"@type":"EntryPoint","urlTemplate":"https:\/\/metsauhistu.ee\/uuemetsaistutamine\/?s={search_term_string}"},"query-input":{"@type":"PropertyValueSpecification","valueRequired":true,"valueName":"search_term_string"}}],"inLanguage":"et"},{"@type":"Organization","@id":"https:\/\/metsauhistu.ee\/uuemetsaistutamine\/#organization","name":"Metsa\u00fchistu - Uue metsa istutamine","url":"https:\/\/metsauhistu.ee\/uuemetsaistutamine\/","logo":{"@type":"ImageObject","inLanguage":"et","@id":"https:\/\/metsauhistu.ee\/uuemetsaistutamine\/#\/schema\/logo\/image\/","url":"https:\/\/metsauhistu.ee\/uuemetsaistutamine\/wp-content\/uploads\/2023\/06\/mainlogo.svg","contentUrl":"https:\/\/metsauhistu.ee\/uuemetsaistutamine\/wp-content\/uploads\/2023\/06\/mainlogo.svg","width":310,"height":56,"caption":"Metsa\u00fchistu - Uue metsa istutamine"},"image":{"@id":"https:\/\/metsauhistu.ee\/uuemetsaistutamine\/#\/schema\/logo\/image\/"},"sameAs":["https:\/\/www.facebook.com\/metsauhistu","https:\/\/www.instagram.com\/metsauhistu\/","https:\/\/www.youtube.com\/channel\/UC79u-jCtX562JWnRxFR26Tw"]}]}},"_links":{"self":[{"href":"https:\/\/metsauhistu.ee\/uuemetsaistutamine\/wp-json\/wp\/v2\/pages\/181","targetHints":{"allow":["GET"]}}],"collection":[{"href":"https:\/\/metsauhistu.ee\/uuemetsaistutamine\/wp-json\/wp\/v2\/pages"}],"about":[{"href":"https:\/\/metsauhistu.ee\/uuemetsaistutamine\/wp-json\/wp\/v2\/types\/page"}],"author":[{"embeddable":true,"href":"https:\/\/metsauhistu.ee\/uuemetsaistutamine\/wp-json\/wp\/v2\/users\/1"}],"replies":[{"embeddable":true,"href":"https:\/\/metsauhistu.ee\/uuemetsaistutamine\/wp-json\/wp\/v2\/comments?post=181"}],"version-history":[{"count":6,"href":"https:\/\/metsauhistu.ee\/uuemetsaistutamine\/wp-json\/wp\/v2\/pages\/181\/revisions"}],"predecessor-version":[{"id":818,"href":"https:\/\/metsauhistu.ee\/uuemetsaistutamine\/wp-json\/wp\/v2\/pages\/181\/revisions\/818"}],"wp:attachment":[{"href":"https:\/\/metsauhistu.ee\/uuemetsaistutamine\/wp-json\/wp\/v2\/media?parent=181"}],"curies":[{"name":"wp","href":"https:\/\/api.w.org\/{rel}","templated":true}]}}