{"id":186,"date":"2023-02-28T16:05:54","date_gmt":"2023-02-28T14:05:54","guid":{"rendered":"https:\/\/metsauhistu.ee\/uuemetsaistutamine\/?page_id=186"},"modified":"2023-08-16T18:57:36","modified_gmt":"2023-08-16T15:57:36","slug":"co2-sidumine","status":"publish","type":"page","link":"https:\/\/metsauhistu.ee\/uuemetsaistutamine\/co2-sidumine\/","title":{"rendered":"CO\u2082 sidumine"},"content":{"rendered":"\n<p>S\u00fcsinikku leidub meie \u00fcmber k\u00f5ikjal. Taimedel, sealhulgas puudel, on v\u00f5ime atmosf\u00e4\u00e4ris sisalduvat s\u00fcsinikku siduda. Seda tehakse l\u00e4bi nende elutegevuseks vajaliku fotos\u00fcnteesi. See on p\u00e4ikeseenergial p\u00f5hinev protsess, mille l\u00e4hteaineteks on vesi, s\u00fcsinikdioksiid ja mineraalained ning mille tulemusel \u201evalmistavad\u201c taimed omale vajalikke toiteaineid. Neid toiteaineid kasutab puu enda kasvuks ehk kasutatav CO\u2082 seotakse biomassi, millest suurema osa moodustab puit ja selle peamised koostisosad \u2013 tselluloos, ligniin ja hemitselluloos. \u00dcldjoontes eraldub protsessis atmosf\u00e4\u00e4ri tagasi hapnik. Sellest tuleb ka v\u00e4ljend \u201emetsad on maa kopsud\u201c. Fotos\u00fcntees on \u00fcks k\u00f5ige olulisemaid protsesse meie planeedil.<br><br>Seda kui palju puu suudab s\u00fcsinikku endasse siduda s\u00f5ltub paljudest faktoritest \u2013 puuliik, asukoht, kasvukoha tingimused, veere\u017eiim, toiteainete k\u00e4ttesaadavus. K\u00f5ige kiirem on s\u00fcsiniku sidumine siis, kui k\u00f5ik tingimused kasvuks on soodsad.<\/p>\n\n\n<div class=\"lazyblock-co2-stats-2h7VK wp-block-lazyblock-co2-stats\">\n<section class=\"co2-stats\">\n\t\t\t<div class=\"co2-stats__stat\">\n\t\t\t<div class=\"co2-stats__icon\">\n\t\t\t\t<img decoding=\"async\" src=\"https:\/\/metsauhistu.ee\/uuemetsaistutamine\/wp-content\/uploads\/2023\/02\/forest.svg\" alt=\"\">\n\t\t\t<\/div>\n\n\t\t\t<div class=\"co2-stats__stat-content\">\n\t\t\t\tIstutatud metsa kesmise raieringi tagavara v\u00f5ib olla ca 27m3\/ha suurem kui looduslikult uuenenud metsal. See t\u00e4hendab, et CO\u2082 varu on suurem 1ha istutatud metsal\t\t\t<\/div>\n\n\t\t\t<div class=\"co2-stats__stat-highlight\">\n\t\t\t\t<div class=\"co2-stats__stat-value\">\n\t\t\t\t\t32\t\t\t\t<\/div>\t\n\t\t\t\t<div class=\"co2-stats__stat-label\">\n\t\t\t\t\tTonni\t\t\t\t<\/div>\n\t\t\t<\/div>\n\t\t<\/div>\n\t\t\t<div class=\"co2-stats__stat\">\n\t\t\t<div class=\"co2-stats__icon\">\n\t\t\t\t<img decoding=\"async\" src=\"https:\/\/metsauhistu.ee\/uuemetsaistutamine\/wp-content\/uploads\/2023\/02\/forest.svg\" alt=\"\">\n\t\t\t<\/div>\n\n\t\t\t<div class=\"co2-stats__stat-content\">\n\t\t\t\tKeskmine uus auto heidab \u00f5hku umbes 120 grammi CO\u2082 iga kilomeetri l\u00e4bimisel. \u00dche hektari metsa uuendamine istutamise teel aitab puhverdada \u00fche uue auto l\u00e4bis\u00f5itu\t\t\t<\/div>\n\n\t\t\t<div class=\"co2-stats__stat-highlight\">\n\t\t\t\t<div class=\"co2-stats__stat-value\">\n\t\t\t\t\t250000<span>+<\/span>\t\t\t\t<\/div>\t\n\t\t\t\t<div class=\"co2-stats__stat-label\">\n\t\t\t\t\tKILOMEETRIT\t\t\t\t<\/div>\n\t\t\t<\/div>\n\t\t<\/div>\n\t\t\t<div class=\"co2-stats__stat\">\n\t\t\t<div class=\"co2-stats__icon\">\n\t\t\t\t<img decoding=\"async\" src=\"https:\/\/metsauhistu.ee\/uuemetsaistutamine\/wp-content\/uploads\/2023\/02\/forest.svg\" alt=\"\">\n\t\t\t<\/div>\n\n\t\t\t<div class=\"co2-stats__stat-content\">\n\t\t\t\tP\u00f5levkivist elektri tootmise aastane s\u00fcsinikuheite kogus inimese kohta on umbes 15 tonni. 10 hektaril aktiivne metsa uuendamine katab \u00fche inimese elektritarbimisest tekkiva heite t\u00e4ielikult umbes\t\t\t<\/div>\n\n\t\t\t<div class=\"co2-stats__stat-highlight\">\n\t\t\t\t<div class=\"co2-stats__stat-value\">\n\t\t\t\t\t20<span>+<\/span>\t\t\t\t<\/div>\t\n\t\t\t\t<div class=\"co2-stats__stat-label\">\n\t\t\t\t\tAASTAKS\t\t\t\t<\/div>\n\t\t\t<\/div>\n\t\t<\/div>\n\t<\/section>\n<\/div>\n\n\n<p>Ehkki metsa s\u00fcsinikuvaru on suurim vanemates puistutes, kus see jaguneb mulla ja puude vahel, toimub intensiivne s\u00fcsiniku sidumine siiski \u00fcksnes noortes ja keskealistes metsades, kus puude juurdekasv on suur. Seega on puu juurdekasv ning tema s\u00fcsiniku sidumise v\u00f5ime omavahel tihedalt seotud. Peamine sidumine toimub maa-alusesse (umbes 20%) ja maapealsesse biomassi (umbes 80%). Sidumise intensiivsus s\u00f5ltub muuhulgas aga puu liigist ja kasvukohast. V\u00f5rreldes loodusliku uuenemisega on teadlikult metsastataval alal kasvama hakkav mets kvaliteetsem ja tootlikum. Esiteks on v\u00f5imalik istutada alale sobilikul hulgal taimi, teiseks on kasutatav istutusmaterjal kvaliteetsem ja seega kiirema kasvuga. Kiirem kasv t\u00e4hendab intensiivsemat s\u00fcsiniku sidumist. Metsamaa n\u00e4itel on Keskkonnaagentuuri arvutused n\u00e4idanud et inimese poolt uuendatud okaspuu puistutes v\u00f5ib raieringi keskmisena tagavara olla suurem ca 27 m3 hektari kohta. See t\u00e4hendab, et raieringi keskmisena on uuendatud metsa seotud CO\u2082 varu hektari kohta 32 tonni suurem v\u00f5rreldes puistuga mis on j\u00e4etud looduslikule uuenemisele. Sarnaselt on see ka metsastatava maaga, kus s\u00fcsiniku sidumine ja talletumine on efektiivsem ja t\u00f5husam, kui seda on teadlikult metsastatud. V\u00f5rreldes metsade uuendamisega on metsastamise m\u00f5ju s\u00fcsiniku t\u00e4iendavale sidumisele aga mitmekordselt suurem. \u00dcldistatult saab \u00f6elda, et metsakasvatuslikud teadmised endistel p\u00f5llumaadel v\u00e4\u00e4rtuslike puistute kasvatamise kohta on meil olemas.<\/p>\n","protected":false},"excerpt":{"rendered":"<p>S\u00fcsinikku leidub meie \u00fcmber k\u00f5ikjal. Taimedel, sealhulgas puudel, on v\u00f5ime atmosf\u00e4\u00e4ris sisalduvat s\u00fcsinikku siduda. Seda tehakse l\u00e4bi nende elutegevuseks vajaliku fotos\u00fcnteesi. See on p\u00e4ikeseenergial p\u00f5hinev protsess, mille l\u00e4hteaineteks on vesi, s\u00fcsinikdioksiid ja mineraalained ning mille tulemusel \u201evalmistavad\u201c taimed omale vajalikke toiteaineid. Neid toiteaineid kasutab puu enda kasvuks ehk kasutatav CO\u2082 seotakse biomassi, millest suurema osa [&hellip;]<\/p>\n","protected":false},"author":1,"featured_media":0,"parent":0,"menu_order":0,"comment_status":"closed","ping_status":"closed","template":"template-grey-content.php","meta":{"_acf_changed":false,"footnotes":""},"class_list":["post-186","page","type-page","status-publish","hentry"],"acf":[],"yoast_head":"<!-- This site is optimized with the Yoast SEO plugin v26.1.1 - https:\/\/yoast.com\/wordpress\/plugins\/seo\/ -->\n<title>CO\u2082 sidumine - Istutame koos uut metsa - Metsa\u00fchistu<\/title>\n<meta name=\"description\" content=\"K\u00f5ige intensiivsem s\u00fcsiniku sidumine toimub just noortes ja keskealistes metsades. Istutame koos uut metsa ja v\u00e4hendame CO2 jalaj\u00e4lge.\" \/>\n<meta name=\"robots\" content=\"index, follow, max-snippet:-1, max-image-preview:large, max-video-preview:-1\" \/>\n<link rel=\"canonical\" href=\"https:\/\/metsauhistu.ee\/uuemetsaistutamine\/co2-sidumine\/\" \/>\n<meta property=\"og:locale\" content=\"et_EE\" \/>\n<meta property=\"og:type\" content=\"article\" \/>\n<meta property=\"og:title\" content=\"CO\u2082 sidumine - Istutame koos uut metsa - Metsa\u00fchistu\" \/>\n<meta property=\"og:description\" content=\"K\u00f5ige intensiivsem s\u00fcsiniku sidumine toimub just noortes ja keskealistes metsades. Istutame koos uut metsa ja v\u00e4hendame CO2 jalaj\u00e4lge.\" \/>\n<meta property=\"og:url\" content=\"https:\/\/metsauhistu.ee\/uuemetsaistutamine\/co2-sidumine\/\" \/>\n<meta property=\"og:site_name\" content=\"Metsa\u00fchistu\" \/>\n<meta property=\"article:publisher\" content=\"https:\/\/www.facebook.com\/metsauhistu\" \/>\n<meta property=\"article:modified_time\" content=\"2023-08-16T15:57:36+00:00\" \/>\n<meta name=\"twitter:card\" content=\"summary_large_image\" \/>\n<meta name=\"twitter:label1\" content=\"Est. reading time\" \/>\n\t<meta name=\"twitter:data1\" content=\"2 minutit\" \/>\n<script type=\"application\/ld+json\" class=\"yoast-schema-graph\">{\"@context\":\"https:\/\/schema.org\",\"@graph\":[{\"@type\":\"WebPage\",\"@id\":\"https:\/\/metsauhistu.ee\/uuemetsaistutamine\/co2-sidumine\/\",\"url\":\"https:\/\/metsauhistu.ee\/uuemetsaistutamine\/co2-sidumine\/\",\"name\":\"CO\u2082 sidumine - Istutame koos uut metsa - Metsa\u00fchistu\",\"isPartOf\":{\"@id\":\"https:\/\/metsauhistu.ee\/uuemetsaistutamine\/#website\"},\"datePublished\":\"2023-02-28T14:05:54+00:00\",\"dateModified\":\"2023-08-16T15:57:36+00:00\",\"description\":\"K\u00f5ige intensiivsem s\u00fcsiniku sidumine toimub just noortes ja keskealistes metsades. Istutame koos uut metsa ja v\u00e4hendame CO2 jalaj\u00e4lge.\",\"breadcrumb\":{\"@id\":\"https:\/\/metsauhistu.ee\/uuemetsaistutamine\/co2-sidumine\/#breadcrumb\"},\"inLanguage\":\"et\",\"potentialAction\":[{\"@type\":\"ReadAction\",\"target\":[\"https:\/\/metsauhistu.ee\/uuemetsaistutamine\/co2-sidumine\/\"]}]},{\"@type\":\"BreadcrumbList\",\"@id\":\"https:\/\/metsauhistu.ee\/uuemetsaistutamine\/co2-sidumine\/#breadcrumb\",\"itemListElement\":[{\"@type\":\"ListItem\",\"position\":1,\"name\":\"Home\",\"item\":\"https:\/\/metsauhistu.ee\/uuemetsaistutamine\/\"},{\"@type\":\"ListItem\",\"position\":2,\"name\":\"CO\u2082 sidumine\"}]},{\"@type\":\"WebSite\",\"@id\":\"https:\/\/metsauhistu.ee\/uuemetsaistutamine\/#website\",\"url\":\"https:\/\/metsauhistu.ee\/uuemetsaistutamine\/\",\"name\":\"Metsa\u00fchistu - Uue metsa istutamine\",\"description\":\"\",\"publisher\":{\"@id\":\"https:\/\/metsauhistu.ee\/uuemetsaistutamine\/#organization\"},\"potentialAction\":[{\"@type\":\"SearchAction\",\"target\":{\"@type\":\"EntryPoint\",\"urlTemplate\":\"https:\/\/metsauhistu.ee\/uuemetsaistutamine\/?s={search_term_string}\"},\"query-input\":{\"@type\":\"PropertyValueSpecification\",\"valueRequired\":true,\"valueName\":\"search_term_string\"}}],\"inLanguage\":\"et\"},{\"@type\":\"Organization\",\"@id\":\"https:\/\/metsauhistu.ee\/uuemetsaistutamine\/#organization\",\"name\":\"Metsa\u00fchistu - Uue metsa istutamine\",\"url\":\"https:\/\/metsauhistu.ee\/uuemetsaistutamine\/\",\"logo\":{\"@type\":\"ImageObject\",\"inLanguage\":\"et\",\"@id\":\"https:\/\/metsauhistu.ee\/uuemetsaistutamine\/#\/schema\/logo\/image\/\",\"url\":\"https:\/\/metsauhistu.ee\/uuemetsaistutamine\/wp-content\/uploads\/2023\/06\/mainlogo.svg\",\"contentUrl\":\"https:\/\/metsauhistu.ee\/uuemetsaistutamine\/wp-content\/uploads\/2023\/06\/mainlogo.svg\",\"width\":310,\"height\":56,\"caption\":\"Metsa\u00fchistu - Uue metsa istutamine\"},\"image\":{\"@id\":\"https:\/\/metsauhistu.ee\/uuemetsaistutamine\/#\/schema\/logo\/image\/\"},\"sameAs\":[\"https:\/\/www.facebook.com\/metsauhistu\",\"https:\/\/www.instagram.com\/metsauhistu\/\",\"https:\/\/www.youtube.com\/channel\/UC79u-jCtX562JWnRxFR26Tw\"]}]}<\/script>\n<!-- \/ Yoast SEO plugin. -->","yoast_head_json":{"title":"CO\u2082 sidumine - Istutame koos uut metsa - Metsa\u00fchistu","description":"K\u00f5ige intensiivsem s\u00fcsiniku sidumine toimub just noortes ja keskealistes metsades. Istutame koos uut metsa ja v\u00e4hendame CO2 jalaj\u00e4lge.","robots":{"index":"index","follow":"follow","max-snippet":"max-snippet:-1","max-image-preview":"max-image-preview:large","max-video-preview":"max-video-preview:-1"},"canonical":"https:\/\/metsauhistu.ee\/uuemetsaistutamine\/co2-sidumine\/","og_locale":"et_EE","og_type":"article","og_title":"CO\u2082 sidumine - Istutame koos uut metsa - Metsa\u00fchistu","og_description":"K\u00f5ige intensiivsem s\u00fcsiniku sidumine toimub just noortes ja keskealistes metsades. Istutame koos uut metsa ja v\u00e4hendame CO2 jalaj\u00e4lge.","og_url":"https:\/\/metsauhistu.ee\/uuemetsaistutamine\/co2-sidumine\/","og_site_name":"Metsa\u00fchistu","article_publisher":"https:\/\/www.facebook.com\/metsauhistu","article_modified_time":"2023-08-16T15:57:36+00:00","twitter_card":"summary_large_image","twitter_misc":{"Est. reading time":"2 minutit"},"schema":{"@context":"https:\/\/schema.org","@graph":[{"@type":"WebPage","@id":"https:\/\/metsauhistu.ee\/uuemetsaistutamine\/co2-sidumine\/","url":"https:\/\/metsauhistu.ee\/uuemetsaistutamine\/co2-sidumine\/","name":"CO\u2082 sidumine - Istutame koos uut metsa - Metsa\u00fchistu","isPartOf":{"@id":"https:\/\/metsauhistu.ee\/uuemetsaistutamine\/#website"},"datePublished":"2023-02-28T14:05:54+00:00","dateModified":"2023-08-16T15:57:36+00:00","description":"K\u00f5ige intensiivsem s\u00fcsiniku sidumine toimub just noortes ja keskealistes metsades. Istutame koos uut metsa ja v\u00e4hendame CO2 jalaj\u00e4lge.","breadcrumb":{"@id":"https:\/\/metsauhistu.ee\/uuemetsaistutamine\/co2-sidumine\/#breadcrumb"},"inLanguage":"et","potentialAction":[{"@type":"ReadAction","target":["https:\/\/metsauhistu.ee\/uuemetsaistutamine\/co2-sidumine\/"]}]},{"@type":"BreadcrumbList","@id":"https:\/\/metsauhistu.ee\/uuemetsaistutamine\/co2-sidumine\/#breadcrumb","itemListElement":[{"@type":"ListItem","position":1,"name":"Home","item":"https:\/\/metsauhistu.ee\/uuemetsaistutamine\/"},{"@type":"ListItem","position":2,"name":"CO\u2082 sidumine"}]},{"@type":"WebSite","@id":"https:\/\/metsauhistu.ee\/uuemetsaistutamine\/#website","url":"https:\/\/metsauhistu.ee\/uuemetsaistutamine\/","name":"Metsa\u00fchistu - Uue metsa istutamine","description":"","publisher":{"@id":"https:\/\/metsauhistu.ee\/uuemetsaistutamine\/#organization"},"potentialAction":[{"@type":"SearchAction","target":{"@type":"EntryPoint","urlTemplate":"https:\/\/metsauhistu.ee\/uuemetsaistutamine\/?s={search_term_string}"},"query-input":{"@type":"PropertyValueSpecification","valueRequired":true,"valueName":"search_term_string"}}],"inLanguage":"et"},{"@type":"Organization","@id":"https:\/\/metsauhistu.ee\/uuemetsaistutamine\/#organization","name":"Metsa\u00fchistu - Uue metsa istutamine","url":"https:\/\/metsauhistu.ee\/uuemetsaistutamine\/","logo":{"@type":"ImageObject","inLanguage":"et","@id":"https:\/\/metsauhistu.ee\/uuemetsaistutamine\/#\/schema\/logo\/image\/","url":"https:\/\/metsauhistu.ee\/uuemetsaistutamine\/wp-content\/uploads\/2023\/06\/mainlogo.svg","contentUrl":"https:\/\/metsauhistu.ee\/uuemetsaistutamine\/wp-content\/uploads\/2023\/06\/mainlogo.svg","width":310,"height":56,"caption":"Metsa\u00fchistu - Uue metsa istutamine"},"image":{"@id":"https:\/\/metsauhistu.ee\/uuemetsaistutamine\/#\/schema\/logo\/image\/"},"sameAs":["https:\/\/www.facebook.com\/metsauhistu","https:\/\/www.instagram.com\/metsauhistu\/","https:\/\/www.youtube.com\/channel\/UC79u-jCtX562JWnRxFR26Tw"]}]}},"_links":{"self":[{"href":"https:\/\/metsauhistu.ee\/uuemetsaistutamine\/wp-json\/wp\/v2\/pages\/186","targetHints":{"allow":["GET"]}}],"collection":[{"href":"https:\/\/metsauhistu.ee\/uuemetsaistutamine\/wp-json\/wp\/v2\/pages"}],"about":[{"href":"https:\/\/metsauhistu.ee\/uuemetsaistutamine\/wp-json\/wp\/v2\/types\/page"}],"author":[{"embeddable":true,"href":"https:\/\/metsauhistu.ee\/uuemetsaistutamine\/wp-json\/wp\/v2\/users\/1"}],"replies":[{"embeddable":true,"href":"https:\/\/metsauhistu.ee\/uuemetsaistutamine\/wp-json\/wp\/v2\/comments?post=186"}],"version-history":[{"count":8,"href":"https:\/\/metsauhistu.ee\/uuemetsaistutamine\/wp-json\/wp\/v2\/pages\/186\/revisions"}],"predecessor-version":[{"id":336,"href":"https:\/\/metsauhistu.ee\/uuemetsaistutamine\/wp-json\/wp\/v2\/pages\/186\/revisions\/336"}],"wp:attachment":[{"href":"https:\/\/metsauhistu.ee\/uuemetsaistutamine\/wp-json\/wp\/v2\/media?parent=186"}],"curies":[{"name":"wp","href":"https:\/\/api.w.org\/{rel}","templated":true}]}}