{"id":69,"date":"2023-02-26T16:55:38","date_gmt":"2023-02-26T14:55:38","guid":{"rendered":"https:\/\/metsauhistu.ee\/uuemetsaistutamine\/?page_id=69"},"modified":"2025-07-07T17:59:42","modified_gmt":"2025-07-07T14:59:42","slug":"ettevottele","status":"publish","type":"page","link":"https:\/\/metsauhistu.ee\/uuemetsaistutamine\/ettevottele\/","title":{"rendered":"Ettev\u00f5ttele"},"content":{"rendered":"<div class=\"lazyblock-stats-hero-2qfVry wp-block-lazyblock-stats-hero\">\n<section class=\"stats-hero\">\n\t<div class=\"l-container\">\n\t\t\t\t\t<h1 class=\"stats-hero__title\">Aitame ettev\u00f5tetel tegutseda j\u00e4tkusuutlikumalt ning v\u00e4hendada nende tegevuse CO\u2082 jalaj\u00e4lge<\/h1>\n\t\t\n\t\t\n\t\t<div class=\"stats-hero__stats\">\n\t\t\t\t\t\t\t<h3 class=\"stats-hero__subtitle\">Investeerides igas kuus n\u00e4iteks 100 \u20ac panustad aasta jooksul<\/h3>\n\t\t\t\t\t\t<div class=\"stats-hero__stats-wrapper\">\n\t\t\t\t\t\t\t\t\t<div class=\"stat-tile\" data-sal=\"slide-up\" data-sal-delay=\"50\">\n\t\t\t\t\t\t<div class=\"stat-tile__img\"><img decoding=\"async\" src=\"https:\/\/metsauhistu.ee\/uuemetsaistutamine\/wp-content\/uploads\/2023\/03\/icon-metsataime.svg\" alt=\"\"><\/div>\n\t\t\t\t\t\t<div class=\"stat-tile__value\">\n\t\t\t\t\t\t\t1 200\t\t\t\t\t\t<\/div>\t\n\t\t\t\t\t\t<div class=\"stat-tile__desc\">\n\t\t\t\t\t\t\tpuu istutamisse\t\t\t\t\t\t<\/div>\n\t\t\t\t\t<\/div>\n\t\t\t\t\t\t\t\t\t<div class=\"stat-tile\" data-sal=\"slide-up\" data-sal-delay=\"100\">\n\t\t\t\t\t\t<div class=\"stat-tile__img\"><img decoding=\"async\" src=\"https:\/\/metsauhistu.ee\/uuemetsaistutamine\/wp-content\/uploads\/2023\/03\/icon-uut-metsa.svg\" alt=\"\"><\/div>\n\t\t\t\t\t\t<div class=\"stat-tile__value\">\n\t\t\t\t\t\t\t1 <span>ha<\/span>\t\t\t\t\t\t<\/div>\t\n\t\t\t\t\t\t<div class=\"stat-tile__desc\">\n\t\t\t\t\t\t\tuue metsa rajamisse\t\t\t\t\t\t<\/div>\n\t\t\t\t\t<\/div>\n\t\t\t\t\t\t\t\t\t<div class=\"stat-tile\" data-sal=\"slide-up\" data-sal-delay=\"150\">\n\t\t\t\t\t\t<div class=\"stat-tile__img\"><img decoding=\"async\" src=\"https:\/\/metsauhistu.ee\/uuemetsaistutamine\/wp-content\/uploads\/2023\/03\/icon-maakera.svg\" alt=\"\"><\/div>\n\t\t\t\t\t\t<div class=\"stat-tile__value\">\n\t\t\t\t\t\t\t275 <span>T<\/span>\t\t\t\t\t\t<\/div>\t\n\t\t\t\t\t\t<div class=\"stat-tile__desc\">\n\t\t\t\t\t\t\tCO\u2082 sidumisse\t\t\t\t\t\t<\/div>\n\t\t\t\t\t<\/div>\n\t\t\t\t\t\t\t<\/div>\n\t\t<\/div>\n\n\t\t\t<\/div>\n<\/section>\n<\/div>\n\n<div class=\"lazyblock-calculator-block-ZE3inz wp-block-lazyblock-calculator-block\">\n<style>\n:root {\n\t--calc-bg-image: url('https:\/\/metsauhistu.ee\/uuemetsaistutamine\/wp-content\/uploads\/2023\/05\/kalkulaator-kui-palju-maksab-metsa-istutamine-uue-metsa-istutamine-metsauhistu.jpg');\n}\n<\/style>\n\n<section class=\"calculator-block calculator-block--reversed\">\n\t<div class=\"calculator-block__wrapper\">\n\t\t\n\t\t<div class=\"calculator-block__content\" data-sal=\"slide-right\" data-sal-delay=\"50\">\n\t\t\t<h2>Panusta rohep\u00f6\u00f6rdesse<\/h2>\n<div><span class=\" author-d-iz88z86z86za0dz67zz78zz78zz74zz68zjz80zz71z9iz90z8gz90zz85zz67zz83zz79zz75z2hotz89zkesz76zz86zbkz88zz69zkz71zfgcz79za08\">K\u00f5ik ettev\u00f5tted on oodatud kaasa aitama uue metsa istutamisse. \u00a0Olgu Su eesm\u00e4rgiks kindla summa investeerimine, kindla arvu taimede istutamine v\u00f5i hoopis panustada<span class=\"Apple-converted-space\">\u00a0\u00a0<\/span>CO\u2082 sidumisse, aitame Sul need ellu viia. Hangime sertifitseeritud metsataimed ning leiame meie metsaomanike seast sobiva s\u00f6\u00f6tis seisva maalapi ning korraldame taimede istutamise. Sinu \u00fclesandeks on vaid oma eesm\u00e4rgid paika panna ning meiega leping s\u00f5lmida.<\/span><\/div>\n<div>\u00a0<\/div>\n<div><span class=\" author-d-iz88z86z86za0dz67zz78zz78zz74zz68zjz80zz71z9iz90z8gz90zz85zz67zz83zz79zz75z2hotz89zkesz76zz86zbkz88zz69zkz71zfgcz79za08\">Kasuta meie kalkulaatorit ning vaata j\u00e4rgi, kuidas oma eesm\u00e4rki saavutada.<\/span><\/div>\t\t\t\t\t<\/div>\n\t\t<div class=\"calculator-block__calc\" data-sal=\"slide-left\" data-sal-delay=\"50\">\n\t\t\t<div id=\"calculator\"><\/div>\n<script>\n\tvar calcData = {\n\t\tstrings: {\n\t\ttitle: 'Soovin panustada metsa istutamisse',\n\t\tslider1: 'Metsataime',\n\t\tslider2: 'Eurot',\n\t\tslider3: 'TONNI CO<sub>2<\/sub>',\n\t\tdisclaimer: 'Kalkulatsioonid on hinnangulised ning s\u00f5ltuvad mitmetest tingimustest. <br>NB! Me ei m\u00fc\u00fc s\u00fcsinikukrediiti, arvutatud CO\u2082 hulk n\u00e4itab keskmist tekkinud s\u00fcsinikutagavara kogust 50 aasta jooksul. <a href=\"https:\/\/metsauhistu.ee\/uuemetsaistutamine\/kalkulaator\/\">Vaata l\u00e4hemalt<\/a>',\n\t\tslider1Postfix: ' tk',\n\t\tslider2Postfix: ' \u20ac',\n\t\tslider3Postfix: ' T CO<sub>2<\/sub>',\n\t\t},\n\t};\n<\/script>\n<script type=\"module\" crossorigin src=\"https:\/\/metsauhistu.ee\/uuemetsaistutamine\/wp-content\/themes\/mets\/calculator\/dist\/assets\/index.js?v=1.3\"><\/script>\n\t\t<\/div>\n\t<\/div>\n<\/section>\n<\/div>\n\n<div class=\"lazyblock-text-with-gallery-wPLFR wp-block-lazyblock-text-with-gallery\">\n<section class=\"text-with-gallery\">\n\n\t<div class=\"text-with-gallery__content body-content\">\n\t\t<h2>Tutvu meie koost\u00f6\u00f6lepingu ja tingimustega<\/h2>\n<h3>Taimede arvu kokku leppimine<\/h3>\n<p>K\u00f5ige pealt v\u00f5ta meiega \u00fchendust ning r\u00e4\u00e4gime l\u00e4bi kui palju metsataimi soovid istutada s\u00f5ltuvalt Sinu eesm\u00e4rkidest ja eelarvest. Taimede istutamine toimub peamiselt kevadel, sest s\u00fcgiseseks istutamiseks sobivaid taimi on v\u00e4hem ning istutusperiood on l\u00fchem. Soovitud istutusmaht tuleks kokku leppida aasta esimeses kvartalis. Hilisemaid soove saab t\u00e4ita kas jooksva aasta s\u00fcgisel v\u00f5i juba j\u00e4rgmise aasta kevadisel istutushooajal. Kui istutusmahud on paika pandud, siis s\u00f5lmime ka koost\u00f6\u00f6lepingu.<\/p>\n<h3>Taimede hankimine<\/h3>\n<p class=\"p1\">Enne istutusperioodi algust tellime k\u00f5ik vajalikud metsataimed. Metsa\u00fchistu on metsakultiveerimismaterjali tarnijana registreeritud majandustegevuse registris (nr KUL000026) ja taimetervise riiklikus registris (nr 3695) ning omab taimepassi v\u00e4ljastamise \u00f5igust. Metsataimede \u00fchise hankimise jaoks tehakse iga-aastaselt koost\u00f6\u00f6d ligi 20 erineva metsataimi tootva v\u00f5i tarniva ettev\u00f5tte ja taimlaga. T\u00e4nu piirkondlike \u00fchistute \u00fchisele taimede hankimisele, j\u00f5uab erametsadesse iga-aastaselt 3-4 miljonit metsataime.<\/p>\n<h3>Metsamaa leidmine<\/h3>\n<p>Metsa\u00fchistusse kuulub t\u00e4na \u00fcle 6 900 metsaomaniku, kellel on kokku \u00fcle 161 000 hektari metsamaad, millele lisanduvad s\u00f6\u00f6tis seisvad maad, kuhu rajada uut metsa. Vastavalt Sinu eesm\u00e4rkidele leiame sobiva arvu taimi je nendele sobiva maa, kuhu uus mets rajada.<\/p>\n<h3>Taimede istutamine<\/h3>\n<p>S\u00f5lmitud koost\u00f6\u00f6lepingu alusel anname istutamise korraldamise \u00fcle piirkondlikele metsa\u00fchistutele. Nemad lepivad k\u00f5ik vajaliku kokku maaomanikuga ning korraldavad ala ettevalmistamise, taimede transpordi ning istutamise. Teostatud t\u00f6\u00f6de j\u00e4rgselt koostatakse istutust\u00f6\u00f6de akt (taimede arv ja liik, istutusalad). <a href=\"https:\/\/metsauhistu.ee\/uuemetsaistutamine\/puuliigid\/\">Loe taimede istutamisest l\u00e4hemalt<\/a><\/p>\n<h3>Tunnustuskiri<\/h3>\n<p>Kaks korda aastas, peale kevadist ja s\u00fcgisest istutusperioodi anname k\u00f5ikidele uue metsa rajajatele \u00fcle tunnustuskirja koos \u00fclevaatega kui palju taimi ja kuhu istutati.<\/p>\t<\/div>\n\n\t<div class=\"text-with-gallery__gallery\" data-sal=\"slide-left\" data-sal-delay=\"50\">\n\n\t\t\t\t\t<div class=\"text-with-gallery__image\"><img decoding=\"async\" src=\"https:\/\/metsauhistu.ee\/uuemetsaistutamine\/wp-content\/uploads\/2023\/05\/uue-metsa-istutamine-ettevotete-toetus-metsauhistu.png\" alt=\"\"><\/div>\n\t\t\n\t\t\t\t\t<div class=\"text-with-gallery__image\"><img decoding=\"async\" src=\"https:\/\/metsauhistu.ee\/uuemetsaistutamine\/wp-content\/uploads\/2023\/02\/pic.jpg\" alt=\"\"><\/div>\n\t\t\n\t\t\t\t\t<div class=\"text-with-gallery__image\"><img decoding=\"async\" src=\"https:\/\/metsauhistu.ee\/uuemetsaistutamine\/wp-content\/uploads\/2023\/05\/uue-metsa-istutamine-ettevotete-toetus-metsauhistu-1.png\" alt=\"\"><\/div>\n\t\t\n\t<\/div>\n\n<\/section>\n<\/div>\n\n<div class=\"lazyblock-bulletpoints-16BvO8 wp-block-lazyblock-bulletpoints\">\n<section class=\"bulletpoints\">\n\t<div class=\"l-container l-container--wider\">\n\t\t\t\t\t<h2 class=\"bulletpoints__title small-bottom-margin\">Miks teha seda just koos Metsa\u00fchistuga?<\/h2>\n\t\t\n\t\t\t\t\t<div class=\"bulletpoints__intro\">Metsa\u00fchistu\u00ae (juriidilise nimega Kesk\u00fchistu Eramets) on metsaomanike endi loodud organisatsioon,<br>mis t\u00e4hendab, et meie eesm\u00e4rk ei ole mitte \u00e4rikasumit teenida, vaid seista metsaomanike huvide eest.<\/div>\n\t\t\n\t\t<div class=\"bulletpoints__points\">\n\t\t\t\t\t\t\t<div class=\"bulletpoint\" data-sal=\"slide-up\" data-sal-delay=\"100\">\n\t\t\t\t\t<div class=\"bulletpoint__icon\">\n\t\t\t\t\t\t<img decoding=\"async\" src=\"https:\/\/metsauhistu.ee\/uuemetsaistutamine\/wp-content\/uploads\/2023\/02\/crown-1.svg\" alt=\"\">\n\t\t\t\t\t<\/div>\n\t\t\t\t\t<div class=\"bulletpoint__content\">\n\t\t\t\t\t\t<div class=\"bulletpoint__title\">\n\t\t\t\t\t\t\t\u00dcle 20 aasta kogemust\t\t\t\t\t\t<\/div>\t\n\t\t\t\t\t\t<div class=\"bulletpoint__desc\">\n\t\t\t\t\t\t\tEsimesed \u00fchistud tekkisid 1990ndate aastate l\u00f5pus metsaspetisalistide eestvedamisel, kellest mitmed on ka t\u00e4na Metsa\u00fchistu ridades ja l\u00f6\u00f6vad aktiivselt \u00fchistulise tegevuse t\u00f6\u00f6s kaasa.\t\t\t\t\t\t<\/div>\n\t\t\t\t\t<\/div>\n\t\t\t\t<\/div>\n\t\t\t\t\t\t\t<div class=\"bulletpoint\" data-sal=\"slide-up\" data-sal-delay=\"200\">\n\t\t\t\t\t<div class=\"bulletpoint__icon\">\n\t\t\t\t\t\t<img decoding=\"async\" src=\"https:\/\/metsauhistu.ee\/uuemetsaistutamine\/wp-content\/uploads\/2023\/02\/forest-2-1.svg\" alt=\"\">\n\t\t\t\t\t<\/div>\n\t\t\t\t\t<div class=\"bulletpoint__content\">\n\t\t\t\t\t\t<div class=\"bulletpoint__title\">\n\t\t\t\t\t\t\t\u00dcle 6900 metsaomanikku\t\t\t\t\t\t<\/div>\t\n\t\t\t\t\t\t<div class=\"bulletpoint__desc\">\n\t\t\t\t\t\t\tMeid on usaldnud \u00fcle 6900 metsaomaniku oma metsade eest hoolitsema. Meie spetsialistid korraldavad igap\u00e4evaselt metsat\u00f6id ligi 161 000 hektaril. \t\t\t\t\t\t<\/div>\n\t\t\t\t\t<\/div>\n\t\t\t\t<\/div>\n\t\t\t\t\t\t\t<div class=\"bulletpoint\" data-sal=\"slide-up\" data-sal-delay=\"300\">\n\t\t\t\t\t<div class=\"bulletpoint__icon\">\n\t\t\t\t\t\t<img decoding=\"async\" src=\"https:\/\/metsauhistu.ee\/uuemetsaistutamine\/wp-content\/uploads\/2023\/02\/Group-40.svg\" alt=\"\">\n\t\t\t\t\t<\/div>\n\t\t\t\t\t<div class=\"bulletpoint__content\">\n\t\t\t\t\t\t<div class=\"bulletpoint__title\">\n\t\t\t\t\t\t\t8 \u00fchistut \u00fcle Eesti\t\t\t\t\t\t<\/div>\t\n\t\t\t\t\t\t<div class=\"bulletpoint__desc\">\n\t\t\t\t\t\t\tMetsa\u00fchistusse kuulub 8 piirkondlikku \u00fchistut ja lisaks teeme tihedat koost\u00f6\u00f6d veel 5 \u00fchistuga \u00fcle Eesti. Nii tunneme metsaomanike metsi k\u00f5ige paremini.\t\t\t\t\t\t<\/div>\n\t\t\t\t\t<\/div>\n\t\t\t\t<\/div>\n\t\t\t\t\t\t\t<div class=\"bulletpoint\" data-sal=\"slide-up\" data-sal-delay=\"400\">\n\t\t\t\t\t<div class=\"bulletpoint__icon\">\n\t\t\t\t\t\t<img decoding=\"async\" src=\"https:\/\/metsauhistu.ee\/uuemetsaistutamine\/wp-content\/uploads\/2023\/02\/estonia-1.svg\" alt=\"\">\n\t\t\t\t\t<\/div>\n\t\t\t\t\t<div class=\"bulletpoint__content\">\n\t\t\t\t\t\t<div class=\"bulletpoint__title\">\n\t\t\t\t\t\t\tKoost\u00f6\u00f6 riigiga\t\t\t\t\t\t<\/div>\t\n\t\t\t\t\t\t<div class=\"bulletpoint__desc\">\n\t\t\t\t\t\t\tMetsa\u00fchistu r\u00e4\u00e4gib aktiivselt kaasa ja teeb koost\u00f6\u00f6d erinevate riiklike metsandusorganisatsioonidega, et seista metsaomanike huvide eest. \t\t\t\t\t\t<\/div>\n\t\t\t\t\t<\/div>\n\t\t\t\t<\/div>\n\t\t\t\t\t<\/div>\n\n\t\t\t\t\t<h3 class=\"bulletpoints__sponsors-title\">Rajame uut metsa koos<\/h3>\n\t\t\n\t\t<div class=\"bulletpoints__sponsors\">\n\t\t\t\t\t\t\t<div class=\"bulletpoints__sponsor\">\n\t\t\t\t\t<img decoding=\"async\" src=\"https:\/\/metsauhistu.ee\/uuemetsaistutamine\/wp-content\/uploads\/2024\/06\/coop-pank-logo.png\" alt=\"\">\n\t\t\t\t<\/div>\n\t\t\t\t\t\t\t<div class=\"bulletpoints__sponsor\">\n\t\t\t\t\t<img decoding=\"async\" src=\"https:\/\/metsauhistu.ee\/uuemetsaistutamine\/wp-content\/uploads\/2023\/05\/cuba-films-logo.png\" alt=\"\">\n\t\t\t\t<\/div>\n\t\t\t\t\t\t\t<div class=\"bulletpoints__sponsor\">\n\t\t\t\t\t<img decoding=\"async\" src=\"https:\/\/metsauhistu.ee\/uuemetsaistutamine\/wp-content\/uploads\/2023\/06\/ebs-logo.png\" alt=\"\">\n\t\t\t\t<\/div>\n\t\t\t\t\t\t\t<div class=\"bulletpoints__sponsor\">\n\t\t\t\t\t<img decoding=\"async\" src=\"https:\/\/metsauhistu.ee\/uuemetsaistutamine\/wp-content\/uploads\/2025\/07\/fiskostar.jpg\" alt=\"\">\n\t\t\t\t<\/div>\n\t\t\t\t\t\t\t<div class=\"bulletpoints__sponsor\">\n\t\t\t\t\t<img decoding=\"async\" src=\"https:\/\/metsauhistu.ee\/uuemetsaistutamine\/wp-content\/uploads\/2025\/07\/philip-morris-eesti.jpg\" alt=\"\">\n\t\t\t\t<\/div>\n\t\t\t\t\t<\/div>\n\t<\/div>\n<\/section>\n<\/div>","protected":false},"excerpt":{"rendered":"","protected":false},"author":1,"featured_media":0,"parent":0,"menu_order":0,"comment_status":"closed","ping_status":"closed","template":"template-mapfooter.php","meta":{"_acf_changed":false,"footnotes":""},"class_list":["post-69","page","type-page","status-publish","hentry"],"acf":[],"yoast_head":"<!-- This site is optimized with the Yoast SEO plugin v26.1.1 - https:\/\/yoast.com\/wordpress\/plugins\/seo\/ -->\n<title>J\u00e4tkusuutlikud ettev\u00f5tted - Rajame koos uut metsa - Metsa\u00fchistu<\/title>\n<meta name=\"description\" content=\"Aitame ettev\u00f5tetel tegutseda j\u00e4tkusuutlikumalt ning v\u00e4hendada nende tegevuse CO\u2082 jalaj\u00e4lge. Istutame koos uut metsa.\" \/>\n<meta name=\"robots\" content=\"index, follow, max-snippet:-1, max-image-preview:large, max-video-preview:-1\" \/>\n<link rel=\"canonical\" href=\"https:\/\/metsauhistu.ee\/uuemetsaistutamine\/ettevottele\/\" \/>\n<meta property=\"og:locale\" content=\"et_EE\" \/>\n<meta property=\"og:type\" content=\"article\" \/>\n<meta property=\"og:title\" content=\"J\u00e4tkusuutlikud ettev\u00f5tted - Rajame koos uut metsa - Metsa\u00fchistu\" \/>\n<meta property=\"og:description\" content=\"Aitame ettev\u00f5tetel tegutseda j\u00e4tkusuutlikumalt ning v\u00e4hendada nende tegevuse CO\u2082 jalaj\u00e4lge. Istutame koos uut metsa.\" \/>\n<meta property=\"og:url\" content=\"https:\/\/metsauhistu.ee\/uuemetsaistutamine\/ettevottele\/\" \/>\n<meta property=\"og:site_name\" content=\"Metsa\u00fchistu\" \/>\n<meta property=\"article:publisher\" content=\"https:\/\/www.facebook.com\/metsauhistu\" \/>\n<meta property=\"article:modified_time\" content=\"2025-07-07T14:59:42+00:00\" \/>\n<meta name=\"twitter:card\" content=\"summary_large_image\" \/>\n<script type=\"application\/ld+json\" class=\"yoast-schema-graph\">{\"@context\":\"https:\/\/schema.org\",\"@graph\":[{\"@type\":\"WebPage\",\"@id\":\"https:\/\/metsauhistu.ee\/uuemetsaistutamine\/ettevottele\/\",\"url\":\"https:\/\/metsauhistu.ee\/uuemetsaistutamine\/ettevottele\/\",\"name\":\"J\u00e4tkusuutlikud ettev\u00f5tted - Rajame koos uut metsa - Metsa\u00fchistu\",\"isPartOf\":{\"@id\":\"https:\/\/metsauhistu.ee\/uuemetsaistutamine\/#website\"},\"datePublished\":\"2023-02-26T14:55:38+00:00\",\"dateModified\":\"2025-07-07T14:59:42+00:00\",\"description\":\"Aitame ettev\u00f5tetel tegutseda j\u00e4tkusuutlikumalt ning v\u00e4hendada nende tegevuse CO\u2082 jalaj\u00e4lge. Istutame koos uut metsa.\",\"breadcrumb\":{\"@id\":\"https:\/\/metsauhistu.ee\/uuemetsaistutamine\/ettevottele\/#breadcrumb\"},\"inLanguage\":\"et\",\"potentialAction\":[{\"@type\":\"ReadAction\",\"target\":[\"https:\/\/metsauhistu.ee\/uuemetsaistutamine\/ettevottele\/\"]}]},{\"@type\":\"BreadcrumbList\",\"@id\":\"https:\/\/metsauhistu.ee\/uuemetsaistutamine\/ettevottele\/#breadcrumb\",\"itemListElement\":[{\"@type\":\"ListItem\",\"position\":1,\"name\":\"Home\",\"item\":\"https:\/\/metsauhistu.ee\/uuemetsaistutamine\/\"},{\"@type\":\"ListItem\",\"position\":2,\"name\":\"Ettev\u00f5ttele\"}]},{\"@type\":\"WebSite\",\"@id\":\"https:\/\/metsauhistu.ee\/uuemetsaistutamine\/#website\",\"url\":\"https:\/\/metsauhistu.ee\/uuemetsaistutamine\/\",\"name\":\"Metsa\u00fchistu - Uue metsa istutamine\",\"description\":\"\",\"publisher\":{\"@id\":\"https:\/\/metsauhistu.ee\/uuemetsaistutamine\/#organization\"},\"potentialAction\":[{\"@type\":\"SearchAction\",\"target\":{\"@type\":\"EntryPoint\",\"urlTemplate\":\"https:\/\/metsauhistu.ee\/uuemetsaistutamine\/?s={search_term_string}\"},\"query-input\":{\"@type\":\"PropertyValueSpecification\",\"valueRequired\":true,\"valueName\":\"search_term_string\"}}],\"inLanguage\":\"et\"},{\"@type\":\"Organization\",\"@id\":\"https:\/\/metsauhistu.ee\/uuemetsaistutamine\/#organization\",\"name\":\"Metsa\u00fchistu - Uue metsa istutamine\",\"url\":\"https:\/\/metsauhistu.ee\/uuemetsaistutamine\/\",\"logo\":{\"@type\":\"ImageObject\",\"inLanguage\":\"et\",\"@id\":\"https:\/\/metsauhistu.ee\/uuemetsaistutamine\/#\/schema\/logo\/image\/\",\"url\":\"https:\/\/metsauhistu.ee\/uuemetsaistutamine\/wp-content\/uploads\/2023\/06\/mainlogo.svg\",\"contentUrl\":\"https:\/\/metsauhistu.ee\/uuemetsaistutamine\/wp-content\/uploads\/2023\/06\/mainlogo.svg\",\"width\":310,\"height\":56,\"caption\":\"Metsa\u00fchistu - Uue metsa istutamine\"},\"image\":{\"@id\":\"https:\/\/metsauhistu.ee\/uuemetsaistutamine\/#\/schema\/logo\/image\/\"},\"sameAs\":[\"https:\/\/www.facebook.com\/metsauhistu\",\"https:\/\/www.instagram.com\/metsauhistu\/\",\"https:\/\/www.youtube.com\/channel\/UC79u-jCtX562JWnRxFR26Tw\"]}]}<\/script>\n<!-- \/ Yoast SEO plugin. -->","yoast_head_json":{"title":"J\u00e4tkusuutlikud ettev\u00f5tted - Rajame koos uut metsa - Metsa\u00fchistu","description":"Aitame ettev\u00f5tetel tegutseda j\u00e4tkusuutlikumalt ning v\u00e4hendada nende tegevuse CO\u2082 jalaj\u00e4lge. Istutame koos uut metsa.","robots":{"index":"index","follow":"follow","max-snippet":"max-snippet:-1","max-image-preview":"max-image-preview:large","max-video-preview":"max-video-preview:-1"},"canonical":"https:\/\/metsauhistu.ee\/uuemetsaistutamine\/ettevottele\/","og_locale":"et_EE","og_type":"article","og_title":"J\u00e4tkusuutlikud ettev\u00f5tted - Rajame koos uut metsa - Metsa\u00fchistu","og_description":"Aitame ettev\u00f5tetel tegutseda j\u00e4tkusuutlikumalt ning v\u00e4hendada nende tegevuse CO\u2082 jalaj\u00e4lge. Istutame koos uut metsa.","og_url":"https:\/\/metsauhistu.ee\/uuemetsaistutamine\/ettevottele\/","og_site_name":"Metsa\u00fchistu","article_publisher":"https:\/\/www.facebook.com\/metsauhistu","article_modified_time":"2025-07-07T14:59:42+00:00","twitter_card":"summary_large_image","schema":{"@context":"https:\/\/schema.org","@graph":[{"@type":"WebPage","@id":"https:\/\/metsauhistu.ee\/uuemetsaistutamine\/ettevottele\/","url":"https:\/\/metsauhistu.ee\/uuemetsaistutamine\/ettevottele\/","name":"J\u00e4tkusuutlikud ettev\u00f5tted - Rajame koos uut metsa - Metsa\u00fchistu","isPartOf":{"@id":"https:\/\/metsauhistu.ee\/uuemetsaistutamine\/#website"},"datePublished":"2023-02-26T14:55:38+00:00","dateModified":"2025-07-07T14:59:42+00:00","description":"Aitame ettev\u00f5tetel tegutseda j\u00e4tkusuutlikumalt ning v\u00e4hendada nende tegevuse CO\u2082 jalaj\u00e4lge. Istutame koos uut metsa.","breadcrumb":{"@id":"https:\/\/metsauhistu.ee\/uuemetsaistutamine\/ettevottele\/#breadcrumb"},"inLanguage":"et","potentialAction":[{"@type":"ReadAction","target":["https:\/\/metsauhistu.ee\/uuemetsaistutamine\/ettevottele\/"]}]},{"@type":"BreadcrumbList","@id":"https:\/\/metsauhistu.ee\/uuemetsaistutamine\/ettevottele\/#breadcrumb","itemListElement":[{"@type":"ListItem","position":1,"name":"Home","item":"https:\/\/metsauhistu.ee\/uuemetsaistutamine\/"},{"@type":"ListItem","position":2,"name":"Ettev\u00f5ttele"}]},{"@type":"WebSite","@id":"https:\/\/metsauhistu.ee\/uuemetsaistutamine\/#website","url":"https:\/\/metsauhistu.ee\/uuemetsaistutamine\/","name":"Metsa\u00fchistu - Uue metsa istutamine","description":"","publisher":{"@id":"https:\/\/metsauhistu.ee\/uuemetsaistutamine\/#organization"},"potentialAction":[{"@type":"SearchAction","target":{"@type":"EntryPoint","urlTemplate":"https:\/\/metsauhistu.ee\/uuemetsaistutamine\/?s={search_term_string}"},"query-input":{"@type":"PropertyValueSpecification","valueRequired":true,"valueName":"search_term_string"}}],"inLanguage":"et"},{"@type":"Organization","@id":"https:\/\/metsauhistu.ee\/uuemetsaistutamine\/#organization","name":"Metsa\u00fchistu - Uue metsa istutamine","url":"https:\/\/metsauhistu.ee\/uuemetsaistutamine\/","logo":{"@type":"ImageObject","inLanguage":"et","@id":"https:\/\/metsauhistu.ee\/uuemetsaistutamine\/#\/schema\/logo\/image\/","url":"https:\/\/metsauhistu.ee\/uuemetsaistutamine\/wp-content\/uploads\/2023\/06\/mainlogo.svg","contentUrl":"https:\/\/metsauhistu.ee\/uuemetsaistutamine\/wp-content\/uploads\/2023\/06\/mainlogo.svg","width":310,"height":56,"caption":"Metsa\u00fchistu - Uue metsa istutamine"},"image":{"@id":"https:\/\/metsauhistu.ee\/uuemetsaistutamine\/#\/schema\/logo\/image\/"},"sameAs":["https:\/\/www.facebook.com\/metsauhistu","https:\/\/www.instagram.com\/metsauhistu\/","https:\/\/www.youtube.com\/channel\/UC79u-jCtX562JWnRxFR26Tw"]}]}},"_links":{"self":[{"href":"https:\/\/metsauhistu.ee\/uuemetsaistutamine\/wp-json\/wp\/v2\/pages\/69","targetHints":{"allow":["GET"]}}],"collection":[{"href":"https:\/\/metsauhistu.ee\/uuemetsaistutamine\/wp-json\/wp\/v2\/pages"}],"about":[{"href":"https:\/\/metsauhistu.ee\/uuemetsaistutamine\/wp-json\/wp\/v2\/types\/page"}],"author":[{"embeddable":true,"href":"https:\/\/metsauhistu.ee\/uuemetsaistutamine\/wp-json\/wp\/v2\/users\/1"}],"replies":[{"embeddable":true,"href":"https:\/\/metsauhistu.ee\/uuemetsaistutamine\/wp-json\/wp\/v2\/comments?post=69"}],"version-history":[{"count":49,"href":"https:\/\/metsauhistu.ee\/uuemetsaistutamine\/wp-json\/wp\/v2\/pages\/69\/revisions"}],"predecessor-version":[{"id":925,"href":"https:\/\/metsauhistu.ee\/uuemetsaistutamine\/wp-json\/wp\/v2\/pages\/69\/revisions\/925"}],"wp:attachment":[{"href":"https:\/\/metsauhistu.ee\/uuemetsaistutamine\/wp-json\/wp\/v2\/media?parent=69"}],"curies":[{"name":"wp","href":"https:\/\/api.w.org\/{rel}","templated":true}]}}