{"id":820,"date":"2024-10-22T08:44:06","date_gmt":"2024-10-22T05:44:06","guid":{"rendered":"https:\/\/metsauhistu.ee\/uuemetsaistutamine\/?page_id=820"},"modified":"2024-10-22T08:44:08","modified_gmt":"2024-10-22T05:44:08","slug":"miks-istutada-uut-metsa-co2-jalajalje-vahendamiseks","status":"publish","type":"page","link":"https:\/\/metsauhistu.ee\/uuemetsaistutamine\/miks-istutada-uut-metsa-co2-jalajalje-vahendamiseks\/","title":{"rendered":"Miks istutada just uut metsa?"},"content":{"rendered":"<div class=\"lazyblock-main-hero-Zl8C5G wp-block-lazyblock-main-hero\">\n<section class=\"main-hero\">\n\t<div class=\"l-container\">\n\t\t<div class=\"main-hero__header\">\n\t\t\t\t\t\t\t<h1 class=\"main-hero__title\">Miks istutada uut metsa CO\u2082 jalaj\u00e4lje v\u00e4hendamiseks?<\/h1>\n\t\t\t\t\t<\/div>\n\t\t<div class=\"main-hero__image-block\">\n\t\t\t\t\t\t\t<div class=\"main-hero__content\">\n\t\t\t\t\t<div class=\"main-hero__content-txt\">Metsad on meie planeedi kopsud, milles kasvavatel puudel on v\u00f5ime atmosf\u00e4\u00e4ris sisalduvat s\u00fcsinikku l\u00e4bi fotos\u00fcnteesi siduda.<br><br>K\u00f5ige intensivsem s\u00fcsiniku sidumine toimub just noortes ja keskealistes metsades. <\/div>\n\t\t\t\t\t\t\t\t\t<\/div>\n\t\t\t\t\t\t<div class=\"main-hero__image\">\n\t\t\t\t<img decoding=\"async\" src=\"https:\/\/metsauhistu.ee\/uuemetsaistutamine\/wp-content\/uploads\/2023\/05\/uue-metsa-istutamine-rohelepe-metsauhistu.jpg\" alt=\"\">\n\t\t\t<\/div>\n\t\t\t<div class=\"main-hero__kik\">\n\t\t\t\tProjekti valmimist toetab:\n\t\t\t\t<svg fill=\"none\" height=\"32\" viewBox=\"0 0 229 32\" width=\"229\" xmlns=\"http:\/\/www.w3.org\/2000\/svg\"><g clip-rule=\"evenodd\" fill=\"#fff\" fill-rule=\"evenodd\"><path d=\"m4.17346 0-2.54473 13.2992h-.02316v-13.2992h-1.60557v31.5341h1.60557v-14.1786h.02316l2.63221 14.1786h2.06486l-3.29863-16.9805 3.12495-14.5536z\"\/><path d=\"m6.77393 31.5328h1.60686v-31.5328h-1.60686z\"\/><path d=\"m13.723 0-2.5447 13.2992h-.0219v-13.2992h-1.60684v31.5341h1.60684v-14.1786h.0219l2.6322 14.1786h2.0662l-3.3-16.9805 3.125-14.5536z\"\/><path d=\"m187.209 19.7415h1.788v-2.5959l.687-.8358 1.957 3.4317h2.11l-2.786-4.5645 2.644-3.3843h-2.218l-1.814 2.6419c-.177.2816-.367.5657-.545.8717h-.035v-3.5136h-1.788zm12.03-4.8231h-2.94v-1.6525h3.119v-1.4732h-4.932v7.9488h5.096v-1.4733h-3.283v-1.8893h2.94zm1.271 4.4583c.45.247 1.349.4825 2.263.4825 2.192 0 3.223-1.1315 3.223-2.464 0-1.1213-.662-1.8521-2.073-2.3718-1.032-.3891-1.482-.6131-1.482-1.1213 0-.4134.378-.7654 1.162-.7654.781 0 1.351.2227 1.671.3763l.403-1.449c-.475-.2125-1.138-.4019-2.038-.4019-1.886 0-3.024 1.0381-3.024 2.3936 0 1.1571.865 1.888 2.193 2.3488.961.3405 1.341.6246 1.341 1.12 0 .5184-.44.8602-1.269.8602-.772 0-1.518-.2471-2.003-.4941zm6.708.3648h1.789v-2.5959l.687-.8358 1.957 3.4317h2.11l-2.787-4.5645 2.646-3.3843h-2.217l-1.815 2.6419c-.178.2816-.368.5657-.546.8717h-.035v-3.5136h-1.789zm7.269-7.9488v4.4352c0 2.5344 1.182 3.6428 3.198 3.6428 2.087 0 3.331-1.166 3.331-3.6198v-4.4582h-1.8v4.5772c0 1.4029-.521 2.0634-1.471 2.0634-.926 0-1.447-.695-1.447-2.0634v-4.5772zm7.786 7.584c.451.247 1.352.4825 2.264.4825 2.195 0 3.224-1.1315 3.224-2.464 0-1.1213-.663-1.8521-2.074-2.3718-1.032-.3891-1.482-.6131-1.482-1.1213 0-.4134.38-.7654 1.163-.7654.782 0 1.35.2227 1.671.3763l.402-1.449c-.473-.2125-1.136-.4019-2.038-.4019-1.885 0-3.022 1.0381-3.022 2.3936 0 1.1571.864 1.888 2.192 2.3488.961.3405 1.339.6246 1.339 1.12 0 .5184-.439.8602-1.268.8602-.771 0-1.516-.2471-2.002-.4941z\"\/><path d=\"m86.2421 19.7427h1.8114v-7.9488h-1.8114zm5.0367 0v-2.3948c0-1.298-.0245-2.418-.0708-3.4663l.036-.0128c.3899.9319.9135 1.9584 1.3856 2.8071l1.7085 3.0668h1.8963v-7.95h-1.6583v2.3232c0 1.1916.036 2.2643.1544 3.3139h-.036c-.3564-.896-.8311-1.8867-1.3045-2.7251l-1.6609-2.912h-2.1086v7.95zm10.5162 0 2.69-7.95h-1.921l-1.019 3.3958c-.273.9088-.521 1.8534-.723 2.8096h-.035c-.189-.992-.438-1.9008-.711-2.8429l-.9713-3.3625h-1.9813l2.5615 7.95zm8.298-4.8243h-2.94v-1.6525h3.119v-1.4732h-4.932v7.95h5.096v-1.4745h-3.283v-1.8893h2.94zm1.27 4.4583c.449.247 1.349.4825 2.263.4825 2.192 0 3.224-1.1315 3.224-2.464 0-1.12-.663-1.8521-2.073-2.3718-1.033-.3891-1.483-.6131-1.483-1.1213 0-.4122.378-.7654 1.161-.7654.784 0 1.353.224 1.673.3776l.401-1.4503c-.473-.2125-1.137-.4019-2.038-.4019-1.886 0-3.022 1.0381-3.022 2.3949 0 1.1558.865 1.8867 2.191 2.3475.963.3418 1.342.6259 1.342 1.1213 0 .5171-.44.8601-1.271.8601-.771 0-1.517-.247-2.002-.494zm8.25.366h1.813v-6.4409h2.18v-1.5091h-6.139v1.5091h2.146zm9.708-4.8243h-2.941v-1.6525h3.119v-1.4732h-4.932v7.95h5.098v-1.4745h-3.285v-1.8893h2.941zm6.33 0h-2.94v-1.6525h3.117v-1.4732h-4.93v7.95h5.098v-1.4745h-3.285v-1.8893h2.94zm1.578 4.8243h1.789v-3.127h.545c.736.0115 1.079.2829 1.294 1.2736.236.9792.426 1.6269.556 1.8534h1.849c-.155-.3084-.404-1.3465-.652-2.2425-.202-.7309-.511-1.2608-1.067-1.4861v-.0346c.687-.247 1.41-.942 1.41-1.9584 0-.7321-.26-1.2864-.733-1.6627-.569-.4467-1.399-.6259-2.585-.6259-.962 0-1.827.0717-2.406.1664zm1.789-6.6176c.131-.0243.379-.0588.818-.0588.831.0115 1.329.3776 1.329 1.1084 0 .6964-.534 1.1444-1.435 1.1444h-.712zm5.241 6.6176h1.811v-7.9488h-1.811zm5.037 0v-2.3948c0-1.298-.024-2.418-.071-3.4663l.035-.0128c.391.9319.913 1.9584 1.386 2.8071l1.71 3.0668h1.895v-7.95h-1.658v2.3232c0 1.1916.036 2.2643.153 3.3139h-.035c-.355-.896-.831-1.8867-1.304-2.7251l-1.661-2.912h-2.109v7.95zm13.193-4.5529h-2.973v1.4016h1.232v1.664c-.143.0717-.473.119-.89.119-1.481 0-2.514-.9677-2.514-2.6073 0-1.7216 1.139-2.5716 2.645-2.5716.876 0 1.423.1524 1.862.3418l.378-1.4374c-.391-.1882-1.184-.3904-2.217-.3904-2.619 0-4.55 1.5091-4.563 4.1536-.012 1.166.391 2.2054 1.127 2.8876.733.7066 1.788 1.0727 3.246 1.0727 1.057 0 2.111-.2599 2.667-.4467zm1.401-3.3971v4.4352c0 2.5356 1.185 3.6441 3.199 3.6441 2.088 0 3.331-1.1673 3.331-3.6211v-4.4582h-1.8v4.5772c0 1.4029-.522 2.0634-1.471 2.0634-.924 0-1.447-.695-1.447-2.0634v-4.5772zm9.638 7.95h1.812v-6.4409h2.18v-1.5091h-6.139v1.5091h2.147zm9.707-4.8243h-2.94v-1.6525h3.119v-1.4732h-4.93v7.95h5.095v-1.4745h-3.284v-1.8893h2.94z\"\/><path d=\"m19.4296 19.7412h1.7882v-2.5959l.687-.8358 1.9568 3.4317h2.1099l-2.7853-4.5645 2.6438-3.3843h-2.218l-1.814 2.6419c-.1762.2816-.3666.5657-.5442.8717h-.036v-3.5136h-1.7882zm12.0302-4.8231h-2.9384v-1.6525h3.1159v-1.4732h-4.9286v7.9488h5.0959v-1.472h-3.2832v-1.8906h2.9384zm1.2711 4.4583c.4502.247 1.3508.4825 2.2617.4825 2.1948 0 3.2253-1.1315 3.2253-2.464 0-1.1213-.6626-1.8521-2.0739-2.3718-1.0318-.3879-1.4834-.6131-1.4834-1.12 0-.4147.3808-.7667 1.1643-.7667.781 0 1.3509.2227 1.6699.3776l.4027-1.449c-.4734-.2138-1.1373-.4019-2.0378-.4019-1.8848 0-3.0221 1.0381-3.0221 2.3923 0 1.1571.8633 1.8893 2.1923 2.3488.961.3405 1.3405.6246 1.3405 1.12 0 .5197-.44.8614-1.2698.8614-.7719 0-1.5181-.2483-2.0031-.4953zm6.7104.3648h1.787v-2.5959l.6896-.8358 1.9542 3.4317h2.1099l-2.7853-4.5645 2.6438-3.3843h-2.2167l-1.8153 2.6419c-.1762.2816-.3653.5657-.5442.8717h-.036v-3.5136h-1.787zm7.2779 0h1.7882v-2.5959l.687-.8358 1.9568 3.4317h2.1099l-2.7853-4.5645 2.6438-3.3843h-2.2167l-1.814 2.6419c-.1788.2816-.3679.5657-.5455.8717h-.036v-3.5136h-1.7882zm10.4066-8.0781c-2.3582 0-3.8879 1.7792-3.8879 4.1625 0 2.2656 1.3869 4.0448 3.7592 4.0448 2.3351 0 3.9226-1.5782 3.9226-4.1856 0-2.1964-1.3392-4.0217-3.7939-4.0217zm-.0463 1.4246c1.2453 0 1.9323 1.2288 1.9323 2.6547 0 1.5463-.6985 2.7021-1.9207 2.7021-1.2094 0-1.944-1.0969-1.944-2.6534 0-1.5463.7102-2.7034 1.9324-2.7034zm6.6847 6.6535v-2.3936c0-1.298-.0231-2.418-.0707-3.4676l.036-.0128c.3911.9319.9121 1.9584 1.3869 2.8071l1.7084 3.0669h1.8951v-7.9488h-1.6583v2.3232c0 1.1904.0373 2.2643.1543 3.3139h-.036c-.3551-.896-.8298-1.8867-1.3045-2.7239l-1.6596-2.9132h-2.1099v7.9488zm8.1797 0v-2.3936c0-1.298-.0244-2.418-.0695-3.4676l.0348-.0128c.3911.9319.9134 1.9584 1.3868 2.8071l1.7085 3.0669h1.8951v-7.9488h-1.6584v2.3232c0 1.1904.0361 2.2643.1531 3.3139h-.0347c-.3551-.896-.8298-1.8867-1.3045-2.7239l-1.6609-2.9132h-2.1073v7.9488zm10.6717-2.0416.6136 2.0416h1.9439l-2.4765-7.9488h-2.3698l-2.4418 7.9488h1.8719l.5699-2.0416zm-2.0276-1.3415.4734-1.6883c.13-.4595.2496-1.0624.3667-1.5334h.0244c.1184.471.2612 1.0611.4027 1.5334l.4979 1.6883z\"\/><\/g><\/svg>\t\t\t<\/div>\n\t\t<\/div>\n\t<\/div>\n<\/section>\n<\/div>\n\n<div class=\"lazyblock-accordion-19a88F wp-block-lazyblock-accordion\">\n\n\n<section class=\"accordion\">\n\t<div class=\"accordion__wrapper\">\n\t\t<div class=\"ac-container\">\n\t\t\t\t\t\t\t<link rel=\"prefetch\" href=\"https:\/\/metsauhistu.ee\/uuemetsaistutamine\/wp-content\/uploads\/2024\/10\/istuatud-mets-uue-metsa-istutamine-metsataimede-istutamine-metsauhistu.jpg\" \/>\n\t\t\t\t<div class=\"ac\" data-image=\"https:\/\/metsauhistu.ee\/uuemetsaistutamine\/wp-content\/uploads\/2024\/10\/istuatud-mets-uue-metsa-istutamine-metsataimede-istutamine-metsauhistu.jpg\">\n\t\t\t\t\t<h2 class=\"ac-header ac-trigger\">Istutatud mets toodab rohkem CO\u2082<\/h2>\n\t\t\t\t\t<div class=\"ac-panel\">\n\t\t\t\t\t\t<div class=\"ac-content\">\n\t\t\t\t\t\t\t<div>Metsa uuendamine k\u00fclvi v\u00f5i istutuse teel aitab suurendada metsade seotavat CO\u2082 kogust. Keskkonnaagentuuri arvutused on n\u00e4idanud, et inimese uuendatud okaspuupuistus v\u00f5ib keskmise raieringi tagavara olla ca 27 m3\/ha suurem kui looduslikult uuenenud puistus. See t\u00e4hendab, et raieringi keskmisena on uuendatud metsa seotud CO\u2082 varu hektari kohta 32 tonni suurem.<br><br>CO\u2082 sidumist m\u00f5jutab loomulikult metsa liigiline koosseis ja maapinna viljakus. Okaspuupuistud on \u00fcldiselt tootlikumad, mist\u00f5ttu on suurem selliste puistute CO\u2082 varu.<\/div>\n\t\t\t\t\t\t\t\t\t\t\t\t\t<\/div>\n\t\t\t\t\t<\/div>\n\t\t\t\t<\/div>\n\t\t\t\t\t\t\t<link rel=\"prefetch\" href=\"https:\/\/metsauhistu.ee\/uuemetsaistutamine\/wp-content\/uploads\/2024\/10\/auto-uue-metsa-istutamine-metsataimede-istutamine-metsauhistu.jpg\" \/>\n\t\t\t\t<div class=\"ac\" data-image=\"https:\/\/metsauhistu.ee\/uuemetsaistutamine\/wp-content\/uploads\/2024\/10\/auto-uue-metsa-istutamine-metsataimede-istutamine-metsauhistu.jpg\">\n\t\t\t\t\t<h2 class=\"ac-header ac-trigger\">1 ha uut metsa = umbes 250 000 km<\/h2>\n\t\t\t\t\t<div class=\"ac-panel\">\n\t\t\t\t\t\t<div class=\"ac-content\">\n\t\t\t\t\t\t\t<div>Keskmine Euroopa Liidu uus auto heidab praegu ~120 grammi CO\u2082 iga kilomeetri l\u00e4bimisel. L\u00e4bides 100 000 kilomeetrit on koguheide 12 tonni ehk metsaomaniku otsus mets uuendada istutamise teel aitab puhverdada lisaks (v\u00f5rreldes looduslikule uuenemisele j\u00e4tmisega) \u00fche uue auto \u00fcle 300 000 kilomeetrist l\u00e4bis\u00f5itu.<\/div>\n\t\t\t\t\t\t\t\t\t\t\t\t\t<\/div>\n\t\t\t\t\t<\/div>\n\t\t\t\t<\/div>\n\t\t\t\t\t\t\t<link rel=\"prefetch\" href=\"https:\/\/metsauhistu.ee\/uuemetsaistutamine\/wp-content\/uploads\/2024\/10\/polevkivi-uue-metsa-istutamine-metsataimede-istutamine-metsauhistu.jpg\" \/>\n\t\t\t\t<div class=\"ac\" data-image=\"https:\/\/metsauhistu.ee\/uuemetsaistutamine\/wp-content\/uploads\/2024\/10\/polevkivi-uue-metsa-istutamine-metsataimede-istutamine-metsauhistu.jpg\">\n\t\t\t\t\t<h2 class=\"ac-header ac-trigger\">10 ha uut metsa = umbes 20 aastat elektritarbimist<\/h2>\n\t\t\t\t\t<div class=\"ac-panel\">\n\t\t\t\t\t\t<div class=\"ac-content\">\n\t\t\t\t\t\t\t<div>P\u00f5levkivist elektri tootmise korral on aastane s\u00fcsinikuheite kogus inimese kohta umbes 15 tonni. See t\u00e4hendab, et 10 hektaril aktiivne metsa uuendamine v\u00f5rreldes looduslikule uuenemisele j\u00e4tmisega katab \u00fche inimese elektritarbimisest tekkiva heite t\u00e4ielikult umbes 20 aastaks.<\/div>\n\t\t\t\t\t\t\t\t\t\t\t\t\t<\/div>\n\t\t\t\t\t<\/div>\n\t\t\t\t<\/div>\n\t\t\t\t\t\t\t<link rel=\"prefetch\" href=\"https:\/\/metsauhistu.ee\/uuemetsaistutamine\/wp-content\/uploads\/2024\/10\/metsamaa-uue-metsa-istutamine-metsataimede-istutamine-metsauhistu.jpg\" \/>\n\t\t\t\t<div class=\"ac\" data-image=\"https:\/\/metsauhistu.ee\/uuemetsaistutamine\/wp-content\/uploads\/2024\/10\/metsamaa-uue-metsa-istutamine-metsataimede-istutamine-metsauhistu.jpg\">\n\t\t\t\t\t<h2 class=\"ac-header ac-trigger\">70 000 &#8211; 160 000 ha metsastamiseks sobilikke alasid<\/h2>\n\t\t\t\t\t<div class=\"ac-panel\">\n\t\t\t\t\t\t<div class=\"ac-content\">\n\t\t\t\t\t\t\t<div>Kuigi 1990ndatest alates oleme metsamaad kaotanud (10 000+ ha p\u00f5llumajandus ja 15 000+ ha asustus), on tervikuna metsamaa pindala suurenenud ligi 80 000 ha v\u00f5rra. <br><br>Erinevate uuringute andmetel on Eestis 70 000 &#8211; 160 000 ha metsastamiseks sobilikke alasid, mis hetkel &#8220;seisavad t\u00fchja&#8221;.<\/div>\n\t\t\t\t\t\t\t\t\t\t\t\t\t<\/div>\n\t\t\t\t\t<\/div>\n\t\t\t\t<\/div>\n\t\t\t\t\t\t\t<link rel=\"prefetch\" href=\"https:\/\/metsauhistu.ee\/uuemetsaistutamine\/wp-content\/uploads\/2023\/08\/uue-metsa-istutamine-puude-istutamine-kask-metsauhistu.jpg\" \/>\n\t\t\t\t<div class=\"ac\" data-image=\"https:\/\/metsauhistu.ee\/uuemetsaistutamine\/wp-content\/uploads\/2023\/08\/uue-metsa-istutamine-puude-istutamine-kask-metsauhistu.jpg\">\n\t\t\t\t\t<h2 class=\"ac-header ac-trigger\">Fotos\u00fcntees on \u00fcks k\u00f5ige olulisemaid protsesse meie planeedil<\/h2>\n\t\t\t\t\t<div class=\"ac-panel\">\n\t\t\t\t\t\t<div class=\"ac-content\">\n\t\t\t\t\t\t\t<div>S\u00fcsinikku leidub meie \u00fcmber k\u00f5ikjal. Taimedel, sealhulgas puudel, on v\u00f5ime atmosf\u00e4\u00e4ris sisalduvat s\u00fcsinikku siduda. Seda tehakse l\u00e4bi nende elutegevuseks vajaliku fotos\u00fcnteesi. See on p\u00e4ikeseenergial p\u00f5hinev protsess, mille l\u00e4hteaineteks on vesi, s\u00fcsinikdioksiid ja mineraalained ning mille tulemusel \u201evalmistavad\u201c taimed omale vajalikke toiteaineid. Neid toiteaineid kasutab puu enda kasvuks ehk kasutatav CO\u2082 seotakse biomassi, millest suurema osa moodustab puit ja selle peamised koostisosad \u2013 tselluloos, ligniin ja hemitselluloos. \u00dcldjoontes eraldub protsessis atmosf\u00e4\u00e4ri tagasi hapnik. Sellest tuleb ka v\u00e4ljend \u201emetsad on maa kopsud\u201c. Fotos\u00fcntees on \u00fcks k\u00f5ige olulisemaid protsesse meie planeedil.<\/div>\n\t\t\t\t\t\t\t\t\t\t\t\t\t\t\t<a href=\"https:\/\/metsauhistu.ee\/uuemetsaistutamine\/co2-sidumine\/\" class=\"btn main-hero__cta smooth-scroll\">Uuri l\u00e4hemalt<\/a>\n\t\t\t\t\t\t\t\t\t\t\t\t\t<\/div>\n\t\t\t\t\t<\/div>\n\t\t\t\t<\/div>\n\t\t\t\t\t<\/div>\n\t<\/div>\n\t<div class=\"accordion__image\">\n\t\t<img decoding=\"async\" src=\"https:\/\/metsauhistu.ee\/uuemetsaistutamine\/wp-content\/uploads\/2024\/10\/istuatud-mets-uue-metsa-istutamine-metsataimede-istutamine-metsauhistu.jpg\" alt=\"\">\n\t<\/div>\n<\/section>\n\n<\/div>\n\n<div class=\"lazyblock-image-text-ZQicAz wp-block-lazyblock-image-text\">\n<section class=\"image-text\">\n\t<div class=\"l-container l-container--wider image-text__wrapper\">\n\t\t<div class=\"image-text__content\" data-sal=\"slide-right\" data-sal-delay=\"100\">\n\t\t\t<h2>Istutame koos puid &amp; v\u00e4hendame Eesti CO\u2082 jalaj\u00e4lge<\/h2>\n<p>Toetame j\u00e4tkusuutlikku ettev\u00f5tlust, aidates organisatsioonidel istutada puid ning seel\u00e4bi oma CO\u2082 jalaj\u00e4lge v\u00e4hendada. Toome \u201cUue metsa\u201d platvormil kokku j\u00e4tkusuutlikult tegutsevad ettev\u00f5tted ja maaomanikud, kellel on s\u00f6\u00f6tis seisvad maat\u00fckid, et \u00fcheskoos rajada uut metsa.\u00a0<\/p>\n<h3>L\u00e4bipaistev ja kohalikku kogukonda toetav lahendus<\/h3>\n<p>Metsa\u00fchistu tegutseb 8 piirkondliku metsa\u00fchistuga \u00fcle kogu Eesti, mis v\u00f5imaldab meil pakkuda \u00f5iglast ja kohaliku tasandi lahendust, et toetada just Eesti loodust, metsi ja kogukonda.<\/p>\t\t\t\t\t\t\t\t\t\t\t<a href=\"https:\/\/metsauhistu.ee\/uuemetsaistutamine\/\" target=\"_self\" class=\"btn main-hero__cta smooth-scroll\"><span>Vaata l\u00e4hemalt<\/span><\/a>\n\t\t\t\t\t<\/div>\n\t\t\n\t\t<div class=\"image-text__image\" data-sal=\"slide-left\" data-sal-delay=\"100\">\n\t\t\t\t\t\t\t<a href=\"https:\/\/metsauhistu.ee\/uuemetsaistutamine\/\" target=\"_blank\">\n\t\t\t\t\t\t\t<img decoding=\"async\" src=\"https:\/\/metsauhistu.ee\/uuemetsaistutamine\/wp-content\/uploads\/2024\/10\/uue-metsa-puude-istutamine-jatkusuutlik-ettevotlus-metsauhistu-2.jpg\" alt=\"\">\n\t\t\t\t\t\t\t<\/a>\n\t\t\t\t\t<\/div>\t\n\t<\/div>\n<\/section>\n<\/div>","protected":false},"excerpt":{"rendered":"","protected":false},"author":1,"featured_media":0,"parent":0,"menu_order":0,"comment_status":"closed","ping_status":"closed","template":"","meta":{"_acf_changed":false,"footnotes":""},"class_list":["post-820","page","type-page","status-publish","hentry"],"acf":[],"yoast_head":"<!-- This site is optimized with the Yoast SEO plugin v26.1.1 - https:\/\/yoast.com\/wordpress\/plugins\/seo\/ -->\n<title>Miks istutada uut metsa CO\u2082 jalaj\u00e4lje v\u00e4hendamiseks - Metsa\u00fchistu<\/title>\n<meta name=\"description\" content=\"Puude istutamisel on oluline roll CO\u2082 jalaj\u00e4lje v\u00e4hendamisel, sest k\u00f5ige intensiivsem s\u00fcsiniku sidumine toimub noores ja keskealises metsas.\" \/>\n<meta name=\"robots\" content=\"index, follow, max-snippet:-1, max-image-preview:large, max-video-preview:-1\" \/>\n<link rel=\"canonical\" href=\"https:\/\/metsauhistu.ee\/uuemetsaistutamine\/miks-istutada-uut-metsa-co2-jalajalje-vahendamiseks\/\" \/>\n<meta property=\"og:locale\" content=\"et_EE\" \/>\n<meta property=\"og:type\" content=\"article\" \/>\n<meta property=\"og:title\" content=\"Miks istutada uut metsa CO\u2082 jalaj\u00e4lje v\u00e4hendamiseks - Metsa\u00fchistu\" \/>\n<meta property=\"og:description\" content=\"Puude istutamisel on oluline roll CO\u2082 jalaj\u00e4lje v\u00e4hendamisel, sest k\u00f5ige intensiivsem s\u00fcsiniku sidumine toimub noores ja keskealises metsas.\" \/>\n<meta property=\"og:url\" content=\"https:\/\/metsauhistu.ee\/uuemetsaistutamine\/miks-istutada-uut-metsa-co2-jalajalje-vahendamiseks\/\" \/>\n<meta property=\"og:site_name\" content=\"Metsa\u00fchistu\" \/>\n<meta property=\"article:publisher\" content=\"https:\/\/www.facebook.com\/metsauhistu\" \/>\n<meta property=\"article:modified_time\" content=\"2024-10-22T05:44:08+00:00\" \/>\n<meta property=\"og:image\" content=\"https:\/\/metsauhistu.ee\/uuemetsaistutamine\/wp-content\/uploads\/2024\/10\/miks-istutada-just-mets.jpg\" \/>\n\t<meta property=\"og:image:width\" content=\"1200\" \/>\n\t<meta property=\"og:image:height\" content=\"1200\" \/>\n\t<meta property=\"og:image:type\" content=\"image\/jpeg\" \/>\n<meta name=\"twitter:card\" content=\"summary_large_image\" \/>\n<script type=\"application\/ld+json\" class=\"yoast-schema-graph\">{\"@context\":\"https:\/\/schema.org\",\"@graph\":[{\"@type\":\"WebPage\",\"@id\":\"https:\/\/metsauhistu.ee\/uuemetsaistutamine\/miks-istutada-uut-metsa-co2-jalajalje-vahendamiseks\/\",\"url\":\"https:\/\/metsauhistu.ee\/uuemetsaistutamine\/miks-istutada-uut-metsa-co2-jalajalje-vahendamiseks\/\",\"name\":\"Miks istutada uut metsa CO\u2082 jalaj\u00e4lje v\u00e4hendamiseks - Metsa\u00fchistu\",\"isPartOf\":{\"@id\":\"https:\/\/metsauhistu.ee\/uuemetsaistutamine\/#website\"},\"datePublished\":\"2024-10-22T05:44:06+00:00\",\"dateModified\":\"2024-10-22T05:44:08+00:00\",\"description\":\"Puude istutamisel on oluline roll CO\u2082 jalaj\u00e4lje v\u00e4hendamisel, sest k\u00f5ige intensiivsem s\u00fcsiniku sidumine toimub noores ja keskealises metsas.\",\"breadcrumb\":{\"@id\":\"https:\/\/metsauhistu.ee\/uuemetsaistutamine\/miks-istutada-uut-metsa-co2-jalajalje-vahendamiseks\/#breadcrumb\"},\"inLanguage\":\"et\",\"potentialAction\":[{\"@type\":\"ReadAction\",\"target\":[\"https:\/\/metsauhistu.ee\/uuemetsaistutamine\/miks-istutada-uut-metsa-co2-jalajalje-vahendamiseks\/\"]}]},{\"@type\":\"BreadcrumbList\",\"@id\":\"https:\/\/metsauhistu.ee\/uuemetsaistutamine\/miks-istutada-uut-metsa-co2-jalajalje-vahendamiseks\/#breadcrumb\",\"itemListElement\":[{\"@type\":\"ListItem\",\"position\":1,\"name\":\"Home\",\"item\":\"https:\/\/metsauhistu.ee\/uuemetsaistutamine\/\"},{\"@type\":\"ListItem\",\"position\":2,\"name\":\"Miks istutada just uut metsa?\"}]},{\"@type\":\"WebSite\",\"@id\":\"https:\/\/metsauhistu.ee\/uuemetsaistutamine\/#website\",\"url\":\"https:\/\/metsauhistu.ee\/uuemetsaistutamine\/\",\"name\":\"Metsa\u00fchistu - Uue metsa istutamine\",\"description\":\"\",\"publisher\":{\"@id\":\"https:\/\/metsauhistu.ee\/uuemetsaistutamine\/#organization\"},\"potentialAction\":[{\"@type\":\"SearchAction\",\"target\":{\"@type\":\"EntryPoint\",\"urlTemplate\":\"https:\/\/metsauhistu.ee\/uuemetsaistutamine\/?s={search_term_string}\"},\"query-input\":{\"@type\":\"PropertyValueSpecification\",\"valueRequired\":true,\"valueName\":\"search_term_string\"}}],\"inLanguage\":\"et\"},{\"@type\":\"Organization\",\"@id\":\"https:\/\/metsauhistu.ee\/uuemetsaistutamine\/#organization\",\"name\":\"Metsa\u00fchistu - Uue metsa istutamine\",\"url\":\"https:\/\/metsauhistu.ee\/uuemetsaistutamine\/\",\"logo\":{\"@type\":\"ImageObject\",\"inLanguage\":\"et\",\"@id\":\"https:\/\/metsauhistu.ee\/uuemetsaistutamine\/#\/schema\/logo\/image\/\",\"url\":\"https:\/\/metsauhistu.ee\/uuemetsaistutamine\/wp-content\/uploads\/2023\/06\/mainlogo.svg\",\"contentUrl\":\"https:\/\/metsauhistu.ee\/uuemetsaistutamine\/wp-content\/uploads\/2023\/06\/mainlogo.svg\",\"width\":310,\"height\":56,\"caption\":\"Metsa\u00fchistu - Uue metsa istutamine\"},\"image\":{\"@id\":\"https:\/\/metsauhistu.ee\/uuemetsaistutamine\/#\/schema\/logo\/image\/\"},\"sameAs\":[\"https:\/\/www.facebook.com\/metsauhistu\",\"https:\/\/www.instagram.com\/metsauhistu\/\",\"https:\/\/www.youtube.com\/channel\/UC79u-jCtX562JWnRxFR26Tw\"]}]}<\/script>\n<!-- \/ Yoast SEO plugin. -->","yoast_head_json":{"title":"Miks istutada uut metsa CO\u2082 jalaj\u00e4lje v\u00e4hendamiseks - Metsa\u00fchistu","description":"Puude istutamisel on oluline roll CO\u2082 jalaj\u00e4lje v\u00e4hendamisel, sest k\u00f5ige intensiivsem s\u00fcsiniku sidumine toimub noores ja keskealises metsas.","robots":{"index":"index","follow":"follow","max-snippet":"max-snippet:-1","max-image-preview":"max-image-preview:large","max-video-preview":"max-video-preview:-1"},"canonical":"https:\/\/metsauhistu.ee\/uuemetsaistutamine\/miks-istutada-uut-metsa-co2-jalajalje-vahendamiseks\/","og_locale":"et_EE","og_type":"article","og_title":"Miks istutada uut metsa CO\u2082 jalaj\u00e4lje v\u00e4hendamiseks - Metsa\u00fchistu","og_description":"Puude istutamisel on oluline roll CO\u2082 jalaj\u00e4lje v\u00e4hendamisel, sest k\u00f5ige intensiivsem s\u00fcsiniku sidumine toimub noores ja keskealises metsas.","og_url":"https:\/\/metsauhistu.ee\/uuemetsaistutamine\/miks-istutada-uut-metsa-co2-jalajalje-vahendamiseks\/","og_site_name":"Metsa\u00fchistu","article_publisher":"https:\/\/www.facebook.com\/metsauhistu","article_modified_time":"2024-10-22T05:44:08+00:00","og_image":[{"width":1200,"height":1200,"url":"https:\/\/metsauhistu.ee\/uuemetsaistutamine\/wp-content\/uploads\/2024\/10\/miks-istutada-just-mets.jpg","type":"image\/jpeg"}],"twitter_card":"summary_large_image","schema":{"@context":"https:\/\/schema.org","@graph":[{"@type":"WebPage","@id":"https:\/\/metsauhistu.ee\/uuemetsaistutamine\/miks-istutada-uut-metsa-co2-jalajalje-vahendamiseks\/","url":"https:\/\/metsauhistu.ee\/uuemetsaistutamine\/miks-istutada-uut-metsa-co2-jalajalje-vahendamiseks\/","name":"Miks istutada uut metsa CO\u2082 jalaj\u00e4lje v\u00e4hendamiseks - Metsa\u00fchistu","isPartOf":{"@id":"https:\/\/metsauhistu.ee\/uuemetsaistutamine\/#website"},"datePublished":"2024-10-22T05:44:06+00:00","dateModified":"2024-10-22T05:44:08+00:00","description":"Puude istutamisel on oluline roll CO\u2082 jalaj\u00e4lje v\u00e4hendamisel, sest k\u00f5ige intensiivsem s\u00fcsiniku sidumine toimub noores ja keskealises metsas.","breadcrumb":{"@id":"https:\/\/metsauhistu.ee\/uuemetsaistutamine\/miks-istutada-uut-metsa-co2-jalajalje-vahendamiseks\/#breadcrumb"},"inLanguage":"et","potentialAction":[{"@type":"ReadAction","target":["https:\/\/metsauhistu.ee\/uuemetsaistutamine\/miks-istutada-uut-metsa-co2-jalajalje-vahendamiseks\/"]}]},{"@type":"BreadcrumbList","@id":"https:\/\/metsauhistu.ee\/uuemetsaistutamine\/miks-istutada-uut-metsa-co2-jalajalje-vahendamiseks\/#breadcrumb","itemListElement":[{"@type":"ListItem","position":1,"name":"Home","item":"https:\/\/metsauhistu.ee\/uuemetsaistutamine\/"},{"@type":"ListItem","position":2,"name":"Miks istutada just uut metsa?"}]},{"@type":"WebSite","@id":"https:\/\/metsauhistu.ee\/uuemetsaistutamine\/#website","url":"https:\/\/metsauhistu.ee\/uuemetsaistutamine\/","name":"Metsa\u00fchistu - Uue metsa istutamine","description":"","publisher":{"@id":"https:\/\/metsauhistu.ee\/uuemetsaistutamine\/#organization"},"potentialAction":[{"@type":"SearchAction","target":{"@type":"EntryPoint","urlTemplate":"https:\/\/metsauhistu.ee\/uuemetsaistutamine\/?s={search_term_string}"},"query-input":{"@type":"PropertyValueSpecification","valueRequired":true,"valueName":"search_term_string"}}],"inLanguage":"et"},{"@type":"Organization","@id":"https:\/\/metsauhistu.ee\/uuemetsaistutamine\/#organization","name":"Metsa\u00fchistu - Uue metsa istutamine","url":"https:\/\/metsauhistu.ee\/uuemetsaistutamine\/","logo":{"@type":"ImageObject","inLanguage":"et","@id":"https:\/\/metsauhistu.ee\/uuemetsaistutamine\/#\/schema\/logo\/image\/","url":"https:\/\/metsauhistu.ee\/uuemetsaistutamine\/wp-content\/uploads\/2023\/06\/mainlogo.svg","contentUrl":"https:\/\/metsauhistu.ee\/uuemetsaistutamine\/wp-content\/uploads\/2023\/06\/mainlogo.svg","width":310,"height":56,"caption":"Metsa\u00fchistu - Uue metsa istutamine"},"image":{"@id":"https:\/\/metsauhistu.ee\/uuemetsaistutamine\/#\/schema\/logo\/image\/"},"sameAs":["https:\/\/www.facebook.com\/metsauhistu","https:\/\/www.instagram.com\/metsauhistu\/","https:\/\/www.youtube.com\/channel\/UC79u-jCtX562JWnRxFR26Tw"]}]}},"_links":{"self":[{"href":"https:\/\/metsauhistu.ee\/uuemetsaistutamine\/wp-json\/wp\/v2\/pages\/820","targetHints":{"allow":["GET"]}}],"collection":[{"href":"https:\/\/metsauhistu.ee\/uuemetsaistutamine\/wp-json\/wp\/v2\/pages"}],"about":[{"href":"https:\/\/metsauhistu.ee\/uuemetsaistutamine\/wp-json\/wp\/v2\/types\/page"}],"author":[{"embeddable":true,"href":"https:\/\/metsauhistu.ee\/uuemetsaistutamine\/wp-json\/wp\/v2\/users\/1"}],"replies":[{"embeddable":true,"href":"https:\/\/metsauhistu.ee\/uuemetsaistutamine\/wp-json\/wp\/v2\/comments?post=820"}],"version-history":[{"count":19,"href":"https:\/\/metsauhistu.ee\/uuemetsaistutamine\/wp-json\/wp\/v2\/pages\/820\/revisions"}],"predecessor-version":[{"id":859,"href":"https:\/\/metsauhistu.ee\/uuemetsaistutamine\/wp-json\/wp\/v2\/pages\/820\/revisions\/859"}],"wp:attachment":[{"href":"https:\/\/metsauhistu.ee\/uuemetsaistutamine\/wp-json\/wp\/v2\/media?parent=820"}],"curies":[{"name":"wp","href":"https:\/\/api.w.org\/{rel}","templated":true}]}}