{"id":96,"date":"2023-02-27T10:25:01","date_gmt":"2023-02-27T08:25:01","guid":{"rendered":"https:\/\/metsauhistu.ee\/uuemetsaistutamine\/?page_id=96"},"modified":"2026-01-05T08:01:56","modified_gmt":"2026-01-05T06:01:56","slug":"maaomanikule","status":"publish","type":"page","link":"https:\/\/metsauhistu.ee\/uuemetsaistutamine\/maaomanikule\/","title":{"rendered":"Maaomanikule"},"content":{"rendered":"<div class=\"lazyblock-stats-hero-2qfVry wp-block-lazyblock-stats-hero\">\n<section class=\"stats-hero\">\n\t<div class=\"l-container\">\n\t\t\t\t\t<h1 class=\"stats-hero__title\">Kui Sul on s\u00f6\u00f6tis seisev maalapp, siis aitame sellele istudada uut metsa, et t\u00f5sta maa v\u00e4\u00e4rtust ning v\u00e4hendada CO\u2082 jalaj\u00e4lge<\/h1>\n\t\t\n\t\t\n\t\t<div class=\"stats-hero__stats\">\n\t\t\t\t\t\t\t<h3 class=\"stats-hero__subtitle\">KOOS ETTEV\u00d5TETE JA MAAOMANIKEGA OLEME RAJANUD UUT METSA<\/h3>\n\t\t\t\t\t\t<div class=\"stats-hero__stats-wrapper\">\n\t\t\t\t\t\t\t\t\t<div class=\"stat-tile\" data-sal=\"slide-up\" data-sal-delay=\"50\">\n\t\t\t\t\t\t<div class=\"stat-tile__img\"><img decoding=\"async\" src=\"https:\/\/metsauhistu.ee\/uuemetsaistutamine\/wp-content\/uploads\/2023\/03\/icon-metsataime.svg\" alt=\"\"><\/div>\n\t\t\t\t\t\t<div class=\"stat-tile__value\">\n\t\t\t\t\t\t\t20 472\t\t\t\t\t\t<\/div>\t\n\t\t\t\t\t\t<div class=\"stat-tile__desc\">\n\t\t\t\t\t\t\tpuud istutanud\t\t\t\t\t\t<\/div>\n\t\t\t\t\t<\/div>\n\t\t\t\t\t\t\t\t\t<div class=\"stat-tile\" data-sal=\"slide-up\" data-sal-delay=\"100\">\n\t\t\t\t\t\t<div class=\"stat-tile__img\"><img decoding=\"async\" src=\"https:\/\/metsauhistu.ee\/uuemetsaistutamine\/wp-content\/uploads\/2023\/03\/icon-uut-metsa.svg\" alt=\"\"><\/div>\n\t\t\t\t\t\t<div class=\"stat-tile__value\">\n\t\t\t\t\t\t\t14,73 <span>ha<\/span>\t\t\t\t\t\t<\/div>\t\n\t\t\t\t\t\t<div class=\"stat-tile__desc\">\n\t\t\t\t\t\t\tuut metsa rajanud\t\t\t\t\t\t<\/div>\n\t\t\t\t\t<\/div>\n\t\t\t\t\t\t\t\t\t<div class=\"stat-tile\" data-sal=\"slide-up\" data-sal-delay=\"150\">\n\t\t\t\t\t\t<div class=\"stat-tile__img\"><img decoding=\"async\" src=\"https:\/\/metsauhistu.ee\/uuemetsaistutamine\/wp-content\/uploads\/2023\/03\/icon-maakera.svg\" alt=\"\"><\/div>\n\t\t\t\t\t\t<div class=\"stat-tile__value\">\n\t\t\t\t\t\t\t4 050 <span>T<\/span>\t\t\t\t\t\t<\/div>\t\n\t\t\t\t\t\t<div class=\"stat-tile__desc\">\n\t\t\t\t\t\t\tCO\u2082 sidunud\t\t\t\t\t\t<\/div>\n\t\t\t\t\t<\/div>\n\t\t\t\t\t\t\t\t\t<div class=\"stat-tile\" data-sal=\"slide-up\" data-sal-delay=\"200\">\n\t\t\t\t\t\t<div class=\"stat-tile__img\"><img decoding=\"async\" src=\"https:\/\/metsauhistu.ee\/uuemetsaistutamine\/wp-content\/uploads\/2023\/03\/icon-ettevotet.svg\" alt=\"\"><\/div>\n\t\t\t\t\t\t<div class=\"stat-tile__value\">\n\t\t\t\t\t\t\t5\t\t\t\t\t\t<\/div>\t\n\t\t\t\t\t\t<div class=\"stat-tile__desc\">\n\t\t\t\t\t\t\tETTEV\u00d5TET\t\t\t\t\t\t<\/div>\n\t\t\t\t\t<\/div>\n\t\t\t\t\t\t\t<\/div>\n\t\t<\/div>\n\n\t\t\t<\/div>\n<\/section>\n<\/div>\n\n<div class=\"lazyblock-highlighted-text-aqTPl wp-block-lazyblock-highlighted-text\">\n<section class=\"highlighted-text\">\n\t<div class=\"l-container\">\n\t\t<div class=\"highlighted-text__content\">\n\t\t\t<h2>Rajame Sinu maale koos uut metsa<\/h2>\n<h3><strong><span class=\" author-d-iz88z86z86za0dz67zz78zz78zz74zz68zjz80zz71z9iz90z8gz90zz85zz67zz83zz79zz75z2hotz89zkesz76zz86zbkz88zz69zkz71zfgcz79za08\">T\u00f5sta oma maa v\u00e4\u00e4rtust<\/span><\/strong><\/h3>\n<div><span class=\" author-d-iz88z86z86za0dz67zz78zz78zz74zz68zjz80zz71z9iz90z8gz90zz85zz67zz83zz79zz75z2hotz89zkesz76zz86zbkz88zz69zkz71zfgcz79za08\">Kuigi maa hind on ajas kasvav ka mitte midagi tehes, on Sul v\u00f5imalik panustada maa v\u00e4\u00e4rtuse veelgi suuremale t\u00f5usule. \u00dcheks v\u00f5imaluseks on uue metsa rajamine.<\/span><\/div>\n<div>\u00a0<\/div>\n<div><span class=\" author-d-iz88z86z86za0dz67zz78zz78zz74zz68zjz80zz71z9iz90z8gz90zz85zz67zz83zz79zz75z2hotz89zkesz76zz86zbkz88zz69zkz71zfgcz79za08\">V\u00f5rreldes loodusliku metsastumisega on teadlikult metsastataval alal kasvama hakkav mets kvaliteetsem ja tootlikum. Esiteks on v\u00f5imalik istutada alale sobilikul hulgal taimi, teiseks on istutusmaterjal kvaliteetsem ja seega kiirema kasvuga. See omakorda tagab rajatava metsa parema tootlikkuse ning hea tervisliku seisundi.\u00a0<\/span><\/div>\n<div>\u00a0<\/div>\n<h3><strong><span class=\" author-d-iz88z86z86za0dz67zz78zz78zz74zz68zjz80zz71z9iz90z8gz90zz85zz67zz83zz79zz75z2hotz89zkesz76zz86zbkz88zz69zkz71zfgcz79za08\">Uue metsa rajamisega panustad CO<\/span><span class=\" author-d-iz88z86z86za0dz67zz78zz78zz74zz68zjz80zz71z9iz90z8gz90zz85zz67zz83zz79zz75z2hotz89zkesz76zz86zbkz88zz69zkz71zfgcz79za08\"><sub>2<\/sub><\/span><span class=\" author-d-iz88z86z86za0dz67zz78zz78zz74zz68zjz80zz71z9iz90z8gz90zz85zz67zz83zz79zz75z2hotz89zkesz76zz86zbkz88zz69zkz71zfgcz79za08\"> v\u00e4hendamisse<\/span><\/strong><\/h3>\n<div><span class=\" author-d-iz88z86z86za0dz67zz78zz78zz74zz68zjz80zz71z9iz90z8gz90zz85zz67zz83zz79zz75z2hotz89zkesz76zz86zbkz88zz69zkz71zfgcz79za08\">Kiirem kasv t\u00e4hendab ka intensiivsemat s\u00fcsiniku sidumist. Keskkonnaagentuuri arvutused on n\u00e4idanud, et istutamise teel uuendatud metsas on puude seotav CO\u2082 kogus keskmiselt 27m<\/span><span class=\" author-d-iz88z86z86za0dz67zz78zz78zz74zz68zjz80zz71z9iz90z8gz90zz85zz67zz83zz79zz75z2hotz89zkesz76zz86zbkz88zz69zkz71zfgcz79za08\"><sup>3<\/sup><\/span><span class=\" author-d-iz88z86z86za0dz67zz78zz78zz74zz68zjz80zz71z9iz90z8gz90zz85zz67zz83zz79zz75z2hotz89zkesz76zz86zbkz88zz69zkz71zfgcz79za08\">\/ha suurem kui looduslikult uuenenud puistus.<\/span><\/div>\n<div>\u00a0<\/div>\n<h3><strong><span class=\" author-d-iz88z86z86za0dz67zz78zz78zz74zz68zjz80zz71z9iz90z8gz90zz85zz67zz83zz79zz75z2hotz89zkesz76zz86zbkz88zz69zkz71zfgcz79za08\">Istutame koos<\/span><\/strong><\/h3>\n<div><span class=\" author-d-iz88z86z86za0dz67zz78zz78zz74zz68zjz80zz71z9iz90z8gz90zz85zz67zz83zz79zz75z2hotz89zkesz76zz86zbkz88zz69zkz71zfgcz79za08\">Anna meile teada oma s\u00f6\u00f6tis seisvast maalapist ning leiame koos sinna sobilikud metsataimed. Koost\u00f6\u00f6s Eesti ettev\u00f5tetega aitame soodsamalt hankida metsataimed ning koos piirkondlike metsa\u00fchistusega istutust\u00f6\u00f6d korraldada.\u00a0<\/span><\/div>\n<div>\u00a0<\/div>\n<div>Toetame metsataimede soetamist ja aitame istutust\u00f6id korraldada, Sinu kui maaomaniku roll ja kohustus lepingu s\u00f5lmimisel on tagada rajatud metsa hilisem hooldamine ja kasvatamine. See h\u00f5lmab istutusj\u00e4rgsetel aastatel istutatud taimede hooldamist, kaitsmist heina ja v\u00f5sa eest ning hooldusraiete (valgustus- ning harvendusraied) teostamist. Loomulikult oleme Sulle toeks ka metsa hooldust\u00f6\u00f6de tegemisel ja metsandustoetuste taotlemisel.<\/div>\t\t<\/div>\n\t\t\t\t\t<div class=\"highlighted-text__image\" data-sal=\"slide-left\" data-sal-delay=\"50\"><img decoding=\"async\" src=\"https:\/\/metsauhistu.ee\/uuemetsaistutamine\/wp-content\/uploads\/2023\/02\/top.jpg\" alt=\"\"><\/div>\n\t\t\t<\/div>\n<\/section>\n<\/div>\n\n<div class=\"lazyblock-bulletpoints-16BvO8 wp-block-lazyblock-bulletpoints\">\n<section class=\"bulletpoints\">\n\t<div class=\"l-container l-container--wider\">\n\t\t\t\t\t<h2 class=\"bulletpoints__title small-bottom-margin\">Miks teha seda just koos Metsa\u00fchistuga?<\/h2>\n\t\t\n\t\t\t\t\t<div class=\"bulletpoints__intro\">Metsa\u00fchistu\u00ae (juriidilise nimega Kesk\u00fchistu Eramets) on metsaomanike endi loodud organisatsioon,<br>mis t\u00e4hendab, et meie eesm\u00e4rk ei ole mitte \u00e4rikasumit teenida, vaid seista metsaomanike huvide eest.<\/div>\n\t\t\n\t\t<div class=\"bulletpoints__points\">\n\t\t\t\t\t\t\t<div class=\"bulletpoint\" data-sal=\"slide-up\" data-sal-delay=\"100\">\n\t\t\t\t\t<div class=\"bulletpoint__icon\">\n\t\t\t\t\t\t<img decoding=\"async\" src=\"https:\/\/metsauhistu.ee\/uuemetsaistutamine\/wp-content\/uploads\/2023\/02\/crown-1.svg\" alt=\"\">\n\t\t\t\t\t<\/div>\n\t\t\t\t\t<div class=\"bulletpoint__content\">\n\t\t\t\t\t\t<div class=\"bulletpoint__title\">\n\t\t\t\t\t\t\t\u00dcle 20 aasta kogemust\t\t\t\t\t\t<\/div>\t\n\t\t\t\t\t\t<div class=\"bulletpoint__desc\">\n\t\t\t\t\t\t\tEsimesed \u00fchistud tekkisid 1990ndate aastate l\u00f5pus metsaspetisalistide eestvedamisel, kellest mitmed on ka t\u00e4na Metsa\u00fchistu ridades ja l\u00f6\u00f6vad aktiivselt \u00fchistulise tegevuse t\u00f6\u00f6s kaasa.\t\t\t\t\t\t<\/div>\n\t\t\t\t\t<\/div>\n\t\t\t\t<\/div>\n\t\t\t\t\t\t\t<div class=\"bulletpoint\" data-sal=\"slide-up\" data-sal-delay=\"200\">\n\t\t\t\t\t<div class=\"bulletpoint__icon\">\n\t\t\t\t\t\t<img decoding=\"async\" src=\"https:\/\/metsauhistu.ee\/uuemetsaistutamine\/wp-content\/uploads\/2023\/02\/forest-2-1.svg\" alt=\"\">\n\t\t\t\t\t<\/div>\n\t\t\t\t\t<div class=\"bulletpoint__content\">\n\t\t\t\t\t\t<div class=\"bulletpoint__title\">\n\t\t\t\t\t\t\t\u00dcle 6900 metsaomanikku\t\t\t\t\t\t<\/div>\t\n\t\t\t\t\t\t<div class=\"bulletpoint__desc\">\n\t\t\t\t\t\t\tMeid on usaldnud \u00fcle 6900 metsaomaniku oma metsade eest hoolitsema. Meie spetsialistid korraldavad igap\u00e4evaselt metsat\u00f6id ligi 161 000 hektaril. \t\t\t\t\t\t<\/div>\n\t\t\t\t\t<\/div>\n\t\t\t\t<\/div>\n\t\t\t\t\t\t\t<div class=\"bulletpoint\" data-sal=\"slide-up\" data-sal-delay=\"300\">\n\t\t\t\t\t<div class=\"bulletpoint__icon\">\n\t\t\t\t\t\t<img decoding=\"async\" src=\"https:\/\/metsauhistu.ee\/uuemetsaistutamine\/wp-content\/uploads\/2023\/02\/Group-40.svg\" alt=\"\">\n\t\t\t\t\t<\/div>\n\t\t\t\t\t<div class=\"bulletpoint__content\">\n\t\t\t\t\t\t<div class=\"bulletpoint__title\">\n\t\t\t\t\t\t\t8 \u00fchistut \u00fcle Eesti\t\t\t\t\t\t<\/div>\t\n\t\t\t\t\t\t<div class=\"bulletpoint__desc\">\n\t\t\t\t\t\t\tMetsa\u00fchistusse kuulub 8 piirkondlikku \u00fchistut ja lisaks teeme tihedat koost\u00f6\u00f6d veel 5 \u00fchistuga \u00fcle Eesti. Nii tunneme metsaomanike metsi k\u00f5ige paremini.\t\t\t\t\t\t<\/div>\n\t\t\t\t\t<\/div>\n\t\t\t\t<\/div>\n\t\t\t\t\t\t\t<div class=\"bulletpoint\" data-sal=\"slide-up\" data-sal-delay=\"400\">\n\t\t\t\t\t<div class=\"bulletpoint__icon\">\n\t\t\t\t\t\t<img decoding=\"async\" src=\"https:\/\/metsauhistu.ee\/uuemetsaistutamine\/wp-content\/uploads\/2023\/02\/estonia-1.svg\" alt=\"\">\n\t\t\t\t\t<\/div>\n\t\t\t\t\t<div class=\"bulletpoint__content\">\n\t\t\t\t\t\t<div class=\"bulletpoint__title\">\n\t\t\t\t\t\t\tKoost\u00f6\u00f6 riigiga\t\t\t\t\t\t<\/div>\t\n\t\t\t\t\t\t<div class=\"bulletpoint__desc\">\n\t\t\t\t\t\t\tMetsa\u00fchistu r\u00e4\u00e4gib aktiivselt kaasa ja teeb koost\u00f6\u00f6d erinevate riiklike metsandusorganisatsioonidega, et seista metsaomanike huvide eest.\t\t\t\t\t\t<\/div>\n\t\t\t\t\t<\/div>\n\t\t\t\t<\/div>\n\t\t\t\t\t<\/div>\n\n\t\t\n\t\t<div class=\"bulletpoints__sponsors\">\n\t\t\t\t\t<\/div>\n\t<\/div>\n<\/section>\n<\/div>","protected":false},"excerpt":{"rendered":"","protected":false},"author":1,"featured_media":0,"parent":0,"menu_order":0,"comment_status":"closed","ping_status":"closed","template":"template-infofooter.php","meta":{"_acf_changed":false,"footnotes":""},"class_list":["post-96","page","type-page","status-publish","hentry"],"acf":[],"yoast_head":"<!-- This site is optimized with the Yoast SEO plugin v26.1.1 - https:\/\/yoast.com\/wordpress\/plugins\/seo\/ -->\n<title>Rajame Sinu maale koos uut metsa - Metsa\u00fchistu<\/title>\n<meta name=\"description\" content=\"Kui Sul on s\u00f6\u00f6tis seisev maalapp, siis aitame sellele istudada uut metsa, et t\u00f5sta maa v\u00e4\u00e4rtust ning v\u00e4hendada CO\u2082 jalaj\u00e4lge.\" \/>\n<meta name=\"robots\" content=\"index, follow, max-snippet:-1, max-image-preview:large, max-video-preview:-1\" \/>\n<link rel=\"canonical\" href=\"https:\/\/metsauhistu.ee\/uuemetsaistutamine\/maaomanikule\/\" \/>\n<meta property=\"og:locale\" content=\"et_EE\" \/>\n<meta property=\"og:type\" content=\"article\" \/>\n<meta property=\"og:title\" content=\"Rajame Sinu maale koos uut metsa - Metsa\u00fchistu\" \/>\n<meta property=\"og:description\" content=\"Kui Sul on s\u00f6\u00f6tis seisev maalapp, siis aitame sellele istudada uut metsa, et t\u00f5sta maa v\u00e4\u00e4rtust ning v\u00e4hendada CO\u2082 jalaj\u00e4lge.\" \/>\n<meta property=\"og:url\" content=\"https:\/\/metsauhistu.ee\/uuemetsaistutamine\/maaomanikule\/\" \/>\n<meta property=\"og:site_name\" content=\"Metsa\u00fchistu\" \/>\n<meta property=\"article:publisher\" content=\"https:\/\/www.facebook.com\/metsauhistu\" \/>\n<meta property=\"article:modified_time\" content=\"2026-01-05T06:01:56+00:00\" \/>\n<meta name=\"twitter:card\" content=\"summary_large_image\" \/>\n<script type=\"application\/ld+json\" class=\"yoast-schema-graph\">{\"@context\":\"https:\/\/schema.org\",\"@graph\":[{\"@type\":\"WebPage\",\"@id\":\"https:\/\/metsauhistu.ee\/uuemetsaistutamine\/maaomanikule\/\",\"url\":\"https:\/\/metsauhistu.ee\/uuemetsaistutamine\/maaomanikule\/\",\"name\":\"Rajame Sinu maale koos uut metsa - Metsa\u00fchistu\",\"isPartOf\":{\"@id\":\"https:\/\/metsauhistu.ee\/uuemetsaistutamine\/#website\"},\"datePublished\":\"2023-02-27T08:25:01+00:00\",\"dateModified\":\"2026-01-05T06:01:56+00:00\",\"description\":\"Kui Sul on s\u00f6\u00f6tis seisev maalapp, siis aitame sellele istudada uut metsa, et t\u00f5sta maa v\u00e4\u00e4rtust ning v\u00e4hendada CO\u2082 jalaj\u00e4lge.\",\"breadcrumb\":{\"@id\":\"https:\/\/metsauhistu.ee\/uuemetsaistutamine\/maaomanikule\/#breadcrumb\"},\"inLanguage\":\"et\",\"potentialAction\":[{\"@type\":\"ReadAction\",\"target\":[\"https:\/\/metsauhistu.ee\/uuemetsaistutamine\/maaomanikule\/\"]}]},{\"@type\":\"BreadcrumbList\",\"@id\":\"https:\/\/metsauhistu.ee\/uuemetsaistutamine\/maaomanikule\/#breadcrumb\",\"itemListElement\":[{\"@type\":\"ListItem\",\"position\":1,\"name\":\"Home\",\"item\":\"https:\/\/metsauhistu.ee\/uuemetsaistutamine\/\"},{\"@type\":\"ListItem\",\"position\":2,\"name\":\"Maaomanikule\"}]},{\"@type\":\"WebSite\",\"@id\":\"https:\/\/metsauhistu.ee\/uuemetsaistutamine\/#website\",\"url\":\"https:\/\/metsauhistu.ee\/uuemetsaistutamine\/\",\"name\":\"Metsa\u00fchistu - Uue metsa istutamine\",\"description\":\"\",\"publisher\":{\"@id\":\"https:\/\/metsauhistu.ee\/uuemetsaistutamine\/#organization\"},\"potentialAction\":[{\"@type\":\"SearchAction\",\"target\":{\"@type\":\"EntryPoint\",\"urlTemplate\":\"https:\/\/metsauhistu.ee\/uuemetsaistutamine\/?s={search_term_string}\"},\"query-input\":{\"@type\":\"PropertyValueSpecification\",\"valueRequired\":true,\"valueName\":\"search_term_string\"}}],\"inLanguage\":\"et\"},{\"@type\":\"Organization\",\"@id\":\"https:\/\/metsauhistu.ee\/uuemetsaistutamine\/#organization\",\"name\":\"Metsa\u00fchistu - Uue metsa istutamine\",\"url\":\"https:\/\/metsauhistu.ee\/uuemetsaistutamine\/\",\"logo\":{\"@type\":\"ImageObject\",\"inLanguage\":\"et\",\"@id\":\"https:\/\/metsauhistu.ee\/uuemetsaistutamine\/#\/schema\/logo\/image\/\",\"url\":\"https:\/\/metsauhistu.ee\/uuemetsaistutamine\/wp-content\/uploads\/2023\/06\/mainlogo.svg\",\"contentUrl\":\"https:\/\/metsauhistu.ee\/uuemetsaistutamine\/wp-content\/uploads\/2023\/06\/mainlogo.svg\",\"width\":310,\"height\":56,\"caption\":\"Metsa\u00fchistu - Uue metsa istutamine\"},\"image\":{\"@id\":\"https:\/\/metsauhistu.ee\/uuemetsaistutamine\/#\/schema\/logo\/image\/\"},\"sameAs\":[\"https:\/\/www.facebook.com\/metsauhistu\",\"https:\/\/www.instagram.com\/metsauhistu\/\",\"https:\/\/www.youtube.com\/channel\/UC79u-jCtX562JWnRxFR26Tw\"]}]}<\/script>\n<!-- \/ Yoast SEO plugin. -->","yoast_head_json":{"title":"Rajame Sinu maale koos uut metsa - Metsa\u00fchistu","description":"Kui Sul on s\u00f6\u00f6tis seisev maalapp, siis aitame sellele istudada uut metsa, et t\u00f5sta maa v\u00e4\u00e4rtust ning v\u00e4hendada CO\u2082 jalaj\u00e4lge.","robots":{"index":"index","follow":"follow","max-snippet":"max-snippet:-1","max-image-preview":"max-image-preview:large","max-video-preview":"max-video-preview:-1"},"canonical":"https:\/\/metsauhistu.ee\/uuemetsaistutamine\/maaomanikule\/","og_locale":"et_EE","og_type":"article","og_title":"Rajame Sinu maale koos uut metsa - Metsa\u00fchistu","og_description":"Kui Sul on s\u00f6\u00f6tis seisev maalapp, siis aitame sellele istudada uut metsa, et t\u00f5sta maa v\u00e4\u00e4rtust ning v\u00e4hendada CO\u2082 jalaj\u00e4lge.","og_url":"https:\/\/metsauhistu.ee\/uuemetsaistutamine\/maaomanikule\/","og_site_name":"Metsa\u00fchistu","article_publisher":"https:\/\/www.facebook.com\/metsauhistu","article_modified_time":"2026-01-05T06:01:56+00:00","twitter_card":"summary_large_image","schema":{"@context":"https:\/\/schema.org","@graph":[{"@type":"WebPage","@id":"https:\/\/metsauhistu.ee\/uuemetsaistutamine\/maaomanikule\/","url":"https:\/\/metsauhistu.ee\/uuemetsaistutamine\/maaomanikule\/","name":"Rajame Sinu maale koos uut metsa - Metsa\u00fchistu","isPartOf":{"@id":"https:\/\/metsauhistu.ee\/uuemetsaistutamine\/#website"},"datePublished":"2023-02-27T08:25:01+00:00","dateModified":"2026-01-05T06:01:56+00:00","description":"Kui Sul on s\u00f6\u00f6tis seisev maalapp, siis aitame sellele istudada uut metsa, et t\u00f5sta maa v\u00e4\u00e4rtust ning v\u00e4hendada CO\u2082 jalaj\u00e4lge.","breadcrumb":{"@id":"https:\/\/metsauhistu.ee\/uuemetsaistutamine\/maaomanikule\/#breadcrumb"},"inLanguage":"et","potentialAction":[{"@type":"ReadAction","target":["https:\/\/metsauhistu.ee\/uuemetsaistutamine\/maaomanikule\/"]}]},{"@type":"BreadcrumbList","@id":"https:\/\/metsauhistu.ee\/uuemetsaistutamine\/maaomanikule\/#breadcrumb","itemListElement":[{"@type":"ListItem","position":1,"name":"Home","item":"https:\/\/metsauhistu.ee\/uuemetsaistutamine\/"},{"@type":"ListItem","position":2,"name":"Maaomanikule"}]},{"@type":"WebSite","@id":"https:\/\/metsauhistu.ee\/uuemetsaistutamine\/#website","url":"https:\/\/metsauhistu.ee\/uuemetsaistutamine\/","name":"Metsa\u00fchistu - Uue metsa istutamine","description":"","publisher":{"@id":"https:\/\/metsauhistu.ee\/uuemetsaistutamine\/#organization"},"potentialAction":[{"@type":"SearchAction","target":{"@type":"EntryPoint","urlTemplate":"https:\/\/metsauhistu.ee\/uuemetsaistutamine\/?s={search_term_string}"},"query-input":{"@type":"PropertyValueSpecification","valueRequired":true,"valueName":"search_term_string"}}],"inLanguage":"et"},{"@type":"Organization","@id":"https:\/\/metsauhistu.ee\/uuemetsaistutamine\/#organization","name":"Metsa\u00fchistu - Uue metsa istutamine","url":"https:\/\/metsauhistu.ee\/uuemetsaistutamine\/","logo":{"@type":"ImageObject","inLanguage":"et","@id":"https:\/\/metsauhistu.ee\/uuemetsaistutamine\/#\/schema\/logo\/image\/","url":"https:\/\/metsauhistu.ee\/uuemetsaistutamine\/wp-content\/uploads\/2023\/06\/mainlogo.svg","contentUrl":"https:\/\/metsauhistu.ee\/uuemetsaistutamine\/wp-content\/uploads\/2023\/06\/mainlogo.svg","width":310,"height":56,"caption":"Metsa\u00fchistu - Uue metsa istutamine"},"image":{"@id":"https:\/\/metsauhistu.ee\/uuemetsaistutamine\/#\/schema\/logo\/image\/"},"sameAs":["https:\/\/www.facebook.com\/metsauhistu","https:\/\/www.instagram.com\/metsauhistu\/","https:\/\/www.youtube.com\/channel\/UC79u-jCtX562JWnRxFR26Tw"]}]}},"_links":{"self":[{"href":"https:\/\/metsauhistu.ee\/uuemetsaistutamine\/wp-json\/wp\/v2\/pages\/96","targetHints":{"allow":["GET"]}}],"collection":[{"href":"https:\/\/metsauhistu.ee\/uuemetsaistutamine\/wp-json\/wp\/v2\/pages"}],"about":[{"href":"https:\/\/metsauhistu.ee\/uuemetsaistutamine\/wp-json\/wp\/v2\/types\/page"}],"author":[{"embeddable":true,"href":"https:\/\/metsauhistu.ee\/uuemetsaistutamine\/wp-json\/wp\/v2\/users\/1"}],"replies":[{"embeddable":true,"href":"https:\/\/metsauhistu.ee\/uuemetsaistutamine\/wp-json\/wp\/v2\/comments?post=96"}],"version-history":[{"count":26,"href":"https:\/\/metsauhistu.ee\/uuemetsaistutamine\/wp-json\/wp\/v2\/pages\/96\/revisions"}],"predecessor-version":[{"id":935,"href":"https:\/\/metsauhistu.ee\/uuemetsaistutamine\/wp-json\/wp\/v2\/pages\/96\/revisions\/935"}],"wp:attachment":[{"href":"https:\/\/metsauhistu.ee\/uuemetsaistutamine\/wp-json\/wp\/v2\/media?parent=96"}],"curies":[{"name":"wp","href":"https:\/\/api.w.org\/{rel}","templated":true}]}}